{"id":15078,"date":"2024-09-24T19:15:46","date_gmt":"2024-09-24T17:15:46","guid":{"rendered":"https:\/\/handbag-sense.com\/?post_type=product&#038;p=15078"},"modified":"2025-06-20T15:24:47","modified_gmt":"2025-06-20T13:24:47","slug":"chanel-timeless-maxi-double-flap","status":"publish","type":"product","link":"https:\/\/handbag-sense.com\/es\/producto\/chanel-timeless-maxi-double-flap\/","title":{"rendered":"Maxi Timeless Double Flap en Negro"},"content":{"rendered":"<div class=\"c-columns-m-1 c-columns-2 c-columns-gap-s\">\n<div><strong>Material:<\/strong> Piel de cordero<br \/>\n<strong>Color:<\/strong> Negro<br \/>\n<strong>Elementos met\u00e1licos:<\/strong> Herrajes Plateados<br \/>\n<strong>Material interior:<\/strong> Cuero<\/div>\n<div><strong>Grado: <\/strong> 3 <img decoding=\"async\" class=\"info_box alignnone size-medium wp-image-885\" title=\"Informaci\u00f3n\" role=\"img\" src=\"https:\/\/handbag-sense.com\/wp-content\/uploads\/2023\/05\/info_icon.svg\" alt=\"Cuadro de informaci\u00f3n\" width=\"15\" height=\"15\" \/><br \/>\n<strong>A\u00f1o de producci\u00f3n\/c\u00f3digo de serie:<\/strong> 2011, a partir de 147...<br \/>\n<strong>Tama\u00f1o:<\/strong> 33 x 23 x 10 cm<\/div>\n<\/div>\n<p><strong>Incluye:<\/strong> Bolsa para el polvo, caja<\/p>\n","protected":false},"excerpt":{"rendered":"<p><strong>Chanel Timeless Maxi Double Flap en Negro con Herrajes Plateados.<\/strong> El bolso Maxi Double Flap es un Chanel cl\u00e1sico y atemporal. Este bolso es ideal para cualquier ocasi\u00f3n y tiene espacio suficiente para todo.<\/p>\n<p>El bolso <strong>Chanel Maxi Flap<\/strong> es de piel de cordero negra con herrajes en tono plateado y cuenta con una solapa frontal con cierre de giro CC caracter\u00edstico, bolsillo trasero en forma de media luna y eslabones de cadena ajustables entretejidos en tono plateado y correa de hombro de cuero negro. La bolsa se divide en un compartimento principal, un bolsillo y un compartimento con cremallera. El forro es de piel en color rojo vino.<\/p>\n<p>El bolso se puede llevar colgado del hombro, as\u00ed como cruzado. Un bolso c\u00f3modo y elegante que es uno de los cl\u00e1sicos populares de Chanel. El bolso fue usado cuidadosamente y est\u00e1 en muy buenas condiciones, viene con una bolsa para el polvo de Chanel y una caja de Chanel.<\/p>\n","protected":false},"featured_media":18653,"template":"","meta":[],"product_brand":[2418],"product_cat":[1813,1860],"product_tag":[2355],"class_list":{"0":"post-15078","1":"product","2":"type-product","3":"status-publish","4":"has-post-thumbnail","6":"product_brand-chanel-es","7":"product_cat-bolso","8":"product_cat-bandolera","9":"product_tag-chanel-timeless-df-negro","10":"pa_brand-chanel-es","11":"pa_chanel-models-timeless-classique-es","12":"pa_color-negro","13":"pa_grade-grado-4","14":"pa_material-cuero","16":"first","17":"outofstock","18":"sold-individually","19":"shipping-taxable","20":"purchasable","21":"product-type-simple"},"_links":{"self":[{"href":"https:\/\/handbag-sense.com\/es\/wp-json\/wp\/v2\/product\/15078","targetHints":{"allow":["GET"]}}],"collection":[{"href":"https:\/\/handbag-sense.com\/es\/wp-json\/wp\/v2\/product"}],"about":[{"href":"https:\/\/handbag-sense.com\/es\/wp-json\/wp\/v2\/types\/product"}],"wp:featuredmedia":[{"embeddable":true,"href":"https:\/\/handbag-sense.com\/es\/wp-json\/wp\/v2\/media\/18653"}],"wp:attachment":[{"href":"https:\/\/handbag-sense.com\/es\/wp-json\/wp\/v2\/media?parent=15078"}],"wp:term":[{"taxonomy":"product_brand","embeddable":true,"href":"https:\/\/handbag-sense.com\/es\/wp-json\/wp\/v2\/product_brand?post=15078"},{"taxonomy":"product_cat","embeddable":true,"href":"https:\/\/handbag-sense.com\/es\/wp-json\/wp\/v2\/product_cat?post=15078"},{"taxonomy":"product_tag","embeddable":true,"href":"https:\/\/handbag-sense.com\/es\/wp-json\/wp\/v2\/product_tag?post=15078"}],"curies":[{"name":"wp","href":"https:\/\/api.w.org\/{rel}","templated":true}]}}