{"id":14972,"date":"2024-09-19T17:35:40","date_gmt":"2024-09-19T15:35:40","guid":{"rendered":"https:\/\/handbag-sense.com\/?post_type=product&#038;p=14972"},"modified":"2025-06-20T15:25:36","modified_gmt":"2025-06-20T13:25:36","slug":"hermes-kelly-40-retourne-togo-etoupe","status":"publish","type":"product","link":"https:\/\/handbag-sense.com\/es\/producto\/hermes-kelly-40-retourne-togo-etoupe\/","title":{"rendered":"Kelly 40 Retourne Togo Etoupe"},"content":{"rendered":"<div class=\"c-columns-m-1 c-columns-2 c-columns-gap-s\">\n<div><strong>Material:<\/strong> Cuero Togo Color<br \/>\n<strong>:<\/strong> Etoupe<br \/>\n<strong>Elementos met\u00e1licos:<\/strong> Paladio Herrajes<br \/>\n<strong>Material interior:<\/strong> Cuero<\/div>\n<div><strong>Grado:<\/strong> 2 <img decoding=\"async\" class=\"info_box alignnone size-medium wp-image-885\" title=\"Informaci\u00f3n\" role=\"img\" src=\"https:\/\/handbag-sense.com\/wp-content\/uploads\/2023\/05\/info_icon.svg\" alt=\"Cuadro de informaci\u00f3n\" width=\"15\" height=\"15\"><br \/>\n<strong>A\u00f1o de producci\u00f3n \/ Sello:<\/strong> 2014 \/ Q<br \/>\n<strong>Tama\u00f1o:<\/strong> 40 x 28 x 15 cm<br \/>\n<strong>Env\u00edo:<\/strong> A todo el mundo<\/div>\n<div><\/div>\n<p><strong>Incluye:<\/strong> Recibo original, bolsa guardapolvo, correa, clochette, cerradura, llaves<\/p>\n<\/div>\n","protected":false},"excerpt":{"rendered":"<p><strong>Herm\u00e8s Kelly 40 Retourne Togo Etoupe con herrajes de paladio.<\/strong><\/p>\n<p>Este ic\u00f3nico bolso Herm\u00e8s Kelly 40 Retourne est\u00e1 hecho a mano en piel Togo de color Etoupe, complementado con herrajes de paladio. Esta bolsa Kelly se ha probado solo una vez y permanece como nueva. Viene completo con un candado, dos llaves, la correa para el hombro original, una bolsa para el polvo y un recibo de Herm\u00e8s. El Kelly 40 tambi\u00e9n se puede llevar con elegancia como bolso bandolera, a\u00f1adiendo versatilidad a su atractivo atemporal.   <\/p>\n<p>Como s\u00edmbolo de sofisticaci\u00f3n y clase, el Herm\u00e8s Kelly ha sido un emblema de lujo durante d\u00e9cadas. Esta bolsa en particular tiene el sello 'Q', lo que la marca como una producci\u00f3n de 2013. <\/p>\n<p>&nbsp;<\/p>\n","protected":false},"featured_media":14966,"template":"","meta":[],"product_brand":[2433],"product_cat":[1813],"product_tag":[2358,2359],"class_list":{"0":"post-14972","1":"product","2":"type-product","3":"status-publish","4":"has-post-thumbnail","6":"product_brand-hermes-es","7":"product_cat-bolso","8":"product_tag-hermes-kelly-40-es","9":"product_tag-kelly-togo-etoupe-es","10":"pa_brand-hermes-es","11":"pa_color-taupe-es","12":"pa_grade-grado-3","13":"pa_hermes-models-kelly-es","14":"pa_material-cuero","16":"first","17":"outofstock","18":"shipping-taxable","19":"product-type-simple"},"_links":{"self":[{"href":"https:\/\/handbag-sense.com\/es\/wp-json\/wp\/v2\/product\/14972","targetHints":{"allow":["GET"]}}],"collection":[{"href":"https:\/\/handbag-sense.com\/es\/wp-json\/wp\/v2\/product"}],"about":[{"href":"https:\/\/handbag-sense.com\/es\/wp-json\/wp\/v2\/types\/product"}],"wp:featuredmedia":[{"embeddable":true,"href":"https:\/\/handbag-sense.com\/es\/wp-json\/wp\/v2\/media\/14966"}],"wp:attachment":[{"href":"https:\/\/handbag-sense.com\/es\/wp-json\/wp\/v2\/media?parent=14972"}],"wp:term":[{"taxonomy":"product_brand","embeddable":true,"href":"https:\/\/handbag-sense.com\/es\/wp-json\/wp\/v2\/product_brand?post=14972"},{"taxonomy":"product_cat","embeddable":true,"href":"https:\/\/handbag-sense.com\/es\/wp-json\/wp\/v2\/product_cat?post=14972"},{"taxonomy":"product_tag","embeddable":true,"href":"https:\/\/handbag-sense.com\/es\/wp-json\/wp\/v2\/product_tag?post=14972"}],"curies":[{"name":"wp","href":"https:\/\/api.w.org\/{rel}","templated":true}]}}