{"id":14933,"date":"2024-09-07T09:11:25","date_gmt":"2024-09-07T07:11:25","guid":{"rendered":"https:\/\/handbag-sense.com\/?post_type=product&#038;p=14933"},"modified":"2025-06-20T15:25:37","modified_gmt":"2025-06-20T13:25:37","slug":"hermes-kelly-mini-epsom-vert-jade-bleu-paradise","status":"publish","type":"product","link":"https:\/\/handbag-sense.com\/es\/producto\/hermes-kelly-mini-epsom-vert-jade-bleu-paradise\/","title":{"rendered":"Kelly Mini Epsom Vert Jade \/ Bleu Paradise"},"content":{"rendered":"<div class=\"c-columns-m-1 c-columns-2 c-columns-gap-s\">\n<div><strong>Material:<\/strong> Cuero<br \/>\n Epsom<strong>Color:<\/strong> Vert Jade \/ Bleu Paradise<br \/>\n<strong>Elementos met\u00e1licos:<\/strong> Paladio Herrajes<br \/>\n<strong>Material interior:<\/strong> Cuero<\/div>\n<div><strong>Grado:<\/strong> 1 <img decoding=\"async\" class=\"info_box alignnone size-medium wp-image-885\" title=\"Informaci\u00f3n\" role=\"img\" src=\"https:\/\/handbag-sense.com\/wp-content\/uploads\/2023\/05\/info_icon.svg\" alt=\"Cuadro de informaci\u00f3n\" width=\"15\" height=\"15\"><br \/>\n<strong>A\u00f1o de producci\u00f3n \/ Sello:<\/strong> 2024 \/ B<br \/>\n<strong>Tama\u00f1o:<\/strong> 20 x 12 x 6 cm<br \/>\n<strong>Env\u00edo:<\/strong> A todo el mundo<\/div>\n<\/div>\n<p><strong>Incluye:<\/strong> Recibo original, bolsa guardapolvo, correa, fieltro, folleto, caja<\/p>\n","protected":false},"excerpt":{"rendered":"<p><strong>Herm\u00e8s Kelly Mini Epsom Vert Jade \/ Bleu Paradise con herrajes de paladio.<\/strong> Experimente el encanto del <strong>Herm\u00e8s Kelly 20 Mini<\/strong> Epsom en el color Vert Jade, una exquisita obra maestra en miniatura que eleva su estilo a un nuevo nivel. Los herrajes plateados y la correa en 2 colores: Vert Jade y Bleu Paradise a\u00f1aden una dimensi\u00f3n extra de elegancia al bolso, mientras que la duradera piel Epsom proporciona una sensaci\u00f3n lujosa y una est\u00e9tica atemporal.  Esta hermosa Kelly 20 en estilo Sellier es absolutamente nueva y nunca se usa, viene con el recibo original de 2024. Se incluyen una correa para el hombro, una bolsa para el polvo de Herm\u00e8s y la caja naranja. Tambi\u00e9n se puede llevar maravillosamente como bandolera. El <strong>bolso Mini Kelly<\/strong> es perfecto para aquellos que aprecian los detalles m\u00e1s finos. Con su tama\u00f1o compacto, es el compa\u00f1ero ideal para ocasiones especiales o como un accesorio elegante para el uso diario. Ya sea como un regalo especial o una pieza llamativa para tu estilo individual, este bolso Mini Kelly perfeccionar\u00e1 tu look de una manera sutil. Hazte ya con tu <strong>Kelly 20 Mini<\/strong> y explora el mundo del lujo en miniatura.<\/p>\n","protected":false},"featured_media":18413,"template":"","meta":[],"product_brand":[2433],"product_cat":[1818,1840,1838,1822],"product_tag":[1873,1870,1872,2044],"class_list":{"0":"post-14933","1":"product","2":"type-product","3":"status-publish","4":"has-post-thumbnail","6":"product_brand-hermes-es","7":"product_cat-bolso-pequeno","8":"product_cat-clutch-pochette","9":"product_cat-bolso-de-noche","10":"product_cat-accesorio","11":"product_tag-hermes-kelly-20-es","12":"product_tag-hermes-kelly-mini-es","13":"product_tag-kelly-mini-epsom-es","14":"product_tag-kelly-mini-tricolor","15":"pa_brand-hermes-es","16":"pa_color-azul","17":"pa_color-verde","18":"pa_grade-grado-1","19":"pa_hermes-models-kelly-es","20":"pa_material-cuero","22":"first","23":"outofstock","24":"shipping-taxable","25":"product-type-simple"},"_links":{"self":[{"href":"https:\/\/handbag-sense.com\/es\/wp-json\/wp\/v2\/product\/14933","targetHints":{"allow":["GET"]}}],"collection":[{"href":"https:\/\/handbag-sense.com\/es\/wp-json\/wp\/v2\/product"}],"about":[{"href":"https:\/\/handbag-sense.com\/es\/wp-json\/wp\/v2\/types\/product"}],"wp:featuredmedia":[{"embeddable":true,"href":"https:\/\/handbag-sense.com\/es\/wp-json\/wp\/v2\/media\/18413"}],"wp:attachment":[{"href":"https:\/\/handbag-sense.com\/es\/wp-json\/wp\/v2\/media?parent=14933"}],"wp:term":[{"taxonomy":"product_brand","embeddable":true,"href":"https:\/\/handbag-sense.com\/es\/wp-json\/wp\/v2\/product_brand?post=14933"},{"taxonomy":"product_cat","embeddable":true,"href":"https:\/\/handbag-sense.com\/es\/wp-json\/wp\/v2\/product_cat?post=14933"},{"taxonomy":"product_tag","embeddable":true,"href":"https:\/\/handbag-sense.com\/es\/wp-json\/wp\/v2\/product_tag?post=14933"}],"curies":[{"name":"wp","href":"https:\/\/api.w.org\/{rel}","templated":true}]}}