{"id":14436,"date":"2024-08-14T17:44:33","date_gmt":"2024-08-14T15:44:33","guid":{"rendered":"https:\/\/handbag-sense.com\/?post_type=product&#038;p=14436"},"modified":"2025-06-20T15:25:38","modified_gmt":"2025-06-20T13:25:38","slug":"hermes-birkin-25-togo-hss-negro-vert-rousseau","status":"publish","type":"product","link":"https:\/\/handbag-sense.com\/es\/producto\/hermes-birkin-25-togo-hss-negro-vert-rousseau\/","title":{"rendered":"Birkin 25 Togo HSS Negro \/ Vert Rousseau"},"content":{"rendered":"<div class=\"c-columns-m-1 c-columns-2 c-columns-gap-s\">\n<div><strong>Material:<\/strong> Cuero Togo Color<br \/>\n<strong>:<\/strong> Negro \/ Vert Rousseau<br \/>\n<strong>Elementos met\u00e1licos:<\/strong> Oro rosa Herrajes<br \/>\n<strong>Material interior:<\/strong> Cuero<\/div>\n<div><strong>Grado: <\/strong> 1 <img decoding=\"async\" class=\"info_box alignnone size-medium wp-image-885\" title=\"Informaci\u00f3n\" role=\"img\" src=\"https:\/\/handbag-sense.com\/wp-content\/uploads\/2023\/05\/info_icon.svg\" alt=\"Cuadro de informaci\u00f3n\" width=\"15\" height=\"15\"><br \/>\n<strong>A\u00f1o de producci\u00f3n \/ Sello:<\/strong> 2024 \/ W<br \/>\n<strong>Tama\u00f1o:<\/strong> 25 x 20 x 13 cm<br \/>\n<strong>Env\u00edo: A<\/strong> todo el mundo<\/div>\n<\/div>\n<p><strong>Incluye:<\/strong> Recibo original, bolsa guardapolvo, clochette, cerradura, llaves, fieltro, folleto, caja<\/p>\n","protected":false},"excerpt":{"rendered":"<p><strong>Herm\u00e8s Birkin 25 Togo HSS (Sello de herradura) negro \/ Vert Rousseau Herrajes de oro rosa.<\/strong><\/p>\n<p>Este raro bolso Birkin 25 HSS presenta un llamativo dise\u00f1o bicolor en Negro y Vert Rousseau. Los herrajes de oro rosa a\u00f1aden una capa extra de elegancia, mientras que el cuero Togo ofrece una sensaci\u00f3n lujosa y una est\u00e9tica atemporal. Este bolso Birkin bicolor HSS es perfecto para aquellos que aprecian los detalles m\u00e1s finos.  <\/p>\n<div class=\"group\/conversation-turn relative flex w-full min-w-0 flex-col agent-turn\">\n<div class=\"flex-col gap-1 md:gap-3\">\n<div class=\"flex max-w-full flex-col flex-grow\">\n<div class=\"min-h-[20px] text-message flex w-full flex-col items-end gap-2 whitespace-pre-wrap break-words [.text-message+&amp;]:mt-5 overflow-x-auto\" dir=\"auto\" data-message-author-role=\"assistant\" data-message-id=\"7fc87e00-bc3c-459e-8bbb-c7621a833ad4\">\n<div class=\"flex w-full flex-col gap-1 empty:hidden first:pt-[3px]\">\n<div class=\"markdown prose w-full break-words dark:prose-invert light\">\n<p>El Birkin 25 HSS es completamente nuevo, nunca usado y tiene el sello W. Viene con el recibo original de 2024. Como pieza de colecci\u00f3n muy especial en el tama\u00f1o de 25 cm, se ofrece exclusivamente a una clientela VIP. <\/p>\n<p>Esta pieza incluye una clochette, un candado con dos llaves, la bolsa guardapolvo de la firma Herm\u00e8s y la ic\u00f3nica caja naranja. Con su tama\u00f1o compacto, es el compa\u00f1ero ideal para ocasiones especiales o como un accesorio elegante para el uso diario. Ya sea como un regalo bien pensado o como una pieza llamativa para tu estilo personal, este bolso Birkin 25 perfeccionar\u00e1 sutilmente tu look.  <\/p>\n<\/div>\n<\/div>\n<\/div>\n<\/div>\n<\/div>\n<\/div>\n","protected":false},"featured_media":18410,"template":"","meta":[],"product_brand":[2433],"product_cat":[1813],"product_tag":[2361,1914,2147],"class_list":{"0":"post-14436","1":"product","2":"type-product","3":"status-publish","4":"has-post-thumbnail","6":"product_brand-hermes-es","7":"product_cat-bolso","8":"product_tag-birkin-25-hss-es","9":"product_tag-hermes-birkin-25-es","10":"product_tag-hermes-birkin-hss-es","11":"pa_brand-hermes-es","12":"pa_color-negro","13":"pa_grade-grado-1","14":"pa_hermes-models-birkin-es","15":"pa_material-cuero","17":"first","18":"outofstock","19":"shipping-taxable","20":"product-type-simple"},"_links":{"self":[{"href":"https:\/\/handbag-sense.com\/es\/wp-json\/wp\/v2\/product\/14436","targetHints":{"allow":["GET"]}}],"collection":[{"href":"https:\/\/handbag-sense.com\/es\/wp-json\/wp\/v2\/product"}],"about":[{"href":"https:\/\/handbag-sense.com\/es\/wp-json\/wp\/v2\/types\/product"}],"wp:featuredmedia":[{"embeddable":true,"href":"https:\/\/handbag-sense.com\/es\/wp-json\/wp\/v2\/media\/18410"}],"wp:attachment":[{"href":"https:\/\/handbag-sense.com\/es\/wp-json\/wp\/v2\/media?parent=14436"}],"wp:term":[{"taxonomy":"product_brand","embeddable":true,"href":"https:\/\/handbag-sense.com\/es\/wp-json\/wp\/v2\/product_brand?post=14436"},{"taxonomy":"product_cat","embeddable":true,"href":"https:\/\/handbag-sense.com\/es\/wp-json\/wp\/v2\/product_cat?post=14436"},{"taxonomy":"product_tag","embeddable":true,"href":"https:\/\/handbag-sense.com\/es\/wp-json\/wp\/v2\/product_tag?post=14436"}],"curies":[{"name":"wp","href":"https:\/\/api.w.org\/{rel}","templated":true}]}}