{"id":14395,"date":"2024-08-07T17:06:14","date_gmt":"2024-08-07T15:06:14","guid":{"rendered":"https:\/\/handbag-sense.com\/?post_type=product&#038;p=14395"},"modified":"2025-06-20T15:25:47","modified_gmt":"2025-06-20T13:25:47","slug":"hermes-kelly-pochette-swift-gold","status":"publish","type":"product","link":"https:\/\/handbag-sense.com\/es\/producto\/hermes-kelly-pochette-swift-gold\/","title":{"rendered":"Kelly Pochette Swift Oro"},"content":{"rendered":"<div class=\"c-columns-m-1 c-columns-2 c-columns-gap-s\">\n<div><strong>Material:<\/strong> Cuero<br \/>\n Swift<strong>Color:<\/strong> Oro<br \/>\n<strong>Elementos met\u00e1licos:<\/strong> Oro Herrajes Material<br \/>\n<strong>interior:<\/strong> Cuero<\/div>\n<div><strong>Grado:<\/strong> 1 <img decoding=\"async\" class=\"info_box alignnone size-medium wp-image-885\" title=\"Informaci\u00f3n\" role=\"img\" src=\"https:\/\/handbag-sense.com\/wp-content\/uploads\/2023\/05\/info_icon.svg\" alt=\"Cuadro de informaci\u00f3n\" width=\"15\" height=\"15\"><br \/>\n<strong>A\u00f1o de producci\u00f3n \/ Sello:<\/strong> 2023 \/ B<br \/>\n<strong>Tama\u00f1o:<\/strong> 22 x 13 x 7 cm<br \/>\n<strong>Env\u00edo:<\/strong> A todo el mundo<\/div>\n<\/div>\n","protected":false},"excerpt":{"rendered":"<p><strong>Herm\u00e8s Kelly Pochette Swift Gold Herrajes dorados. <\/strong>Esta <strong>exquisita Pochette Kelly de Herm\u00e8s<\/strong> est\u00e1 hecha a mano con cuero Swift en el cl\u00e1sico color dorado, complementada con elegantes herrajes dorados. Dise\u00f1ado para ser vers\u00e1til, se puede llevar como bolso de mano de noche o combinarse con el collar Farandole para usar como bandolera o bolso de hombro. El bolso presenta costuras tonales y un cierre caracter\u00edstico de Kelly en la parte delantera. El interior est\u00e1 forrado con cuero dorado e incluye un bolsillo abierto para una f\u00e1cil organizaci\u00f3n. Esta Kelly Pochette est\u00e1 estampada con una 'B' y est\u00e1 en condiciones nuevas y sin usar. La compra incluye el recibo original de 2023, una bolsa para el polvo y la ic\u00f3nica caja naranja.     <\/p>\n","protected":false},"featured_media":18404,"template":"","meta":[],"product_brand":[2433],"product_cat":[1818,1840,1838],"product_tag":[2143,2364],"class_list":{"0":"post-14395","1":"product","2":"type-product","3":"status-publish","4":"has-post-thumbnail","6":"product_brand-hermes-es","7":"product_cat-bolso-pequeno","8":"product_cat-clutch-pochette","9":"product_cat-bolso-de-noche","10":"product_tag-hermes-kelly-pochette-es","11":"product_tag-kelly-pochette-oro","12":"pa_brand-hermes-es","13":"pa_color-oro","14":"pa_grade-grado-1","15":"pa_material-cuero","17":"first","18":"outofstock","19":"sold-individually","20":"product-type-simple"},"_links":{"self":[{"href":"https:\/\/handbag-sense.com\/es\/wp-json\/wp\/v2\/product\/14395","targetHints":{"allow":["GET"]}}],"collection":[{"href":"https:\/\/handbag-sense.com\/es\/wp-json\/wp\/v2\/product"}],"about":[{"href":"https:\/\/handbag-sense.com\/es\/wp-json\/wp\/v2\/types\/product"}],"wp:featuredmedia":[{"embeddable":true,"href":"https:\/\/handbag-sense.com\/es\/wp-json\/wp\/v2\/media\/18404"}],"wp:attachment":[{"href":"https:\/\/handbag-sense.com\/es\/wp-json\/wp\/v2\/media?parent=14395"}],"wp:term":[{"taxonomy":"product_brand","embeddable":true,"href":"https:\/\/handbag-sense.com\/es\/wp-json\/wp\/v2\/product_brand?post=14395"},{"taxonomy":"product_cat","embeddable":true,"href":"https:\/\/handbag-sense.com\/es\/wp-json\/wp\/v2\/product_cat?post=14395"},{"taxonomy":"product_tag","embeddable":true,"href":"https:\/\/handbag-sense.com\/es\/wp-json\/wp\/v2\/product_tag?post=14395"}],"curies":[{"name":"wp","href":"https:\/\/api.w.org\/{rel}","templated":true}]}}