{"id":14125,"date":"2024-07-27T13:07:26","date_gmt":"2024-07-27T11:07:26","guid":{"rendered":"https:\/\/handbag-sense.com\/?post_type=product&#038;p=14125"},"modified":"2025-06-20T15:25:55","modified_gmt":"2025-06-20T13:25:55","slug":"hermes-birkin-35-de-cocodrilo-mate-en-color-gris-elephant","status":"publish","type":"product","link":"https:\/\/handbag-sense.com\/es\/producto\/hermes-birkin-35-de-cocodrilo-mate-en-color-gris-elephant\/","title":{"rendered":"Birkin 35 Caim\u00e1n Elefante Gris Mate"},"content":{"rendered":"<div class=\"c-columns-m-1 c-columns-2 c-columns-gap-s\">\n<div><strong>Material:<\/strong> Cocodrilo Color mate<br \/>\n<strong>:<\/strong> Gris Elefante<br \/>\n<strong>Elementos met\u00e1licos:<\/strong> Paladio Herrajes<br \/>\n<strong>Material interior:<\/strong> Cuero<\/div>\n<div><strong>Grado: <\/strong>4 <img decoding=\"async\" class=\"info_box alignnone size-medium wp-image-885\" title=\"Informaci\u00f3n\" role=\"img\" src=\"https:\/\/handbag-sense.com\/wp-content\/uploads\/2023\/05\/info_icon.svg\" alt=\"Cuadro de informaci\u00f3n\" width=\"15\" height=\"15\"><br \/>\n<strong>A\u00f1o de producci\u00f3n \/ Sello:<\/strong> 2011 \/ O<br \/>\n<strong>Tama\u00f1o:<\/strong> 35 x 25 x 18 cm<br \/>\n<strong>Env\u00edo:<\/strong> a toda Europa<\/div>\n<\/div>\n<p><strong>Incluye:<\/strong> Bolsa guardapolvo, clochette, llaves, cerradura, chubasquero<\/p>\n","protected":false},"excerpt":{"rendered":"<p><strong>Herm\u00e8s Birkin 35 Cocodrilo Gris Mate Elefante Paladio Herrajes.  <\/strong>Este ic\u00f3nico Birkin 35 est\u00e1 hecho a mano con piel de alig\u00e1tor mate de alta calidad y marcado con el s\u00edmbolo (\ufe0e \u25fb) en el relieve. El sello ciego \"O\" en un cuadrado indica el a\u00f1o de fabricaci\u00f3n 2011. Este raro bolso Birkin en Gris Elephant con herrajes de paladio es un absoluto punto de atracci\u00f3n.  <\/p>\n<p>La bolsa est\u00e1 en muy buen estado y viene con los siguientes accesorios: bolsa para el polvo, clochette, candado, llaves y protecci\u00f3n contra la lluvia.<\/p>\n","protected":false},"featured_media":14339,"template":"","meta":[],"product_brand":[2433],"product_cat":[1813],"product_tag":[2365,1895],"class_list":{"0":"post-14125","1":"product","2":"type-product","3":"status-publish","4":"has-post-thumbnail","6":"product_brand-hermes-es","7":"product_cat-bolso","8":"product_tag-birkin-35-caiman","9":"product_tag-bolso-birkin-hermes","10":"pa_brand-hermes-es","11":"pa_color-marron","12":"pa_color-gris","13":"pa_grade-grado-3","14":"pa_grade-grado-4","15":"pa_hermes-models-birkin-es","16":"pa_material-cuero-exotico","18":"first","19":"outofstock","20":"sold-individually","21":"shipping-taxable","22":"product-type-simple"},"_links":{"self":[{"href":"https:\/\/handbag-sense.com\/es\/wp-json\/wp\/v2\/product\/14125","targetHints":{"allow":["GET"]}}],"collection":[{"href":"https:\/\/handbag-sense.com\/es\/wp-json\/wp\/v2\/product"}],"about":[{"href":"https:\/\/handbag-sense.com\/es\/wp-json\/wp\/v2\/types\/product"}],"wp:featuredmedia":[{"embeddable":true,"href":"https:\/\/handbag-sense.com\/es\/wp-json\/wp\/v2\/media\/14339"}],"wp:attachment":[{"href":"https:\/\/handbag-sense.com\/es\/wp-json\/wp\/v2\/media?parent=14125"}],"wp:term":[{"taxonomy":"product_brand","embeddable":true,"href":"https:\/\/handbag-sense.com\/es\/wp-json\/wp\/v2\/product_brand?post=14125"},{"taxonomy":"product_cat","embeddable":true,"href":"https:\/\/handbag-sense.com\/es\/wp-json\/wp\/v2\/product_cat?post=14125"},{"taxonomy":"product_tag","embeddable":true,"href":"https:\/\/handbag-sense.com\/es\/wp-json\/wp\/v2\/product_tag?post=14125"}],"curies":[{"name":"wp","href":"https:\/\/api.w.org\/{rel}","templated":true}]}}