{"id":14122,"date":"2024-07-26T19:17:04","date_gmt":"2024-07-26T17:17:04","guid":{"rendered":"https:\/\/handbag-sense.com\/?post_type=product&#038;p=14122"},"modified":"2025-06-20T15:26:42","modified_gmt":"2025-06-20T13:26:42","slug":"hermes-birkin-35-togo-blue-jean","status":"publish","type":"product","link":"https:\/\/handbag-sense.com\/es\/producto\/hermes-birkin-35-togo-blue-jean\/","title":{"rendered":"Birkin 35 Togo Blue Jean"},"content":{"rendered":"<div class=\"c-columns-m-1 c-columns-2 c-columns-gap-s\">\n<div><strong>Material:<\/strong> Piel Togo Color<br \/>\n<strong>:<\/strong> Azul vaquero<br \/>\n<strong>Elementos met\u00e1licos:<\/strong> Paladio Herrajes<br \/>\n<strong>Material interior:<\/strong> Piel<\/div>\n<div><strong>Grado: <\/strong> 4 <img decoding=\"async\" class=\"info_box alignnone size-medium wp-image-885\" title=\"Informaci\u00f3n\" role=\"img\" src=\"https:\/\/handbag-sense.com\/wp-content\/uploads\/2023\/05\/info_icon.svg\" alt=\"Cuadro de informaci\u00f3n\" width=\"15\" height=\"15\"><br \/>\n<strong>A\u00f1o de producci\u00f3n \/ Sello:<\/strong> 2009 \/ M<br \/>\n<strong>Tama\u00f1o:<\/strong> 35 x 25 x 18 cm<br \/>\n<strong>Env\u00edo:<\/strong> A todo el mundo<\/div>\n<\/div>\n<p><strong>Incluye:<\/strong> Bolsa guardapolvo, clochette, cerradura, llaves<\/p>\n","protected":false},"excerpt":{"rendered":"<p><strong>Herm\u00e8s Birkin 35 Togo Blue Jean con herrajes de paladio<\/strong>. Eleva tu estilo con este ic\u00f3nico Birkin 35, hecho a mano con cuero Togo en el cl\u00e1sico color Blue Jean, perfectamente complementado con elegantes herrajes de paladio.  Este bolso cuenta con asas de cuero enrollado, una parte superior segura y un cierre de correa coronado con un refinado cierre giratorio de paladio. Reconocido por su versatilidad y amplitud, este bolso tan codiciado es ideal para diversas ocasiones, ya que se adapta sin esfuerzo a elementos esenciales como su computadora port\u00e1til, agenda y tel\u00e9fono, lo que lo convierte en el mejor compa\u00f1ero para entornos profesionales. En muy buen estado, este Birkin presenta algunos ara\u00f1azos en los herrajes. Viene con la bolsa para el polvo, la clocheta y el juego de llaves de Herm\u00e8s. Este <strong>Birkin 35 Blue Jean<\/strong> es m\u00e1s que un bolso; Es una declaraci\u00f3n de gusto exquisito y lujo funcional. <\/p>\n","protected":false},"featured_media":14013,"template":"","meta":[],"product_brand":[2433],"product_cat":[1813],"product_tag":[1892,1893],"class_list":{"0":"post-14122","1":"product","2":"type-product","3":"status-publish","4":"has-post-thumbnail","6":"product_brand-hermes-es","7":"product_cat-bolso","8":"product_tag-birkin-35-togo-es","9":"product_tag-hermes-birkin-35-es","10":"pa_brand-hermes-es","11":"pa_color-azul","12":"pa_grade-grado-4","13":"pa_hermes-models-birkin-es","14":"pa_material-cuero","16":"first","17":"outofstock","18":"shipping-taxable","19":"product-type-simple"},"_links":{"self":[{"href":"https:\/\/handbag-sense.com\/es\/wp-json\/wp\/v2\/product\/14122","targetHints":{"allow":["GET"]}}],"collection":[{"href":"https:\/\/handbag-sense.com\/es\/wp-json\/wp\/v2\/product"}],"about":[{"href":"https:\/\/handbag-sense.com\/es\/wp-json\/wp\/v2\/types\/product"}],"wp:featuredmedia":[{"embeddable":true,"href":"https:\/\/handbag-sense.com\/es\/wp-json\/wp\/v2\/media\/14013"}],"wp:attachment":[{"href":"https:\/\/handbag-sense.com\/es\/wp-json\/wp\/v2\/media?parent=14122"}],"wp:term":[{"taxonomy":"product_brand","embeddable":true,"href":"https:\/\/handbag-sense.com\/es\/wp-json\/wp\/v2\/product_brand?post=14122"},{"taxonomy":"product_cat","embeddable":true,"href":"https:\/\/handbag-sense.com\/es\/wp-json\/wp\/v2\/product_cat?post=14122"},{"taxonomy":"product_tag","embeddable":true,"href":"https:\/\/handbag-sense.com\/es\/wp-json\/wp\/v2\/product_tag?post=14122"}],"curies":[{"name":"wp","href":"https:\/\/api.w.org\/{rel}","templated":true}]}}