{"id":14118,"date":"2024-07-26T18:20:26","date_gmt":"2024-07-26T16:20:26","guid":{"rendered":"https:\/\/handbag-sense.com\/?post_type=product&#038;p=14118"},"modified":"2025-06-20T15:26:36","modified_gmt":"2025-06-20T13:26:36","slug":"hermes-birkin-35-de-cocodrilo-mate-en-color-maiz","status":"publish","type":"product","link":"https:\/\/handbag-sense.com\/es\/producto\/hermes-birkin-35-de-cocodrilo-mate-en-color-maiz\/","title":{"rendered":"Birkin 35 de Cocodrilo Mate en Color Ma\u00edz"},"content":{"rendered":"<div class=\"c-columns-m-1 c-columns-2 c-columns-gap-s\">\n<div><strong>Material:<\/strong> Cocodrilo Mate<br \/>\n<strong>Color:<\/strong> Ma\u00edz<br \/>\n<strong>Elementos met\u00e1licos:<\/strong> Herrajes de paladio<br \/>\n<strong>Material interior:<\/strong> Cuero<\/div>\n<div><strong>Calificaci\u00f3n: <\/strong>3\/4 <img decoding=\"async\" class=\"info_box alignnone size-medium wp-image-885\" title=\"Informaci\u00f3n\" role=\"img\" src=\"https:\/\/handbag-sense.com\/wp-content\/uploads\/2023\/05\/info_icon.svg\" alt=\"Cuadro de informaci\u00f3n\" width=\"15\" height=\"15\" \/><br \/>\n<strong>A\u00f1o de producci\u00f3n \/ Sello:<\/strong> 2009 \/ M<br \/>\n<strong>Tama\u00f1o:<\/strong> 35 x 25 x 18 cm<br \/>\n<strong>Naviero:<\/strong> Mundial<\/div>\n<\/div>\n<p><strong>Incluye:<\/strong> certificado CITES, bolsa guardapolvo, clochette, llaves, cerradura, fieltro, impermeable<\/p>\n","protected":false},"excerpt":{"rendered":"<div class=\"flex-shrink-0 flex flex-col relative items-end\">\n<div>\n<div class=\"pt-0\">\n<div class=\"gizmo-shadow-stroke flex h-8 w-8 items-center justify-center overflow-hidden rounded-full\">\n<div class=\"h-full w-full\">\n<div class=\"gizmo-shadow-stroke overflow-hidden rounded-full\"><strong>Herm\u00e8s Birkin 35 de Cocodrilo Mate en Color Ma\u00edz con herrajes de paladio<\/strong>. Este ic\u00f3nico Birkin 35 est\u00e1 confeccionado con cuero de cocodrilo mate de alta calidad y marcado con el s\u00edmbolo (\u25fb\ufe0e) en el grabado. El sello ciego \"M\" en un cuadrado indica el a\u00f1o de fabricaci\u00f3n 2009. Este raro bolso Birkin en color ma\u00edz con herrajes de paladio es un verdadero atractivo.<\/div>\n<\/div>\n<\/div>\n<\/div>\n<\/div>\n<\/div>\n<div class=\"group\/conversation-turn relative flex w-full min-w-0 flex-col agent-turn\">\n<div class=\"flex-col gap-1 md:gap-3\">\n<div class=\"flex flex-grow flex-col max-w-full\">\n<div class=\"min-h-[20px] text-message flex w-full flex-col items-end gap-2 whitespace-pre-wrap break-words [.text-message+&amp;]:mt-5 overflow-x-auto\" dir=\"auto\" data-message-author-role=\"assistant\" data-message-id=\"5a35532e-b612-4356-8e86-31e19a363b90\">\n<div class=\"flex w-full flex-col gap-1 empty:hidden first:pt-[3px]\">\n<div class=\"markdown prose w-full break-words dark:prose-invert light\">\n<p>El bolso est\u00e1 en muy buenas condiciones y viene con los siguientes accesorios: certificado CITES, bolsa de polvo, clochette, candado, llaves, fieltro y protecci\u00f3n contra la lluvia.<\/p>\n<\/div>\n<\/div>\n<\/div>\n<\/div>\n<\/div>\n<\/div>\n","protected":false},"featured_media":14046,"template":"","meta":[],"product_brand":[2433],"product_cat":[1813],"product_tag":[2365,1895],"class_list":{"0":"post-14118","1":"product","2":"type-product","3":"status-publish","4":"has-post-thumbnail","6":"product_brand-hermes-es","7":"product_cat-bolso","8":"product_tag-birkin-35-caiman","9":"product_tag-bolso-birkin-hermes","10":"pa_brand-hermes-es","11":"pa_color-oro","12":"pa_color-amarillo","13":"pa_grade-grado-3","14":"pa_grade-grado-4","15":"pa_hermes-models-birkin-es","16":"pa_material-cuero-exotico","18":"first","19":"outofstock","20":"sold-individually","21":"shipping-taxable","22":"product-type-simple"},"_links":{"self":[{"href":"https:\/\/handbag-sense.com\/es\/wp-json\/wp\/v2\/product\/14118","targetHints":{"allow":["GET"]}}],"collection":[{"href":"https:\/\/handbag-sense.com\/es\/wp-json\/wp\/v2\/product"}],"about":[{"href":"https:\/\/handbag-sense.com\/es\/wp-json\/wp\/v2\/types\/product"}],"wp:featuredmedia":[{"embeddable":true,"href":"https:\/\/handbag-sense.com\/es\/wp-json\/wp\/v2\/media\/14046"}],"wp:attachment":[{"href":"https:\/\/handbag-sense.com\/es\/wp-json\/wp\/v2\/media?parent=14118"}],"wp:term":[{"taxonomy":"product_brand","embeddable":true,"href":"https:\/\/handbag-sense.com\/es\/wp-json\/wp\/v2\/product_brand?post=14118"},{"taxonomy":"product_cat","embeddable":true,"href":"https:\/\/handbag-sense.com\/es\/wp-json\/wp\/v2\/product_cat?post=14118"},{"taxonomy":"product_tag","embeddable":true,"href":"https:\/\/handbag-sense.com\/es\/wp-json\/wp\/v2\/product_tag?post=14118"}],"curies":[{"name":"wp","href":"https:\/\/api.w.org\/{rel}","templated":true}]}}