{"id":13955,"date":"2024-07-09T17:56:05","date_gmt":"2024-07-09T15:56:05","guid":{"rendered":"https:\/\/handbag-sense.com\/?post_type=product&#038;p=13955"},"modified":"2025-06-20T15:29:09","modified_gmt":"2025-06-20T13:29:09","slug":"hermes-hac-a-dos-pm-togo-plomb-mochila","status":"publish","type":"product","link":"https:\/\/handbag-sense.com\/es\/producto\/hermes-hac-a-dos-pm-togo-plomb-mochila\/","title":{"rendered":"Hac A Dos PM Togo Plomb Mochila"},"content":{"rendered":"<div class=\"c-columns-m-1 c-columns-2 c-columns-gap-s\">\n<div><strong>Material:<\/strong> Togo Cuero<br \/>\n<strong>Color:<\/strong> Plomb<br \/>\n<strong>Elementos met\u00e1licos:<\/strong> Herrajes de paladio<br \/>\n<strong>Material interior:<\/strong> Cuero<\/div>\n<div><strong>Grado:<\/strong> 1 <img decoding=\"async\" class=\"info_box alignnone size-medium wp-image-885\" title=\"Informaci\u00f3n\" role=\"img\" src=\"https:\/\/handbag-sense.com\/wp-content\/uploads\/2023\/05\/info_icon.svg\" alt=\"Cuadro de informaci\u00f3n\" width=\"15\" height=\"15\" \/><br \/>\n<strong>A\u00f1o de producci\u00f3n\/Sello:<\/strong> 2023\/B<br \/>\n<strong>Tama\u00f1o:<\/strong> 28 x 18 x 8 cm<br \/>\n<strong>Naviero:<\/strong> Mundial<\/div>\n<\/div>\n<p><strong>Incluye:<\/strong> Recibo original, bolsa guardapolvo, clochette, cerradura, llaves, impermeable, folleto, caja<\/p>\n","protected":false},"excerpt":{"rendered":"<p><strong>Herm\u00e8s Hac A Dos PM Togo Plomb Mochila con Herrajes de Paladio.<\/strong> Esta mochila HAC A Dos PM est\u00e1 confeccionada en cuero Togo Plomb con herrajes de paladio. Presenta costuras tonales, dos correas con cierre frontal de palanca y una correa de hombro ajustable. El interior est\u00e1 forrado con cuero de cordero Plomb e incluye un bolsillo abierto en la pared trasera. Un nuevo imprescindible para los hombres, la mochila Hac A Dos es perfecta para el uso diario. Remonta a las ra\u00edces de la ic\u00f3nica l\u00ednea Haut \u00e0 Courroies, con su pulido de cuero, costura a mano, correas y cierre de palanca. Con una correa de hombro ancha y ajustable, ofrece opciones de transporte flexibles, tanto en la espalda como al lado. La mochila Herm\u00e8s Hac A Dos Plomb est\u00e1 en condiciones completamente nuevas, e incluye la factura original fechada en 2023.<\/p>\n","protected":false},"featured_media":13503,"template":"","meta":[],"product_brand":[2433],"product_cat":[1845],"product_tag":[2136],"class_list":{"0":"post-13955","1":"product","2":"type-product","3":"status-publish","4":"has-post-thumbnail","6":"product_brand-hermes-es","7":"product_cat-mochila","8":"product_tag-hermes-hac-a-dos-es","9":"pa_brand-hermes-es","10":"pa_color-negro","11":"pa_color-gris","12":"pa_grade-grado-1","13":"pa_hermes-models-otros-modelos","14":"pa_material-cuero","16":"first","17":"outofstock","18":"shipping-taxable","19":"purchasable","20":"product-type-simple"},"_links":{"self":[{"href":"https:\/\/handbag-sense.com\/es\/wp-json\/wp\/v2\/product\/13955","targetHints":{"allow":["GET"]}}],"collection":[{"href":"https:\/\/handbag-sense.com\/es\/wp-json\/wp\/v2\/product"}],"about":[{"href":"https:\/\/handbag-sense.com\/es\/wp-json\/wp\/v2\/types\/product"}],"wp:featuredmedia":[{"embeddable":true,"href":"https:\/\/handbag-sense.com\/es\/wp-json\/wp\/v2\/media\/13503"}],"wp:attachment":[{"href":"https:\/\/handbag-sense.com\/es\/wp-json\/wp\/v2\/media?parent=13955"}],"wp:term":[{"taxonomy":"product_brand","embeddable":true,"href":"https:\/\/handbag-sense.com\/es\/wp-json\/wp\/v2\/product_brand?post=13955"},{"taxonomy":"product_cat","embeddable":true,"href":"https:\/\/handbag-sense.com\/es\/wp-json\/wp\/v2\/product_cat?post=13955"},{"taxonomy":"product_tag","embeddable":true,"href":"https:\/\/handbag-sense.com\/es\/wp-json\/wp\/v2\/product_tag?post=13955"}],"curies":[{"name":"wp","href":"https:\/\/api.w.org\/{rel}","templated":true}]}}