{"id":13606,"date":"2024-06-28T17:58:56","date_gmt":"2024-06-28T15:58:56","guid":{"rendered":"https:\/\/handbag-sense.com\/?post_type=product&#038;p=13606"},"modified":"2025-06-20T15:29:20","modified_gmt":"2025-06-20T13:29:20","slug":"hermes-kelly-28-sellier-epsom-negro","status":"publish","type":"product","link":"https:\/\/handbag-sense.com\/es\/producto\/hermes-kelly-28-sellier-epsom-negro\/","title":{"rendered":"Kelly 28 Sellier Epsom Negro"},"content":{"rendered":"<div class=\"c-columns-m-1 c-columns-2 c-columns-gap-s\">\n<div><strong>Material:<\/strong> Cuero Epsom<br \/>\n<strong>Color:<\/strong> Negro<br \/>\n<strong>Elementos met\u00e1licos:<\/strong> Herrajes de paladio<br \/>\n<strong>Material interior:<\/strong> Cuero<\/div>\n<div><strong>Grado:<\/strong> 1 <img decoding=\"async\" class=\"info_box alignnone size-medium wp-image-885\" title=\"Informaci\u00f3n\" role=\"img\" src=\"https:\/\/handbag-sense.com\/wp-content\/uploads\/2023\/05\/info_icon.svg\" alt=\"Cuadro de informaci\u00f3n\" width=\"15\" height=\"15\" \/><br \/>\n<strong>A\u00f1o de producci\u00f3n\/Sello:<\/strong> 2024 \/ W<br \/>\n<strong>Tama\u00f1o:<\/strong> 28 x 22 x 10cm<br \/>\n<strong>Naviero:<\/strong> Mundial<\/div>\n<\/div>\n<p><strong>Incluye:<\/strong> Recibo original, bolsa guardapolvo, correa, clochette, cerradura, llaves, impermeable, fieltro, folleto, caja<\/p>\n","protected":false},"excerpt":{"rendered":"<p><strong>Herm\u00e8s Kelly 28 Sellier Epsom Negro con Herrajes de Paladio<\/strong>\u00a0: un icono de elegancia atemporal. Eleva tu estilo con este exquisito\u00a0<strong>Kelly 28 Sellier<\/strong>\u00a0hecho a mano en el cl\u00e1sico cuero Epsom negro y adornado con herrajes de paladio, este bolso es una verdadera obra maestra que pasa sin esfuerzo del denim informal al glamuroso atuendo de noche. Ya sea que lo combines con jeans o tacones altos y vestidos, este bolso Kelly es tu declaraci\u00f3n de moda definitiva. Correa para el hombro: Ll\u00e9valo como bolso de mano o c\u00f3modamente sobre el hombro con la correa incluida. Este\u00a0<strong>Kelly 28 Epsom Black<\/strong> est\u00e1 a estrenar y nunca se ha usado, tiene el sello W para el a\u00f1o 2024. Experimente la magia de Herm\u00e8s hoy. \u00a1Haz tu pedido ahora y a\u00f1ade este exquisito <strong>Kelly 25 Negro<\/strong>\u00a0a tu colecci\u00f3n!<\/p>\n","protected":false},"featured_media":18392,"template":"","meta":[],"product_brand":[2433],"product_cat":[1813],"product_tag":[2007,2006],"class_list":{"0":"post-13606","1":"product","2":"type-product","3":"status-publish","4":"has-post-thumbnail","6":"product_brand-hermes-es","7":"product_cat-bolso","8":"product_tag-hermes-kelly-28-es","9":"product_tag-kelly-28-negro","10":"pa_brand-hermes-es","11":"pa_color-negro","12":"pa_grade-grado-1","13":"pa_hermes-models-kelly-es","14":"pa_material-cuero","16":"first","17":"outofstock","18":"sold-individually","19":"shipping-taxable","20":"product-type-simple"},"_links":{"self":[{"href":"https:\/\/handbag-sense.com\/es\/wp-json\/wp\/v2\/product\/13606","targetHints":{"allow":["GET"]}}],"collection":[{"href":"https:\/\/handbag-sense.com\/es\/wp-json\/wp\/v2\/product"}],"about":[{"href":"https:\/\/handbag-sense.com\/es\/wp-json\/wp\/v2\/types\/product"}],"wp:featuredmedia":[{"embeddable":true,"href":"https:\/\/handbag-sense.com\/es\/wp-json\/wp\/v2\/media\/18392"}],"wp:attachment":[{"href":"https:\/\/handbag-sense.com\/es\/wp-json\/wp\/v2\/media?parent=13606"}],"wp:term":[{"taxonomy":"product_brand","embeddable":true,"href":"https:\/\/handbag-sense.com\/es\/wp-json\/wp\/v2\/product_brand?post=13606"},{"taxonomy":"product_cat","embeddable":true,"href":"https:\/\/handbag-sense.com\/es\/wp-json\/wp\/v2\/product_cat?post=13606"},{"taxonomy":"product_tag","embeddable":true,"href":"https:\/\/handbag-sense.com\/es\/wp-json\/wp\/v2\/product_tag?post=13606"}],"curies":[{"name":"wp","href":"https:\/\/api.w.org\/{rel}","templated":true}]}}