{"id":13540,"date":"2024-06-20T18:12:56","date_gmt":"2024-06-20T16:12:56","guid":{"rendered":"https:\/\/handbag-sense.com\/?post_type=product&#038;p=13540"},"modified":"2025-06-20T15:29:31","modified_gmt":"2025-06-20T13:29:31","slug":"chanel-jersey-acolchada-graffiti-reissue-flap-bag-en-azul-marino","status":"publish","type":"product","link":"https:\/\/handbag-sense.com\/es\/producto\/chanel-jersey-acolchada-graffiti-reissue-flap-bag-en-azul-marino\/","title":{"rendered":"Chanel Jersey Acolchada Graffiti Reissue Flap Bag en Azul Marino"},"content":{"rendered":"<div class=\"c-columns-m-1 c-columns-2 c-columns-gap-s\">\n<div><strong>Material:<\/strong> Jersey<br \/>\n<strong>Color:<\/strong> Azul Marino<br \/>\n<strong>Elementos met\u00e1licos:<\/strong> Herrajes rutenio<br \/>\n<strong>Material interior:<\/strong> Cuero<\/div>\n<div><strong>Calificaci\u00f3n: <\/strong>2 <img decoding=\"async\" class=\"info_box alignnone size-medium wp-image-885\" title=\"Informaci\u00f3n\" role=\"img\" src=\"https:\/\/handbag-sense.com\/wp-content\/uploads\/2023\/05\/info_icon.svg\" alt=\"Cuadro de informaci\u00f3n\" width=\"15\" height=\"15\" \/><br \/>\n<strong>A\u00f1o de producci\u00f3n\/c\u00f3digo de serie:<\/strong> 2019, a partir de 295...<br \/>\n<strong>Medidas:<\/strong> 25 x 15 x 7,5 cm<\/div>\n<\/div>\n","protected":false},"excerpt":{"rendered":"<p><strong>Chanel Jersey Acolchada Graffiti Reissue Flap Bag en Azul Marino.<\/strong> Esta aut\u00e9ntica bolsa de hombro CHANEL Graffiti Reissue 225 Flap Bag est\u00e1 magistralmente elaborada con tela acolchada en forma de diamante en un llamativo tono azul oscuro, adornada con motivos art\u00edsticos de camelia y los ic\u00f3nicos logotipos de Chanel, creando un efecto de graffiti moderno. La bolsa cuenta con correas de hombro de cadena Mademoiselle de rutenio pulido que a\u00f1aden un toque de sofisticaci\u00f3n, complementando el cierre giratorio cuadrado Mademoiselle. La solapa frontal se abre con gracia para revelar un interior de cuero azul oscuro, dise\u00f1ado cuidadosamente con bolsillos de parche para una organizaci\u00f3n sin esfuerzo. En estado casi nuevo, esta CHANEL Reissue 225 Flap Bag promete ser una valiosa adici\u00f3n a su colecci\u00f3n. Viene completa con una tarjeta de autenticidad, una bolsa de polvo y la caja original de Chanel.<\/p>\n","protected":false},"featured_media":13446,"template":"","meta":[],"product_brand":[2418],"product_cat":[1813],"product_tag":[],"class_list":{"0":"post-13540","1":"product","2":"type-product","3":"status-publish","4":"has-post-thumbnail","6":"product_brand-chanel-es","7":"product_cat-bolso","8":"pa_brand-chanel-es","9":"pa_chanel-models-2-55-es","10":"pa_chanel-models-timeless-classique-es","11":"pa_color-azul","12":"pa_color-marina","13":"pa_color-blanco","14":"pa_grade-grado-4","15":"pa_material-cuero","17":"first","18":"outofstock","19":"sold-individually","20":"product-type-simple"},"_links":{"self":[{"href":"https:\/\/handbag-sense.com\/es\/wp-json\/wp\/v2\/product\/13540","targetHints":{"allow":["GET"]}}],"collection":[{"href":"https:\/\/handbag-sense.com\/es\/wp-json\/wp\/v2\/product"}],"about":[{"href":"https:\/\/handbag-sense.com\/es\/wp-json\/wp\/v2\/types\/product"}],"wp:featuredmedia":[{"embeddable":true,"href":"https:\/\/handbag-sense.com\/es\/wp-json\/wp\/v2\/media\/13446"}],"wp:attachment":[{"href":"https:\/\/handbag-sense.com\/es\/wp-json\/wp\/v2\/media?parent=13540"}],"wp:term":[{"taxonomy":"product_brand","embeddable":true,"href":"https:\/\/handbag-sense.com\/es\/wp-json\/wp\/v2\/product_brand?post=13540"},{"taxonomy":"product_cat","embeddable":true,"href":"https:\/\/handbag-sense.com\/es\/wp-json\/wp\/v2\/product_cat?post=13540"},{"taxonomy":"product_tag","embeddable":true,"href":"https:\/\/handbag-sense.com\/es\/wp-json\/wp\/v2\/product_tag?post=13540"}],"curies":[{"name":"wp","href":"https:\/\/api.w.org\/{rel}","templated":true}]}}