{"id":13535,"date":"2024-06-19T18:34:16","date_gmt":"2024-06-19T16:34:16","guid":{"rendered":"https:\/\/handbag-sense.com\/?post_type=product&#038;p=13535"},"modified":"2025-06-20T15:29:40","modified_gmt":"2025-06-20T13:29:40","slug":"hermes-evelyne-16-taurillon-clemence-rouge-h","status":"publish","type":"product","link":"https:\/\/handbag-sense.com\/es\/producto\/hermes-evelyne-16-taurillon-clemence-rouge-h\/","title":{"rendered":"Evelyne 16 Taurillon Clemence Rouge H"},"content":{"rendered":"<div class=\"c-columns-m-1 c-columns-2 c-columns-gap-s\">\n<div><strong>Material:<\/strong> Taurillon Clemence<br \/>\n<strong>Color:<\/strong> Rouge H<br \/>\n<strong>Elementos met\u00e1licos:<\/strong> Herrajes dorados<br \/>\n<strong>Material interior:<\/strong> Piel natural<\/div>\n<div><strong>Grado: <\/strong> 1 <img decoding=\"async\" class=\"info_box alignnone size-medium wp-image-885\" title=\"Informaci\u00f3n\" role=\"img\" src=\"https:\/\/handbag-sense.com\/wp-content\/uploads\/2023\/05\/info_icon.svg\" alt=\"Cuadro de informaci\u00f3n\" width=\"15\" height=\"15\" \/><br \/>\n<strong>A\u00f1o de producci\u00f3n\/Sello:<\/strong> 2023 \/ B<br \/>\n<strong>Tama\u00f1o:<\/strong> 16 x 18 x 5 cm<br \/>\n<strong>Naviero:<\/strong> Mundial<\/div>\n<\/div>\n<p><strong>Incluye:<\/strong> Recibo original, bolsa guardapolvo, correa, caja<\/p>\n","protected":false},"excerpt":{"rendered":"<p><strong>Herm\u00e8s Evelyne 16 Taurillon Clemence Rouge H con Herrajes Dorados<\/strong>. Este elegante Mini Evelyne en el color Rouge H est\u00e1 hecho de cuero Taurillon Clemence estructurado con herrajes dorados. El bolso tiene costuras tonales, un cierre de cord\u00f3n y un \u00f3valo perforado con la H de Hermes en la parte delantera. El bolso se abre con una correa cruzada a un interior de cuero natural. Est\u00e1 equipado con una correa de hombro\/para cruzar removible hecha de lona y cuero en el color dorado. \u00a1Este es un hermoso bolso de mensajero de Hermes, ideal para las necesidades diarias! El bolso est\u00e1 absolutamente nuevo.<\/p>\n","protected":false},"featured_media":13524,"template":"","meta":[],"product_brand":[2433],"product_cat":[1818],"product_tag":[2342],"class_list":{"0":"post-13535","1":"product","2":"type-product","3":"status-publish","4":"has-post-thumbnail","6":"product_brand-hermes-es","7":"product_cat-bolso-pequeno","8":"product_tag-hermes-evelyne-16-es","9":"pa_brand-hermes-es","10":"pa_color-burdeos","11":"pa_color-rojo","12":"pa_grade-grado-1","13":"pa_hermes-models-evelyne-es","14":"pa_material-cuero","16":"first","17":"outofstock","18":"shipping-taxable","19":"product-type-simple"},"_links":{"self":[{"href":"https:\/\/handbag-sense.com\/es\/wp-json\/wp\/v2\/product\/13535","targetHints":{"allow":["GET"]}}],"collection":[{"href":"https:\/\/handbag-sense.com\/es\/wp-json\/wp\/v2\/product"}],"about":[{"href":"https:\/\/handbag-sense.com\/es\/wp-json\/wp\/v2\/types\/product"}],"wp:featuredmedia":[{"embeddable":true,"href":"https:\/\/handbag-sense.com\/es\/wp-json\/wp\/v2\/media\/13524"}],"wp:attachment":[{"href":"https:\/\/handbag-sense.com\/es\/wp-json\/wp\/v2\/media?parent=13535"}],"wp:term":[{"taxonomy":"product_brand","embeddable":true,"href":"https:\/\/handbag-sense.com\/es\/wp-json\/wp\/v2\/product_brand?post=13535"},{"taxonomy":"product_cat","embeddable":true,"href":"https:\/\/handbag-sense.com\/es\/wp-json\/wp\/v2\/product_cat?post=13535"},{"taxonomy":"product_tag","embeddable":true,"href":"https:\/\/handbag-sense.com\/es\/wp-json\/wp\/v2\/product_tag?post=13535"}],"curies":[{"name":"wp","href":"https:\/\/api.w.org\/{rel}","templated":true}]}}