{"id":13527,"date":"2024-06-17T16:52:44","date_gmt":"2024-06-17T14:52:44","guid":{"rendered":"https:\/\/handbag-sense.com\/?post_type=product&#038;p=13527"},"modified":"2025-06-20T15:29:52","modified_gmt":"2025-06-20T13:29:52","slug":"hermes-birkin-30-sellier-veau-madame-negro","status":"publish","type":"product","link":"https:\/\/handbag-sense.com\/es\/producto\/hermes-birkin-30-sellier-veau-madame-negro\/","title":{"rendered":"Birkin 30 Sellier Veau Madame Negro"},"content":{"rendered":"<div class=\"c-columns-m-1 c-columns-2 c-columns-gap-s\">\n<div><strong>Material:<\/strong> Cuero Veau Madame<br \/>\n<strong>Color:<\/strong> Negro<br \/>\n<strong>Elementos met\u00e1licos:<\/strong> Herrajes de paladio<br \/>\n<strong>Material interior:<\/strong> Cuero<\/div>\n<div><strong>Grado: <\/strong> 1 <img decoding=\"async\" class=\"info_box alignnone size-medium wp-image-885\" title=\"Informaci\u00f3n\" role=\"img\" src=\"https:\/\/handbag-sense.com\/wp-content\/uploads\/2023\/05\/info_icon.svg\" alt=\"Cuadro de informaci\u00f3n\" width=\"15\" height=\"15\" \/><br \/>\n<strong>A\u00f1o de producci\u00f3n \/ Sello:<\/strong> 2024 \/ W<br \/>\n<strong>Tama\u00f1o:<\/strong> 30 x 22 x 16 cm<br \/>\n<strong>Naviero:<\/strong> Mundial<\/div>\n<\/div>\n<p><strong>Incluye:<\/strong> Recibo original, bolsa guardapolvo, clochette, cerradura, llaves, fieltro, folleto, caja<\/p>\n","protected":false},"excerpt":{"rendered":"<p><strong>Herm\u00e8s Birkin 30 Sellier Veau Madame Negro con Herrajes de Paladio<\/strong>.\u00a0Este raro bolso Birkin 30 en estilo Sellier est\u00e1 hecho a mano con cuero Veau Madame en el cl\u00e1sico color negro, complementado con herrajes plateados. El Herm\u00e8s Birkin 30 es un \u00edcono permanente en el mundo de los bolsos de alta gama y ha sido celebrado durante mucho tiempo por su elegancia y clase incomparables. Este Birkin 30 Sellier en particular viene completo con una clochette, un candado con dos llaves, una bolsa de polvo Herm\u00e8s y la ic\u00f3nica caja naranja. El bolso Herm\u00e8s Birkin 30 Sellier Noir est\u00e1 en estado completamente nuevo, y la factura original de 2024 est\u00e1 incluida. Este Birkin no es solo un bolso, sino un s\u00edmbolo de estilo atemporal y una joya culminante en cualquier colecci\u00f3n de lujo.<\/p>\n","protected":false},"featured_media":18389,"template":"","meta":[],"product_brand":[2433],"product_cat":[1813],"product_tag":[1899,2074],"class_list":{"0":"post-13527","1":"product","2":"type-product","3":"status-publish","4":"has-post-thumbnail","6":"product_brand-hermes-es","7":"product_cat-bolso","8":"product_tag-birkin-30-negro","9":"product_tag-hermes-birkin-sellier-es","10":"pa_brand-hermes-es","11":"pa_color-negro","12":"pa_grade-grado-1","13":"pa_hermes-models-birkin-es","14":"pa_material-cuero","16":"first","17":"outofstock","18":"shipping-taxable","19":"product-type-simple"},"_links":{"self":[{"href":"https:\/\/handbag-sense.com\/es\/wp-json\/wp\/v2\/product\/13527","targetHints":{"allow":["GET"]}}],"collection":[{"href":"https:\/\/handbag-sense.com\/es\/wp-json\/wp\/v2\/product"}],"about":[{"href":"https:\/\/handbag-sense.com\/es\/wp-json\/wp\/v2\/types\/product"}],"wp:featuredmedia":[{"embeddable":true,"href":"https:\/\/handbag-sense.com\/es\/wp-json\/wp\/v2\/media\/18389"}],"wp:attachment":[{"href":"https:\/\/handbag-sense.com\/es\/wp-json\/wp\/v2\/media?parent=13527"}],"wp:term":[{"taxonomy":"product_brand","embeddable":true,"href":"https:\/\/handbag-sense.com\/es\/wp-json\/wp\/v2\/product_brand?post=13527"},{"taxonomy":"product_cat","embeddable":true,"href":"https:\/\/handbag-sense.com\/es\/wp-json\/wp\/v2\/product_cat?post=13527"},{"taxonomy":"product_tag","embeddable":true,"href":"https:\/\/handbag-sense.com\/es\/wp-json\/wp\/v2\/product_tag?post=13527"}],"curies":[{"name":"wp","href":"https:\/\/api.w.org\/{rel}","templated":true}]}}