{"id":13203,"date":"2024-06-12T18:09:16","date_gmt":"2024-06-12T16:09:16","guid":{"rendered":"https:\/\/handbag-sense.com\/?post_type=product&#038;p=13203"},"modified":"2025-06-20T15:29:59","modified_gmt":"2025-06-20T13:29:59","slug":"hermes-birkin-35-togo-rubis","status":"publish","type":"product","link":"https:\/\/handbag-sense.com\/es\/producto\/hermes-birkin-35-togo-rubis\/","title":{"rendered":"Birkin 35 Togo Rubis"},"content":{"rendered":"<div class=\"c-columns-m-1 c-columns-2 c-columns-gap-s\">\n<div><strong>Material:<\/strong> Cuero Togo<br \/>\n<strong>Color:<\/strong> rubis<br \/>\n<strong>Elementos met\u00e1licos:<\/strong> Herrajes de paladio<br \/>\n<strong>Material interior:<\/strong> Cuero<\/div>\n<div><strong>Grado: <\/strong>2<strong>\/<\/strong>3 <img decoding=\"async\" class=\"info_box alignnone size-medium wp-image-885\" title=\"Informaci\u00f3n\" role=\"img\" src=\"https:\/\/handbag-sense.com\/wp-content\/uploads\/2023\/05\/info_icon.svg\" alt=\"Cuadro de informaci\u00f3n\" width=\"15\" height=\"15\" \/><br \/>\n<strong>A\u00f1o de producci\u00f3n\/Sello:<\/strong> 2008 \/ L<br \/>\n<strong>Tama\u00f1o:<\/strong> 35 x 25 x 18 cm<br \/>\n<strong>Naviero:<\/strong> Mundial<\/div>\n<\/div>\n<p><strong>Incluye:<\/strong> bolsa guardapolvo, clochette, llaves, cerradura, fieltro<\/p>\n","protected":false},"excerpt":{"rendered":"<p><strong>Herm\u00e8s Birkin 35 Togo Rubis con herrajes de paladio. <\/strong>Este ic\u00f3nico bolso Birkin 35 est\u00e1 hecho a mano con cuero Togo en color rub\u00ed, complementado perfectamente con elegantes herrajes de paladio. El bolso cuenta con asas de cuero enrollado, una parte superior segura y un cierre de correa coronado con un refinado cierre giratorio de paladio. Conocido por su versatilidad y amplitud, este bolso tan buscado es ideal para diversas ocasiones, acomodando sin esfuerzo elementos esenciales como tu port\u00e1til, diario y tel\u00e9fono, lo que lo convierte en el compa\u00f1ero definitivo para entornos profesionales. El bolso se us\u00f3 dos veces, por lo que est\u00e1 en excelentes condiciones, como nuevo, y los herrajes a\u00fan est\u00e1n cubiertos con la pel\u00edcula protectora. Viene con una bolsa de polvo, clochette y juego de llaves. Este Birkin 35 Rubis es m\u00e1s que un bolso; es una declaraci\u00f3n de gusto exquisito y lujo funcional.<\/p>\n","protected":false},"featured_media":13065,"template":"","meta":[],"product_brand":[2433],"product_cat":[1813],"product_tag":[1892,1893],"class_list":{"0":"post-13203","1":"product","2":"type-product","3":"status-publish","4":"has-post-thumbnail","6":"product_brand-hermes-es","7":"product_cat-bolso","8":"product_tag-birkin-35-togo-es","9":"product_tag-hermes-birkin-35-es","10":"pa_brand-hermes-es","11":"pa_color-rojo","12":"pa_grade-grado-2","13":"pa_grade-grado-3","14":"pa_hermes-models-birkin-es","15":"pa_material-cuero","17":"first","18":"outofstock","19":"shipping-taxable","20":"purchasable","21":"product-type-simple"},"_links":{"self":[{"href":"https:\/\/handbag-sense.com\/es\/wp-json\/wp\/v2\/product\/13203","targetHints":{"allow":["GET"]}}],"collection":[{"href":"https:\/\/handbag-sense.com\/es\/wp-json\/wp\/v2\/product"}],"about":[{"href":"https:\/\/handbag-sense.com\/es\/wp-json\/wp\/v2\/types\/product"}],"wp:featuredmedia":[{"embeddable":true,"href":"https:\/\/handbag-sense.com\/es\/wp-json\/wp\/v2\/media\/13065"}],"wp:attachment":[{"href":"https:\/\/handbag-sense.com\/es\/wp-json\/wp\/v2\/media?parent=13203"}],"wp:term":[{"taxonomy":"product_brand","embeddable":true,"href":"https:\/\/handbag-sense.com\/es\/wp-json\/wp\/v2\/product_brand?post=13203"},{"taxonomy":"product_cat","embeddable":true,"href":"https:\/\/handbag-sense.com\/es\/wp-json\/wp\/v2\/product_cat?post=13203"},{"taxonomy":"product_tag","embeddable":true,"href":"https:\/\/handbag-sense.com\/es\/wp-json\/wp\/v2\/product_tag?post=13203"}],"curies":[{"name":"wp","href":"https:\/\/api.w.org\/{rel}","templated":true}]}}