{"id":13106,"date":"2024-06-11T22:04:59","date_gmt":"2024-06-11T20:04:59","guid":{"rendered":"https:\/\/handbag-sense.com\/?post_type=product&#038;p=13106"},"modified":"2025-06-20T15:30:06","modified_gmt":"2025-06-20T13:30:06","slug":"hemes-birkin-30-togo-verso-blue-nuit-orange-poppy-copy","status":"publish","type":"product","link":"https:\/\/handbag-sense.com\/es\/producto\/hemes-birkin-30-togo-verso-blue-nuit-orange-poppy-copy\/","title":{"rendered":"Birkin 30 Togo Verso Blue Nuit \/ Orange Poppy"},"content":{"rendered":"<div class=\"c-columns-m-1 c-columns-2 c-columns-gap-s\">\n<div><strong>Material:<\/strong> Cuero Togo<br \/>\n<strong>Color:<\/strong> Blue Nuit \/ Orange Poppy<br \/>\n<strong>Elementos met\u00e1licos:<\/strong> Herrajes de paladio<br \/>\n<strong>Material interior:<\/strong> Cuero<\/div>\n<div><strong>Calificaci\u00f3n: <\/strong>3<strong>\/<\/strong>4 <img decoding=\"async\" class=\"info_box alignnone size-medium wp-image-885\" title=\"Informaci\u00f3n\" role=\"img\" src=\"https:\/\/handbag-sense.com\/wp-content\/uploads\/2023\/05\/info_icon.svg\" alt=\"Cuadro de informaci\u00f3n\" width=\"15\" height=\"15\" \/><br \/>\n<strong>A\u00f1o de producci\u00f3n \/ Sello:<\/strong> 2017 \/ A<br \/>\n<strong>Tama\u00f1o:<\/strong> 30 x 22 x 16 cm<br \/>\n<strong>Naviero:<\/strong> Mundial<\/div>\n<\/div>\n<p><strong>Incluye:<\/strong> Caja, bolsa guardapolvo, clochette, llaves, cerradura, fieltro, impermeable<\/p>\n","protected":false},"excerpt":{"rendered":"<div class=\"flex-shrink-0 flex flex-col relative items-end\">\n<div>\n<div class=\"pt-0.5 juice:pt-0\">\n<div class=\"gizmo-shadow-stroke flex h-6 w-6 items-center justify-center overflow-hidden rounded-full juice:h-8 juice:w-8\">\n<div class=\"h-6 w-6 juice:h-full juice:w-full\">\n<div class=\"gizmo-shadow-stroke overflow-hidden rounded-full\"><strong>Herm\u00e8s Birkin 30 Togo Verso Blue Nuit \/ Orange Poppy Hardware de Paladio. <\/strong>Este lujoso bolso Herm\u00e8s Birkin 30 Togo Verso, exquisitamente elaborado en cuero Togo en dos colores - Blue Nuit y Orange Poppy en el interior, est\u00e1 adornado con herrajes de paladio a juego, elevando su elegancia. Este Herm\u00e8s Birkin 30 en particular ha sido cuidado meticulosamente y se mantiene en muy buen estado, casi excelente. Incluido con este cl\u00e1sico bolso est\u00e1n la clochette de cuero, un juego de llaves, la bolsa de polvo de Herm\u00e8s y la caja original de Herm\u00e8s. Este <strong>Birkin Verso<\/strong> es un verdadero testamento al estilo atemporal y al lujo refinado, lo que lo convierte en una pieza codiciada para cualquier coleccionista exigente o aficionado a la moda.<\/div>\n<\/div>\n<\/div>\n<\/div>\n<\/div>\n<\/div>\n","protected":false},"featured_media":13098,"template":"","meta":[],"product_brand":[2433],"product_cat":[1813],"product_tag":[1905,1895,1897],"class_list":{"0":"post-13106","1":"product","2":"type-product","3":"status-publish","4":"has-post-thumbnail","6":"product_brand-hermes-es","7":"product_cat-bolso","8":"product_tag-birkin-30-togo-es","9":"product_tag-bolso-birkin-hermes","10":"product_tag-hermes-birkin-30-es","11":"pa_brand-hermes-es","12":"pa_color-azul","13":"pa_color-naranja","14":"pa_grade-grado-4","15":"pa_hermes-models-birkin-es","16":"pa_material-cuero","18":"first","19":"outofstock","20":"sold-individually","21":"product-type-simple"},"_links":{"self":[{"href":"https:\/\/handbag-sense.com\/es\/wp-json\/wp\/v2\/product\/13106","targetHints":{"allow":["GET"]}}],"collection":[{"href":"https:\/\/handbag-sense.com\/es\/wp-json\/wp\/v2\/product"}],"about":[{"href":"https:\/\/handbag-sense.com\/es\/wp-json\/wp\/v2\/types\/product"}],"wp:featuredmedia":[{"embeddable":true,"href":"https:\/\/handbag-sense.com\/es\/wp-json\/wp\/v2\/media\/13098"}],"wp:attachment":[{"href":"https:\/\/handbag-sense.com\/es\/wp-json\/wp\/v2\/media?parent=13106"}],"wp:term":[{"taxonomy":"product_brand","embeddable":true,"href":"https:\/\/handbag-sense.com\/es\/wp-json\/wp\/v2\/product_brand?post=13106"},{"taxonomy":"product_cat","embeddable":true,"href":"https:\/\/handbag-sense.com\/es\/wp-json\/wp\/v2\/product_cat?post=13106"},{"taxonomy":"product_tag","embeddable":true,"href":"https:\/\/handbag-sense.com\/es\/wp-json\/wp\/v2\/product_tag?post=13106"}],"curies":[{"name":"wp","href":"https:\/\/api.w.org\/{rel}","templated":true}]}}