{"id":12880,"date":"2024-05-29T17:39:36","date_gmt":"2024-05-29T15:39:36","guid":{"rendered":"https:\/\/handbag-sense.com\/?post_type=product&#038;p=12880"},"modified":"2025-06-20T15:30:36","modified_gmt":"2025-06-20T13:30:36","slug":"hermes-birkin-25-epsom-sellier-etoupe","status":"publish","type":"product","link":"https:\/\/handbag-sense.com\/es\/producto\/hermes-birkin-25-epsom-sellier-etoupe\/","title":{"rendered":"Birkin 25 Epsom Sellier Etoupe"},"content":{"rendered":"<div class=\"c-columns-m-1 c-columns-2 c-columns-gap-s\">\n<div><strong>Material:<\/strong> Cuero Epsom<br \/>\n<strong>Color:<\/strong> Etoupe<br \/>\n<strong>Elementos met\u00e1licos:<\/strong> Herrajes de paladio<br \/>\n<strong>Material interior:<\/strong> Cuero<\/div>\n<div><strong>Grado: <\/strong> 1 <img decoding=\"async\" class=\"info_box alignnone size-medium wp-image-885\" title=\"Informaci\u00f3n\" role=\"img\" src=\"https:\/\/handbag-sense.com\/wp-content\/uploads\/2023\/05\/info_icon.svg\" alt=\"Cuadro de informaci\u00f3n\" width=\"15\" height=\"15\" \/><br \/>\n<strong>A\u00f1o de producci\u00f3n \/ Sello:<\/strong> 2022 \/ U<br \/>\n<strong>Tama\u00f1o:<\/strong> 25 x 20 x 13 cm<br \/>\n<strong>Naviero:<\/strong> Mundial<\/div>\n<\/div>\n<p><strong>Incluye:<\/strong> Recibo original, bolsa guardapolvo, clochette, cerradura, llaves, fieltro, folleto, caja<\/p>\n","protected":false},"excerpt":{"rendered":"<p><strong>Herm\u00e8s Birkin 25 Epsom Sellier Etoupe con Herrajes de Paladio<\/strong>. Experimente el ep\u00edtome del lujo con este magn\u00edfico bolso Birkin 25 en estilo Sellier, hecho a mano con cuero Epsom en el elegante color Etoupe, complementado con herrajes paladios. Un icono perdurable en el mundo de los bolsos de alta gama, el Herm\u00e8s Birkin 25 ha sido celebrado durante mucho tiempo por su elegancia y clase incomparables. Esta pieza en particular se completa con una campana, un candado acompa\u00f1ado de dos llaves, la bolsa para el polvo de la firma Herm\u00e8s y la ic\u00f3nica caja naranja. El bolso <strong>Herm\u00e8s Birkin 25 Sellier Etoupe <\/strong>est\u00e1 en un estado completamente nuevo, se incluye la factura original con fecha 2022. Este Birkin no es solo un bolso, sino un s\u00edmbolo de estilo atemporal y una joya de la corona en cualquier colecci\u00f3n de lujo.<\/p>\n","protected":false},"featured_media":18471,"template":"","meta":[],"product_brand":[2433],"product_cat":[1813],"product_tag":[2076,1914,2074],"class_list":{"0":"post-12880","1":"product","2":"type-product","3":"status-publish","4":"has-post-thumbnail","6":"product_brand-hermes-es","7":"product_cat-bolso","8":"product_tag-birkin-25-etoupe-es","9":"product_tag-hermes-birkin-25-es","10":"product_tag-hermes-birkin-sellier-es","11":"pa_brand-hermes-es","12":"pa_color-beige-es","13":"pa_color-gris","14":"pa_grade-grado-1","15":"pa_hermes-models-birkin-es","16":"pa_material-cuero","18":"first","19":"outofstock","20":"shipping-taxable","21":"product-type-simple"},"_links":{"self":[{"href":"https:\/\/handbag-sense.com\/es\/wp-json\/wp\/v2\/product\/12880","targetHints":{"allow":["GET"]}}],"collection":[{"href":"https:\/\/handbag-sense.com\/es\/wp-json\/wp\/v2\/product"}],"about":[{"href":"https:\/\/handbag-sense.com\/es\/wp-json\/wp\/v2\/types\/product"}],"wp:featuredmedia":[{"embeddable":true,"href":"https:\/\/handbag-sense.com\/es\/wp-json\/wp\/v2\/media\/18471"}],"wp:attachment":[{"href":"https:\/\/handbag-sense.com\/es\/wp-json\/wp\/v2\/media?parent=12880"}],"wp:term":[{"taxonomy":"product_brand","embeddable":true,"href":"https:\/\/handbag-sense.com\/es\/wp-json\/wp\/v2\/product_brand?post=12880"},{"taxonomy":"product_cat","embeddable":true,"href":"https:\/\/handbag-sense.com\/es\/wp-json\/wp\/v2\/product_cat?post=12880"},{"taxonomy":"product_tag","embeddable":true,"href":"https:\/\/handbag-sense.com\/es\/wp-json\/wp\/v2\/product_tag?post=12880"}],"curies":[{"name":"wp","href":"https:\/\/api.w.org\/{rel}","templated":true}]}}