{"id":12690,"date":"2024-05-24T14:58:24","date_gmt":"2024-05-24T12:58:24","guid":{"rendered":"https:\/\/handbag-sense.com\/?post_type=product&#038;p=12690"},"modified":"2025-06-20T15:36:33","modified_gmt":"2025-06-20T13:36:33","slug":"chanel-wallet-on-chain-coral-red","status":"publish","type":"product","link":"https:\/\/handbag-sense.com\/es\/producto\/chanel-wallet-on-chain-coral-red\/","title":{"rendered":"Wallet On Chain Coral Red"},"content":{"rendered":"<div class=\"c-columns-m-1 c-columns-2 c-columns-gap-s\">\n<div><strong>Material:<\/strong> Piel de cordero<br \/>\n<strong>Color:<\/strong> Rojo coral<br \/>\n<strong>Elementos met\u00e1licos:<\/strong> Herrajes dorados<br \/>\n<strong>Material interior:<\/strong> Forro textil<\/div>\n<div><strong>Calificaci\u00f3n: <\/strong> 3\/4 <img decoding=\"async\" class=\"info_box alignnone size-medium wp-image-885\" title=\"Informaci\u00f3n\" role=\"img\" src=\"https:\/\/handbag-sense.com\/wp-content\/uploads\/2023\/05\/info_icon.svg\" alt=\"Cuadro de informaci\u00f3n\" width=\"15\" height=\"15\" \/><br \/>\n<strong>A\u00f1o de producci\u00f3n\/carta:<\/strong> 2018, empieza con 250\u2026<br \/>\n<strong>Medidas:<\/strong> 19,5 x 13 x 3 cm<\/div>\n<\/div>\n<p><strong>Incluye:<\/strong> Tarjeta de autenticidad, bolsa para el polvo, caja<\/p>\n","protected":false},"excerpt":{"rendered":"<p><strong>Chanel Wallet On Chain Coral Red.<\/strong> El Chanel Wallet On Chain es un accesorio atemporal en el estilo cl\u00e1sico de Chanel. Su tama\u00f1o peque\u00f1o lo hace perfecto como bolso de noche. El bolso est\u00e1 hecho de cuero, con herrajes met\u00e1licos de color dorado y una cadena para el hombro. El interior del bolso est\u00e1 dividido en dos compartimentos principales y un compartimento con cremallera. Bajo la solapa, hay otro compartimento con cremallera. El WOC se puede llevar sobre el hombro o cruzado. Este peque\u00f1o bolso est\u00e1 en muy buenas condiciones y viene con la bolsa de polvo, la tarjeta de autenticidad y la caja de Chanel.<\/p>\n","protected":false},"featured_media":12669,"template":"","meta":[],"product_brand":[2418],"product_cat":[1813,1818,1840,1838],"product_tag":[],"class_list":{"0":"post-12690","1":"product","2":"type-product","3":"status-publish","4":"has-post-thumbnail","6":"product_brand-chanel-es","7":"product_cat-bolso","8":"product_cat-bolso-pequeno","9":"product_cat-clutch-pochette","10":"product_cat-bolso-de-noche","11":"pa_brand-chanel-es","12":"pa_chanel-models-wallet-on-chain-es","13":"pa_color-rojo","14":"pa_grade-grado-4","15":"pa_material-cuero","16":"pa_material-charol","18":"first","19":"instock","20":"shipping-taxable","21":"purchasable","22":"product-type-simple"},"_links":{"self":[{"href":"https:\/\/handbag-sense.com\/es\/wp-json\/wp\/v2\/product\/12690","targetHints":{"allow":["GET"]}}],"collection":[{"href":"https:\/\/handbag-sense.com\/es\/wp-json\/wp\/v2\/product"}],"about":[{"href":"https:\/\/handbag-sense.com\/es\/wp-json\/wp\/v2\/types\/product"}],"wp:featuredmedia":[{"embeddable":true,"href":"https:\/\/handbag-sense.com\/es\/wp-json\/wp\/v2\/media\/12669"}],"wp:attachment":[{"href":"https:\/\/handbag-sense.com\/es\/wp-json\/wp\/v2\/media?parent=12690"}],"wp:term":[{"taxonomy":"product_brand","embeddable":true,"href":"https:\/\/handbag-sense.com\/es\/wp-json\/wp\/v2\/product_brand?post=12690"},{"taxonomy":"product_cat","embeddable":true,"href":"https:\/\/handbag-sense.com\/es\/wp-json\/wp\/v2\/product_cat?post=12690"},{"taxonomy":"product_tag","embeddable":true,"href":"https:\/\/handbag-sense.com\/es\/wp-json\/wp\/v2\/product_tag?post=12690"}],"curies":[{"name":"wp","href":"https:\/\/api.w.org\/{rel}","templated":true}]}}