{"id":10780,"date":"2024-05-08T17:06:03","date_gmt":"2024-05-08T15:06:03","guid":{"rendered":"https:\/\/handbag-sense.com\/product\/kelly-28-togo-gris-neve\/"},"modified":"2025-06-20T15:37:00","modified_gmt":"2025-06-20T13:37:00","slug":"kelly-28-togo-gris-neve","status":"publish","type":"product","link":"https:\/\/handbag-sense.com\/es\/producto\/kelly-28-togo-gris-neve\/","title":{"rendered":"Kelly 28 Togo Gris Neve"},"content":{"rendered":"<div class=\"c-columns-m-1 c-columns-2 c-columns-gap-s\">\n<div><strong>Material:<\/strong> Cuero Togo<br \/>\n<strong>Color:<\/strong> Gris Neve<br \/>\n<strong>Elementos met\u00e1licos:<\/strong> Herrajes de oro<br \/>\n<strong>Material interior:<\/strong> Cuero<\/div>\n<div><strong>Grado: <\/strong> 1 <img decoding=\"async\" class=\"info_box alignnone size-medium wp-image-885\" title=\"Informaci\u00f3n\" role=\"img\" src=\"https:\/\/handbag-sense.com\/wp-content\/uploads\/2023\/05\/info_icon.svg\" alt=\"Cuadro de informaci\u00f3n\" width=\"15\" height=\"15\" \/><br \/>\n<strong>A\u00f1o de producci\u00f3n\/Sello:<\/strong> 2024 \/ B<br \/>\n<strong>Tama\u00f1o:<\/strong> 28 x 20 x 10 cm<br \/>\n<strong>Naviero:<\/strong> Mundial<\/div>\n<\/div>\n<p><strong>Incluye:<\/strong> Recibo original, bolsa guardapolvo, correa, clochette, cerradura, llaves, fieltro, folleto, caja<\/p>\n","protected":false},"excerpt":{"rendered":"<p><strong>Herm\u00e8s Kelly 28 Togo Gris Neve con Herrajes de Oro.<\/strong> Este cl\u00e1sico bolso Kelly 28 Retourne, confeccionado artesanalmente en piel de Togo en el nuevo y cautivador tono Gris Neve, se destaca por sus elegantes herrajes dorados. La bolsa viene completa con una campana, un candado, dos llaves, la correa de transporte original, la caja original y la factura original de 2024. Su dise\u00f1o vers\u00e1til permite que el Kelly 28 se use con estilo como bandolera, lo que lo hace adecuado para diversas ocasiones. Esta pieza ic\u00f3nica no se ha usado y est\u00e1 en condiciones completamente nuevas, marcada con el sello B. Un verdadero s\u00edmbolo de sofisticaci\u00f3n, el <strong>Kelly 28 Togo en Gris Neve <\/strong>no es solo un accesorio, sino una inversi\u00f3n de estilo para toda la vida.<\/p>\n","protected":false},"featured_media":18462,"template":"","meta":[],"product_brand":[2433],"product_cat":[1813],"product_tag":[2007,2096],"class_list":{"0":"post-10780","1":"product","2":"type-product","3":"status-publish","4":"has-post-thumbnail","6":"product_brand-hermes-es","7":"product_cat-bolso","8":"product_tag-hermes-kelly-28-es","9":"product_tag-kelly-28-gris-neve-es","10":"pa_brand-hermes-es","11":"pa_color-gris","12":"pa_grade-grado-1","13":"pa_hermes-models-kelly-es","14":"pa_material-cuero","16":"first","17":"outofstock","18":"shipping-taxable","19":"product-type-simple"},"_links":{"self":[{"href":"https:\/\/handbag-sense.com\/es\/wp-json\/wp\/v2\/product\/10780","targetHints":{"allow":["GET"]}}],"collection":[{"href":"https:\/\/handbag-sense.com\/es\/wp-json\/wp\/v2\/product"}],"about":[{"href":"https:\/\/handbag-sense.com\/es\/wp-json\/wp\/v2\/types\/product"}],"wp:featuredmedia":[{"embeddable":true,"href":"https:\/\/handbag-sense.com\/es\/wp-json\/wp\/v2\/media\/18462"}],"wp:attachment":[{"href":"https:\/\/handbag-sense.com\/es\/wp-json\/wp\/v2\/media?parent=10780"}],"wp:term":[{"taxonomy":"product_brand","embeddable":true,"href":"https:\/\/handbag-sense.com\/es\/wp-json\/wp\/v2\/product_brand?post=10780"},{"taxonomy":"product_cat","embeddable":true,"href":"https:\/\/handbag-sense.com\/es\/wp-json\/wp\/v2\/product_cat?post=10780"},{"taxonomy":"product_tag","embeddable":true,"href":"https:\/\/handbag-sense.com\/es\/wp-json\/wp\/v2\/product_tag?post=10780"}],"curies":[{"name":"wp","href":"https:\/\/api.w.org\/{rel}","templated":true}]}}