{"id":10779,"date":"2024-04-17T15:16:32","date_gmt":"2024-04-17T13:16:32","guid":{"rendered":"https:\/\/handbag-sense.com\/product\/bolsa-con-solapa-de-cadena-para-enmarcar-negro\/"},"modified":"2025-06-20T15:38:27","modified_gmt":"2025-06-20T13:38:27","slug":"chanel-framing-chain-flap-bag","status":"publish","type":"product","link":"https:\/\/handbag-sense.com\/es\/producto\/chanel-framing-chain-flap-bag\/","title":{"rendered":"Framing Chain Flap Bag en Negro"},"content":{"rendered":"<div class=\"c-columns-m-1 c-columns-2 c-columns-gap-s\">\n<div><strong>Material:<\/strong> piel de becerro<br \/>\n<strong>Color:<\/strong> Negro<br \/>\n<strong>Elementos met\u00e1licos:<\/strong> Herrajes de oro<br \/>\n<strong>Material interior:<\/strong> Forro textil<\/div>\n<div><strong>Grado: <\/strong>3 <img decoding=\"async\" class=\"info_box alignnone size-medium wp-image-885\" title=\"Informaci\u00f3n\" role=\"img\" src=\"https:\/\/handbag-sense.com\/wp-content\/uploads\/2023\/05\/info_icon.svg\" alt=\"Cuadro de informaci\u00f3n\" width=\"15\" height=\"15\" \/><br \/>\n<strong>A\u00f1o de producci\u00f3n\/c\u00f3digo de serie:<\/strong> 2021 \/ microchip<br \/>\n<strong>Tama\u00f1o:<\/strong> 19 x 17 x 4 cm<\/div>\n<\/div>\n<p><strong>Incluye:<\/strong> Bolsa para el polvo, caja<\/p>\n","protected":false},"excerpt":{"rendered":"<p><strong>Chanel Framing Chain Flap Bag en Negro<\/strong>. Presentamos el bolso con solapa de cadena CHANEL Framing en negro de la colecci\u00f3n Oto\u00f1o-Invierno 2021. Confeccionado en piel de becerro, este exquisito bolso de hombro cuenta con una correa de hombro de eslabones de cadena y un cierre de CC en acabado dorado, que personifica la elegancia ic\u00f3nica de Chanel. El interior est\u00e1 forrado con lona en un rico color burdeos, organizado en un compartimento principal con un solo bolsillo interior. Perfecto para aquellos que buscan un bolso c\u00f3modo y compacto, mantiene la est\u00e9tica de dise\u00f1o consagrada de Chanel. El bolso Chanel Framing Chain est\u00e1 en excelentes condiciones, viene con una bolsa para el polvo y la caja original de Chanel.<\/p>\n","protected":false},"featured_media":10795,"template":"","meta":[],"product_brand":[2418],"product_cat":[1813,1860,1818,1820],"product_tag":[],"class_list":{"0":"post-10779","1":"product","2":"type-product","3":"status-publish","4":"has-post-thumbnail","6":"product_brand-chanel-es","7":"product_cat-bolso","8":"product_cat-bandolera","9":"product_cat-bolso-pequeno","10":"product_cat-bolso-cruzado","11":"pa_brand-chanel-es","12":"pa_chanel-models-timeless-classique-es","13":"pa_color-negro","14":"pa_material-cuero","16":"first","17":"outofstock","18":"purchasable","19":"product-type-simple"},"_links":{"self":[{"href":"https:\/\/handbag-sense.com\/es\/wp-json\/wp\/v2\/product\/10779","targetHints":{"allow":["GET"]}}],"collection":[{"href":"https:\/\/handbag-sense.com\/es\/wp-json\/wp\/v2\/product"}],"about":[{"href":"https:\/\/handbag-sense.com\/es\/wp-json\/wp\/v2\/types\/product"}],"wp:featuredmedia":[{"embeddable":true,"href":"https:\/\/handbag-sense.com\/es\/wp-json\/wp\/v2\/media\/10795"}],"wp:attachment":[{"href":"https:\/\/handbag-sense.com\/es\/wp-json\/wp\/v2\/media?parent=10779"}],"wp:term":[{"taxonomy":"product_brand","embeddable":true,"href":"https:\/\/handbag-sense.com\/es\/wp-json\/wp\/v2\/product_brand?post=10779"},{"taxonomy":"product_cat","embeddable":true,"href":"https:\/\/handbag-sense.com\/es\/wp-json\/wp\/v2\/product_cat?post=10779"},{"taxonomy":"product_tag","embeddable":true,"href":"https:\/\/handbag-sense.com\/es\/wp-json\/wp\/v2\/product_tag?post=10779"}],"curies":[{"name":"wp","href":"https:\/\/api.w.org\/{rel}","templated":true}]}}