{"id":10776,"date":"2024-04-10T17:45:51","date_gmt":"2024-04-10T15:45:51","guid":{"rendered":"https:\/\/handbag-sense.com\/product\/novia-a-brac-bolsa-de-cosmeticos-feu\/"},"modified":"2025-06-20T15:38:53","modified_gmt":"2025-06-20T13:38:53","slug":"novia-a-brac-bolsa-de-cosmeticos-feu","status":"publish","type":"product","link":"https:\/\/handbag-sense.com\/es\/producto\/novia-a-brac-bolsa-de-cosmeticos-feu\/","title":{"rendered":"Novia A Brac Bolsa De Cosm\u00e9ticos Feu"},"content":{"rendered":"<div class=\"c-columns-m-1 c-columns-2 c-columns-gap-s\">\n<div><strong>Material:<\/strong> Tejido de algod\u00f3n<br \/>\n<strong>Color:<\/strong> Feu<br \/>\n<strong>Elementos met\u00e1licos:<\/strong> Herrajes de paladio<br \/>\n<strong>Material interior:<\/strong> Tejido<\/div>\n<div><strong>Grado:<\/strong> 1 <img decoding=\"async\" class=\"info_box alignnone size-medium wp-image-885\" title=\"Informaci\u00f3n\" role=\"img\" src=\"https:\/\/handbag-sense.com\/wp-content\/uploads\/2023\/05\/info_icon.svg\" alt=\"Cuadro de informaci\u00f3n\" width=\"15\" height=\"15\" \/><br \/>\n<strong>A\u00f1o de producci\u00f3n\/Sello:<\/strong> 2024 \/ W<br \/>\n<strong>Tama\u00f1o:<\/strong> 21 x 17 x 12 cm<br \/>\n<strong>Naviero:<\/strong> Mundial<\/div>\n<\/div>\n","protected":false},"excerpt":{"rendered":"<p><strong>Herm\u00e8s Novia A Brac Bolsa de Cosm\u00e9ticos Feu.<\/strong> Descubre el neceser Bride-\u00e0-Brac en el vibrante color Feu, un modelo peque\u00f1o que combina a la perfecci\u00f3n estilo y funcionalidad. Este neceser, confeccionado en tejido de algod\u00f3n naranja de alta calidad, presenta un elegante bordado en \"H\" en la parte delantera. El forro resistente a la suciedad con un tejido con patr\u00f3n de espiga protege el contenido y facilita la limpieza. Con tres pr\u00e1cticos bolsillos internos, el bolso ofrece un amplio espacio para mantener tus art\u00edculos de tocador organizados y al alcance de la mano. Una caracter\u00edstica especial es el asa vers\u00e1til, que se puede acoplar al neceser de varias maneras, lo que le permite colgarlo c\u00f3modamente en el ba\u00f1o. Ideal para viajes o uso diario.<\/p>\n","protected":false},"featured_media":10789,"template":"","meta":[],"product_brand":[2433],"product_cat":[1818,1840,1849],"product_tag":[2092],"class_list":{"0":"post-10776","1":"product","2":"type-product","3":"status-publish","4":"has-post-thumbnail","6":"product_brand-hermes-es","7":"product_cat-bolso-pequeno","8":"product_cat-clutch-pochette","9":"product_cat-otras-categorias","10":"product_tag-hermes-novia-a-brac","11":"pa_brand-hermes-es","12":"pa_color-naranja","13":"pa_grade-grado-1","14":"pa_hermes-models-otros-modelos","15":"pa_material-tejido","17":"first","18":"outofstock","19":"sold-individually","20":"product-type-simple"},"_links":{"self":[{"href":"https:\/\/handbag-sense.com\/es\/wp-json\/wp\/v2\/product\/10776","targetHints":{"allow":["GET"]}}],"collection":[{"href":"https:\/\/handbag-sense.com\/es\/wp-json\/wp\/v2\/product"}],"about":[{"href":"https:\/\/handbag-sense.com\/es\/wp-json\/wp\/v2\/types\/product"}],"wp:featuredmedia":[{"embeddable":true,"href":"https:\/\/handbag-sense.com\/es\/wp-json\/wp\/v2\/media\/10789"}],"wp:attachment":[{"href":"https:\/\/handbag-sense.com\/es\/wp-json\/wp\/v2\/media?parent=10776"}],"wp:term":[{"taxonomy":"product_brand","embeddable":true,"href":"https:\/\/handbag-sense.com\/es\/wp-json\/wp\/v2\/product_brand?post=10776"},{"taxonomy":"product_cat","embeddable":true,"href":"https:\/\/handbag-sense.com\/es\/wp-json\/wp\/v2\/product_cat?post=10776"},{"taxonomy":"product_tag","embeddable":true,"href":"https:\/\/handbag-sense.com\/es\/wp-json\/wp\/v2\/product_tag?post=10776"}],"curies":[{"name":"wp","href":"https:\/\/api.w.org\/{rel}","templated":true}]}}