{"id":10767,"date":"2024-04-30T16:15:51","date_gmt":"2024-04-30T14:15:51","guid":{"rendered":"https:\/\/handbag-sense.com\/product\/billetera-on-chain-verde\/"},"modified":"2025-06-20T15:38:04","modified_gmt":"2025-06-20T13:38:04","slug":"billetera-on-chain-verde","status":"publish","type":"product","link":"https:\/\/handbag-sense.com\/es\/producto\/billetera-on-chain-verde\/","title":{"rendered":"Billetera On Chain Verde"},"content":{"rendered":"<div class=\"c-columns-m-1 c-columns-2 c-columns-gap-s\">\n<div><strong>Material:<\/strong> Cuero de caviar<br \/>\n<strong>Color:<\/strong> Verde<br \/>\n<strong>Elementos met\u00e1licos:<\/strong> Herrajes de oro<br \/>\n<strong>Material interior:<\/strong> Forro textil<\/div>\n<div><strong>Grado: <\/strong> 1 <img decoding=\"async\" class=\"info_box alignnone size-medium wp-image-885\" title=\"Informaci\u00f3n\" role=\"img\" src=\"https:\/\/handbag-sense.com\/wp-content\/uploads\/2023\/05\/info_icon.svg\" alt=\"Cuadro de informaci\u00f3n\" width=\"15\" height=\"15\" \/><br \/>\n<strong>A\u00f1o de producci\u00f3n\/carta:<\/strong> 2021, comienza con 311...<br \/>\n<strong>Medidas:<\/strong> 19,5 x 13 x 3 cm<\/div>\n<\/div>\n<p><strong>Incluye:<\/strong> Tarjeta de autenticidad, bolsa para el polvo, caja, recibo original<\/p>\n","protected":false},"excerpt":{"rendered":"<p><strong>Cartera Chanel en cadena verde.<\/strong> La Chanel Wallet On Chain es un accesorio atemporal que encarna la elegancia cl\u00e1sica de Chanel. Su tama\u00f1o compacto lo hace perfecto tanto para uso nocturno como diurno. El bolso est\u00e1 confeccionado en piel caviar verde y cuenta con herrajes met\u00e1licos en tono dorado y una cadena para el hombro. El interior est\u00e1 organizado de manera eficiente en dos compartimentos principales y un compartimento con cremallera, con un compartimento adicional con cremallera debajo de la solapa. El WOC se puede llevar sobre el hombro o cruzado. Este peque\u00f1o bolso nunca se ha usado y, por lo tanto, est\u00e1 en condiciones nuevas. Viene completo con una bolsa para el polvo, una tarjeta de autenticidad, un recibo original y una caja Chanel.<\/p>\n","protected":false},"featured_media":10778,"template":"","meta":[],"product_brand":[2418],"product_cat":[1860,1818,1840,1838,1820,1822],"product_tag":[2048,2091],"class_list":{"0":"post-10767","1":"product","2":"type-product","3":"status-publish","4":"has-post-thumbnail","6":"product_brand-chanel-es","7":"product_cat-bandolera","8":"product_cat-bolso-pequeno","9":"product_cat-clutch-pochette","10":"product_cat-bolso-de-noche","11":"product_cat-bolso-cruzado","12":"product_cat-accesorio","13":"product_tag-cartera-chanel-en-cadena","14":"product_tag-chanel-woc-verde","15":"pa_brand-chanel-es","16":"pa_chanel-models-wallet-on-chain-es","17":"pa_color-verde","18":"pa_grade-grado-4","19":"pa_material-cuero","21":"first","22":"outofstock","23":"shipping-taxable","24":"product-type-simple"},"_links":{"self":[{"href":"https:\/\/handbag-sense.com\/es\/wp-json\/wp\/v2\/product\/10767","targetHints":{"allow":["GET"]}}],"collection":[{"href":"https:\/\/handbag-sense.com\/es\/wp-json\/wp\/v2\/product"}],"about":[{"href":"https:\/\/handbag-sense.com\/es\/wp-json\/wp\/v2\/types\/product"}],"wp:featuredmedia":[{"embeddable":true,"href":"https:\/\/handbag-sense.com\/es\/wp-json\/wp\/v2\/media\/10778"}],"wp:attachment":[{"href":"https:\/\/handbag-sense.com\/es\/wp-json\/wp\/v2\/media?parent=10767"}],"wp:term":[{"taxonomy":"product_brand","embeddable":true,"href":"https:\/\/handbag-sense.com\/es\/wp-json\/wp\/v2\/product_brand?post=10767"},{"taxonomy":"product_cat","embeddable":true,"href":"https:\/\/handbag-sense.com\/es\/wp-json\/wp\/v2\/product_cat?post=10767"},{"taxonomy":"product_tag","embeddable":true,"href":"https:\/\/handbag-sense.com\/es\/wp-json\/wp\/v2\/product_tag?post=10767"}],"curies":[{"name":"wp","href":"https:\/\/api.w.org\/{rel}","templated":true}]}}