{"id":10753,"date":"2024-04-17T13:57:58","date_gmt":"2024-04-17T11:57:58","guid":{"rendered":"https:\/\/handbag-sense.com\/product\/birkin-35-togo-negro\/"},"modified":"2025-06-20T15:38:31","modified_gmt":"2025-06-20T13:38:31","slug":"birkin-35-togo-negro","status":"publish","type":"product","link":"https:\/\/handbag-sense.com\/es\/producto\/birkin-35-togo-negro\/","title":{"rendered":"Birkin 35 Togo Negro"},"content":{"rendered":"<div class=\"c-columns-m-1 c-columns-2 c-columns-gap-s\">\n<div><strong>Material:<\/strong> Cuero Togo<br \/>\n<strong>Color:<\/strong> Negro<br \/>\n<strong>Elementos met\u00e1licos:<\/strong> Herrajes de paladio<br \/>\n<strong>Material interior:<\/strong> Cuero<\/div>\n<div><strong>Calificaci\u00f3n: <\/strong> 4 <img decoding=\"async\" class=\"info_box alignnone size-medium wp-image-885\" title=\"Informaci\u00f3n\" role=\"img\" src=\"https:\/\/handbag-sense.com\/wp-content\/uploads\/2023\/05\/info_icon.svg\" alt=\"Cuadro de informaci\u00f3n\" width=\"15\" height=\"15\" \/><br \/>\n<strong>A\u00f1o de producci\u00f3n\/Sello:<\/strong> 2007 \/ K<br \/>\n<strong>Tama\u00f1o:<\/strong> 35 x 25 x 18 cm<br \/>\n<strong>Naviero:<\/strong> Mundial<\/div>\n<\/div>\n<p><strong>Incluye:<\/strong> Bolsa guardapolvo, clochette, cerradura, llaves<\/p>\n","protected":false},"excerpt":{"rendered":"<p><strong>Herm\u00e8s Birkin 35 Togo Negro con Herrajes de Paladio<\/strong>. Eleva tu estilo con este ic\u00f3nico Birkin 35, hecho a mano con cuero Togo en el cl\u00e1sico color negro, perfectamente complementado con elegantes herrajes de paladio. Este bolso cuenta con asas de cuero enrollado, una parte superior segura y un cierre de correa coronado con un refinado cierre giratorio de paladio. Reconocido por su versatilidad y amplitud, este bolso tan codiciado es ideal para diversas ocasiones, ya que se adapta sin esfuerzo a elementos esenciales como su computadora port\u00e1til, agenda y tel\u00e9fono, lo que lo convierte en el mejor compa\u00f1ero para entornos profesionales. En muy buen estado, este Birkin presenta algunos ara\u00f1azos en los herrajes. Viene con la bolsa para el polvo de Herm\u00e8s. Este <strong>Birkin 35 Black<\/strong> es m\u00e1s que un bolso de mano; Es una declaraci\u00f3n de gusto exquisito y lujo funcional.<\/p>\n","protected":false},"featured_media":10764,"template":"","meta":[],"product_brand":[2433],"product_cat":[1813],"product_tag":[1892,1893],"class_list":{"0":"post-10753","1":"product","2":"type-product","3":"status-publish","4":"has-post-thumbnail","6":"product_brand-hermes-es","7":"product_cat-bolso","8":"product_tag-birkin-35-togo-es","9":"product_tag-hermes-birkin-35-es","10":"pa_brand-hermes-es","11":"pa_color-negro","12":"pa_grade-grado-4","13":"pa_hermes-models-birkin-es","14":"pa_material-cuero","16":"first","17":"outofstock","18":"shipping-taxable","19":"product-type-simple"},"_links":{"self":[{"href":"https:\/\/handbag-sense.com\/es\/wp-json\/wp\/v2\/product\/10753","targetHints":{"allow":["GET"]}}],"collection":[{"href":"https:\/\/handbag-sense.com\/es\/wp-json\/wp\/v2\/product"}],"about":[{"href":"https:\/\/handbag-sense.com\/es\/wp-json\/wp\/v2\/types\/product"}],"wp:featuredmedia":[{"embeddable":true,"href":"https:\/\/handbag-sense.com\/es\/wp-json\/wp\/v2\/media\/10764"}],"wp:attachment":[{"href":"https:\/\/handbag-sense.com\/es\/wp-json\/wp\/v2\/media?parent=10753"}],"wp:term":[{"taxonomy":"product_brand","embeddable":true,"href":"https:\/\/handbag-sense.com\/es\/wp-json\/wp\/v2\/product_brand?post=10753"},{"taxonomy":"product_cat","embeddable":true,"href":"https:\/\/handbag-sense.com\/es\/wp-json\/wp\/v2\/product_cat?post=10753"},{"taxonomy":"product_tag","embeddable":true,"href":"https:\/\/handbag-sense.com\/es\/wp-json\/wp\/v2\/product_tag?post=10753"}],"curies":[{"name":"wp","href":"https:\/\/api.w.org\/{rel}","templated":true}]}}