{"id":10730,"date":"2024-05-17T16:39:49","date_gmt":"2024-05-17T14:39:49","guid":{"rendered":"https:\/\/handbag-sense.com\/product\/kelly-25-epsom-malva-palido\/"},"modified":"2025-06-20T15:36:49","modified_gmt":"2025-06-20T13:36:49","slug":"kelly-25-epsom-malva-palido","status":"publish","type":"product","link":"https:\/\/handbag-sense.com\/es\/producto\/kelly-25-epsom-malva-palido\/","title":{"rendered":"Kelly 25 Epsom Malva P\u00e1lido"},"content":{"rendered":"<div class=\"c-columns-m-1 c-columns-2 c-columns-gap-s\">\n<div><strong>Material:<\/strong> Cuero Epsom<br \/>\n<strong>Color:<\/strong> Malva p\u00e1lido<br \/>\n<strong>Elementos met\u00e1licos:<\/strong> Herrajes de paladio<br \/>\n<strong>Material interior:<\/strong> Cuero<\/div>\n<div><strong>Grado:<\/strong> 1 <img decoding=\"async\" class=\"info_box alignnone size-medium wp-image-885\" title=\"Informaci\u00f3n\" role=\"img\" src=\"https:\/\/handbag-sense.com\/wp-content\/uploads\/2023\/05\/info_icon.svg\" alt=\"Cuadro de informaci\u00f3n\" width=\"15\" height=\"15\" \/><br \/>\n<strong>A\u00f1o de producci\u00f3n\/Sello:<\/strong> 2023 \/ B<br \/>\n<strong>Tama\u00f1o:<\/strong> 25 x 19 x 9 cm<br \/>\n<strong>Naviero:<\/strong> Mundial<\/div>\n<\/div>\n<p><strong>Incluye:<\/strong> Recibo original, bolsa guardapolvo, correa, clochette, cerradura, llaves, impermeable, fieltro, folleto, caja<\/p>\n","protected":false},"excerpt":{"rendered":"<p><strong>Herm\u00e8s Kelly 25 Epsom Malve Pale con herrajes de paladio<\/strong> : un icono de elegancia atemporal. Eleva tu estilo con este exquisito <strong>Kelly 25 Sellier<\/strong> hecho a mano en piel Epsom en color malva p\u00e1lido y adornado con herrajes de paladio, este bolso es una verdadera obra maestra que pasa sin esfuerzo del denim informal al glamuroso atuendo de noche. Ya sea que lo combines con jeans o tacones altos y vestidos, este bolso Kelly es tu declaraci\u00f3n de moda definitiva. Correa para el hombro: Ll\u00e9valo como bolso de mano o c\u00f3modamente sobre el hombro con la correa incluida. Este <strong>Kelly 25 Epsom Mauve Pale est\u00e1 a<\/strong> estrenar y nunca se ha usado, tiene sello \"B\" para el a\u00f1o 2023.<\/p>\n<p>Experimente la magia de Herm\u00e8s hoy. \u00a1Haz tu pedido ahora y a\u00f1ade este exquisito <strong>Kelly 25 Black<\/strong> a tu colecci\u00f3n!<\/p>\n","protected":false},"featured_media":18465,"template":"","meta":[],"product_brand":[2433],"product_cat":[1813],"product_tag":[2005,2087],"class_list":{"0":"post-10730","1":"product","2":"type-product","3":"status-publish","4":"has-post-thumbnail","6":"product_brand-hermes-es","7":"product_cat-bolso","8":"product_tag-hermes-kelly-25-es","9":"product_tag-kelly-25-malva-palido","10":"pa_brand-hermes-es","11":"pa_color-rosa-es","12":"pa_grade-grado-1","13":"pa_hermes-models-kelly-es","14":"pa_material-cuero","16":"first","17":"outofstock","18":"shipping-taxable","19":"product-type-simple"},"_links":{"self":[{"href":"https:\/\/handbag-sense.com\/es\/wp-json\/wp\/v2\/product\/10730","targetHints":{"allow":["GET"]}}],"collection":[{"href":"https:\/\/handbag-sense.com\/es\/wp-json\/wp\/v2\/product"}],"about":[{"href":"https:\/\/handbag-sense.com\/es\/wp-json\/wp\/v2\/types\/product"}],"wp:featuredmedia":[{"embeddable":true,"href":"https:\/\/handbag-sense.com\/es\/wp-json\/wp\/v2\/media\/18465"}],"wp:attachment":[{"href":"https:\/\/handbag-sense.com\/es\/wp-json\/wp\/v2\/media?parent=10730"}],"wp:term":[{"taxonomy":"product_brand","embeddable":true,"href":"https:\/\/handbag-sense.com\/es\/wp-json\/wp\/v2\/product_brand?post=10730"},{"taxonomy":"product_cat","embeddable":true,"href":"https:\/\/handbag-sense.com\/es\/wp-json\/wp\/v2\/product_cat?post=10730"},{"taxonomy":"product_tag","embeddable":true,"href":"https:\/\/handbag-sense.com\/es\/wp-json\/wp\/v2\/product_tag?post=10730"}],"curies":[{"name":"wp","href":"https:\/\/api.w.org\/{rel}","templated":true}]}}