{"id":10729,"date":"2024-05-07T17:42:55","date_gmt":"2024-05-07T15:42:55","guid":{"rendered":"https:\/\/handbag-sense.com\/product\/in-the-loop-18-bermellon\/"},"modified":"2025-06-20T15:37:05","modified_gmt":"2025-06-20T13:37:05","slug":"in-the-loop-18-bermellon","status":"publish","type":"product","link":"https:\/\/handbag-sense.com\/es\/producto\/in-the-loop-18-bermellon\/","title":{"rendered":"In-the-Loop 18 Bermell\u00f3n"},"content":{"rendered":"<div class=\"c-columns-m-1 c-columns-2 c-columns-gap-s\">\n<div><strong>Material:<\/strong> Taurillon Clemence\/Swift<br \/>\n<strong>Color:<\/strong> Bermell\u00f3n<br \/>\n<strong>Elementos met\u00e1licos:<\/strong> Herrajes de oro<br \/>\n<strong>Material interior:<\/strong> Cuero<\/div>\n<div><strong>Grado:<\/strong> 1 <img decoding=\"async\" class=\"info_box alignnone size-medium wp-image-885\" title=\"Informaci\u00f3n\" role=\"img\" src=\"https:\/\/handbag-sense.com\/wp-content\/uploads\/2023\/05\/info_icon.svg\" alt=\"Cuadro de informaci\u00f3n\" width=\"15\" height=\"15\" \/><br \/>\n<strong>A\u00f1o de producci\u00f3n\/Sello:<\/strong> 2023 \/ B<br \/>\n<strong>Medidas:<\/strong> 19,5 x 18 x 12 cm<br \/>\n<strong>Naviero:<\/strong> Mundial<\/div>\n<\/div>\n<p><strong>Incluye:<\/strong> Recibo original, bolsa guardapolvo, caja<\/p>\n","protected":false},"excerpt":{"rendered":"<p><strong>Herm\u00e8s In-the-Loop 18 Vermillon Taurillon Clemence \/ Swift con herrajes dorados.<\/strong> El <strong>bolso Herm\u00e8s In-the-Loop 18<\/strong>, confeccionado artesanalmente con Taurillon Clemence y Swift Leather en color bermell\u00f3n, combina comodidad y elegancia y es ideal para las amantes de la moda m\u00e1s exigentes. Su interior sin forro y sus asas sencillas y flexibles personifican la elegancia minimalista, creando un accesorio esencial para cualquier armario y ofreciendo opciones de estilo vers\u00e1tiles, ya sea que se lleven en la mano o en el pliegue del brazo. Esta bolsa est\u00e1 en perfecto estado y va acompa\u00f1ada de una bolsa para el polvo de Herm\u00e8s, una caja de Herm\u00e8s y la factura original de 2023.<\/p>\n","protected":false},"featured_media":10747,"template":"","meta":[],"product_brand":[2433],"product_cat":[1813,1815,1818],"product_tag":[2084,2083],"class_list":{"0":"post-10729","1":"product","2":"type-product","3":"status-publish","4":"has-post-thumbnail","6":"product_brand-hermes-es","7":"product_cat-bolso","8":"product_cat-comprador","9":"product_cat-bolso-pequeno","10":"product_tag-hermes-en-el-bucle-18","11":"product_tag-in-the-loop-18-bermellon","12":"pa_brand-hermes-es","13":"pa_color-verde","14":"pa_grade-grado-1","15":"pa_material-cuero","17":"first","18":"outofstock","19":"sold-individually","20":"product-type-simple"},"_links":{"self":[{"href":"https:\/\/handbag-sense.com\/es\/wp-json\/wp\/v2\/product\/10729","targetHints":{"allow":["GET"]}}],"collection":[{"href":"https:\/\/handbag-sense.com\/es\/wp-json\/wp\/v2\/product"}],"about":[{"href":"https:\/\/handbag-sense.com\/es\/wp-json\/wp\/v2\/types\/product"}],"wp:featuredmedia":[{"embeddable":true,"href":"https:\/\/handbag-sense.com\/es\/wp-json\/wp\/v2\/media\/10747"}],"wp:attachment":[{"href":"https:\/\/handbag-sense.com\/es\/wp-json\/wp\/v2\/media?parent=10729"}],"wp:term":[{"taxonomy":"product_brand","embeddable":true,"href":"https:\/\/handbag-sense.com\/es\/wp-json\/wp\/v2\/product_brand?post=10729"},{"taxonomy":"product_cat","embeddable":true,"href":"https:\/\/handbag-sense.com\/es\/wp-json\/wp\/v2\/product_cat?post=10729"},{"taxonomy":"product_tag","embeddable":true,"href":"https:\/\/handbag-sense.com\/es\/wp-json\/wp\/v2\/product_tag?post=10729"}],"curies":[{"name":"wp","href":"https:\/\/api.w.org\/{rel}","templated":true}]}}