{"id":10728,"date":"2024-04-30T15:40:19","date_gmt":"2024-04-30T13:40:19","guid":{"rendered":"https:\/\/handbag-sense.com\/product\/kelly-25-epsom-craie-malva-palido-dorado\/"},"modified":"2025-06-20T15:38:09","modified_gmt":"2025-06-20T13:38:09","slug":"kelly-25-epsom-craie-malva-palido-dorado","status":"publish","type":"product","link":"https:\/\/handbag-sense.com\/es\/producto\/kelly-25-epsom-craie-malva-palido-dorado\/","title":{"rendered":"Kelly 25 Epsom Craie \/ Malva P\u00e1lido \/ Dorado"},"content":{"rendered":"<div class=\"c-columns-m-1 c-columns-2 c-columns-gap-s\">\n<div><strong>Material:<\/strong> Cuero Epsom<br \/>\n<strong>Color:<\/strong> Craie \/ Malva P\u00e1lido \/ Dorado<br \/>\n<strong>Elementos met\u00e1licos:<\/strong> Herrajes de paladio<br \/>\n<strong>Material interior:<\/strong> Cuero<\/div>\n<div><strong>Grado:<\/strong> 2 <img decoding=\"async\" class=\"info_box alignnone size-medium wp-image-885\" title=\"Informaci\u00f3n\" role=\"img\" src=\"https:\/\/handbag-sense.com\/wp-content\/uploads\/2023\/05\/info_icon.svg\" alt=\"Cuadro de informaci\u00f3n\" width=\"15\" height=\"15\" \/><br \/>\n<strong>A\u00f1o de producci\u00f3n\/Sello:<\/strong> 2023 \/ B<br \/>\n<strong>Tama\u00f1o:<\/strong> 25 x 19 x 9 cm<br \/>\n<strong>Naviero:<\/strong> Mundial<\/div>\n<\/div>\n<p><strong>Incluye:<\/strong> Recibo original, bolsa guardapolvo, correa, clochette, cerradura, llaves, fieltro, folleto, caja<\/p>\n","protected":false},"excerpt":{"rendered":"<p><strong>Herm\u00e8s Kelly 25 Epsom Craie \/ Malva P\u00e1lido \/ Dorado con Herrajes de Paladio.<\/strong> Este precioso tricolor Kelly 25 en estilo Sellier es un punto de atracci\u00f3n absoluto. Los herrajes plateados a\u00f1aden una dimensi\u00f3n extra de elegancia al bolso, mientras que el duradero cuero Epsom proporciona una sensaci\u00f3n de lujo y una est\u00e9tica atemporal. El <strong>bolso Kelly 25<\/strong> es perfecto para aquellos que aprecian los detalles m\u00e1s finos. Con su tama\u00f1o compacto, es el compa\u00f1ero ideal para ocasiones especiales o como un accesorio elegante para el uso diario. Ya sea como un regalo especial o una pieza llamativa para tu estilo individual, este bolso Kelly 25 perfeccionar\u00e1 tu look de una manera sutil. El <strong>bolso Herm\u00e8s Kelly<\/strong> no es solo un accesorio, sino un s\u00edmbolo de elegancia y clase que ha dado forma al mundo de la alta costura durante d\u00e9cadas. Est\u00e1 en excelentes condiciones con un uso m\u00ednimo de solo 2-3 veces y solo muestra rasgu\u00f1os menores en el hardware. El sello del a\u00f1o \"B\" para 2023 confirma su reciente fabricaci\u00f3n. Invertir en un <strong>Herm\u00e8s Kelly Sellier Tricolore<\/strong> es invertir en un pedazo de la historia de la moda.<\/p>\n","protected":false},"featured_media":10750,"template":"","meta":[],"product_brand":[2433],"product_cat":[1813,1820],"product_tag":[2005,2086,2085],"class_list":{"0":"post-10728","1":"product","2":"type-product","3":"status-publish","4":"has-post-thumbnail","6":"product_brand-hermes-es","7":"product_cat-bolso","8":"product_cat-bolso-cruzado","9":"product_tag-hermes-kelly-25-es","10":"product_tag-kelly-25-craie-es","11":"product_tag-kelly-25-tricolore-es","12":"pa_brand-hermes-es","13":"pa_color-blanco","14":"pa_grade-grado-1","15":"pa_hermes-models-kelly-es","16":"pa_material-cuero","18":"first","19":"outofstock","20":"shipping-taxable","21":"product-type-simple"},"_links":{"self":[{"href":"https:\/\/handbag-sense.com\/es\/wp-json\/wp\/v2\/product\/10728","targetHints":{"allow":["GET"]}}],"collection":[{"href":"https:\/\/handbag-sense.com\/es\/wp-json\/wp\/v2\/product"}],"about":[{"href":"https:\/\/handbag-sense.com\/es\/wp-json\/wp\/v2\/types\/product"}],"wp:featuredmedia":[{"embeddable":true,"href":"https:\/\/handbag-sense.com\/es\/wp-json\/wp\/v2\/media\/10750"}],"wp:attachment":[{"href":"https:\/\/handbag-sense.com\/es\/wp-json\/wp\/v2\/media?parent=10728"}],"wp:term":[{"taxonomy":"product_brand","embeddable":true,"href":"https:\/\/handbag-sense.com\/es\/wp-json\/wp\/v2\/product_brand?post=10728"},{"taxonomy":"product_cat","embeddable":true,"href":"https:\/\/handbag-sense.com\/es\/wp-json\/wp\/v2\/product_cat?post=10728"},{"taxonomy":"product_tag","embeddable":true,"href":"https:\/\/handbag-sense.com\/es\/wp-json\/wp\/v2\/product_tag?post=10728"}],"curies":[{"name":"wp","href":"https:\/\/api.w.org\/{rel}","templated":true}]}}