{"id":10726,"date":"2024-04-10T15:14:54","date_gmt":"2024-04-10T13:14:54","guid":{"rendered":"https:\/\/handbag-sense.com\/product\/videpoches-negro-togo\/"},"modified":"2025-06-20T15:40:57","modified_gmt":"2025-06-20T13:40:57","slug":"videpoches-negro-togo","status":"publish","type":"product","link":"https:\/\/handbag-sense.com\/es\/producto\/videpoches-negro-togo\/","title":{"rendered":"Videpoches Negro Togo"},"content":{"rendered":"<div class=\"c-columns-m-1 c-columns-2 c-columns-gap-s\">\n<div><strong>Material:<\/strong> Cuero Togo<br \/>\n<strong>Color:<\/strong> Negro<br \/>\n<strong>Elementos met\u00e1licos:<\/strong> Herrajes de paladio<br \/>\n<strong>Material interior:<\/strong> Cuero<\/div>\n<div><strong>Grado:<\/strong> 1 <img decoding=\"async\" class=\"info_box alignnone size-medium wp-image-885\" title=\"Informaci\u00f3n\" role=\"img\" src=\"https:\/\/handbag-sense.com\/wp-content\/uploads\/2023\/05\/info_icon.svg\" alt=\"Cuadro de informaci\u00f3n\" width=\"15\" height=\"15\" \/><br \/>\n<strong>A\u00f1o de producci\u00f3n\/Sello:<\/strong> 2024\/A<br \/>\n<strong>Tama\u00f1o:<\/strong> 21 x 14 x 4 cm Correa: 84-123 cm<br \/>\n<strong>Naviero:<\/strong> Mundial<\/div>\n<\/div>\n<p><strong>Incluye:<\/strong> Recibo original, bolsa guardapolvo, caja<\/p>\n","protected":false},"excerpt":{"rendered":"<p><strong>Herm\u00e8s Videpoches Negro Togo con Herrajes de Paladio.<\/strong> El bolso Herm\u00e8s Videpoches, confeccionado en piel Togo negra, combina comodidad y elegancia. Su abertura inspirada en el origami, asegurada con dos cierres a presi\u00f3n Clou de Selle chapados en paladio, lo convierte en un verdadero punto de atracci\u00f3n. La \"H\" perforada en la parte delantera acent\u00faa la elegancia de Herm\u00e8s. La correa ajustable para el hombro hecha de lona de lana negra complementa perfectamente el elegante dise\u00f1o. Ya sea que se use sobre el hombro o cruzado, el bolso Videpoches es un compa\u00f1ero vers\u00e1til para varias ocasiones. Est\u00e1 en perfectas condiciones, sin estrenar y viene con una bolsa para el polvo de Herm\u00e8s, una caja de Herm\u00e8s y la factura original de 2024.<\/p>\n","protected":false},"featured_media":10736,"template":"","meta":[],"product_brand":[2433],"product_cat":[1818,1840,1820],"product_tag":[2080,2081],"class_list":{"0":"post-10726","1":"product","2":"type-product","3":"status-publish","4":"has-post-thumbnail","6":"product_brand-hermes-es","7":"product_cat-bolso-pequeno","8":"product_cat-clutch-pochette","9":"product_cat-bolso-cruzado","10":"product_tag-hermes-videpoches-negro","11":"product_tag-videpoches-togo-negro","12":"pa_brand-hermes-es","13":"pa_color-negro","14":"pa_grade-grado-1","15":"pa_material-cuero","17":"first","18":"instock","19":"sold-individually","20":"purchasable","21":"product-type-simple"},"_links":{"self":[{"href":"https:\/\/handbag-sense.com\/es\/wp-json\/wp\/v2\/product\/10726","targetHints":{"allow":["GET"]}}],"collection":[{"href":"https:\/\/handbag-sense.com\/es\/wp-json\/wp\/v2\/product"}],"about":[{"href":"https:\/\/handbag-sense.com\/es\/wp-json\/wp\/v2\/types\/product"}],"wp:featuredmedia":[{"embeddable":true,"href":"https:\/\/handbag-sense.com\/es\/wp-json\/wp\/v2\/media\/10736"}],"wp:attachment":[{"href":"https:\/\/handbag-sense.com\/es\/wp-json\/wp\/v2\/media?parent=10726"}],"wp:term":[{"taxonomy":"product_brand","embeddable":true,"href":"https:\/\/handbag-sense.com\/es\/wp-json\/wp\/v2\/product_brand?post=10726"},{"taxonomy":"product_cat","embeddable":true,"href":"https:\/\/handbag-sense.com\/es\/wp-json\/wp\/v2\/product_cat?post=10726"},{"taxonomy":"product_tag","embeddable":true,"href":"https:\/\/handbag-sense.com\/es\/wp-json\/wp\/v2\/product_tag?post=10726"}],"curies":[{"name":"wp","href":"https:\/\/api.w.org\/{rel}","templated":true}]}}