{"id":10690,"date":"2024-05-02T16:54:13","date_gmt":"2024-05-02T14:54:13","guid":{"rendered":"https:\/\/handbag-sense.com\/product\/cartera-pequena-negra\/"},"modified":"2025-06-20T15:37:28","modified_gmt":"2025-06-20T13:37:28","slug":"cartera-pequena-negra","status":"publish","type":"product","link":"https:\/\/handbag-sense.com\/es\/producto\/cartera-pequena-negra\/","title":{"rendered":"Cartera Peque\u00f1a Negra"},"content":{"rendered":"<div class=\"c-columns-m-1 c-columns-2 c-columns-gap-s\">\n<div><strong>Material:<\/strong> Cordero<br \/>\n<strong>Color:<\/strong> Negro<br \/>\n<strong>Elementos met\u00e1licos:<\/strong> Herrajes de oro<br \/>\n<strong>Material interior:<\/strong> Cuero<\/div>\n<div><strong>Grado: 1<\/strong> <img decoding=\"async\" class=\"info_box alignnone size-medium wp-image-885\" title=\"Informaci\u00f3n\" role=\"img\" src=\"https:\/\/handbag-sense.com\/wp-content\/uploads\/2023\/05\/info_icon.svg\" alt=\"Cuadro de informaci\u00f3n\" width=\"15\" height=\"15\" \/><br \/>\n<strong>A\u00f1o de producci\u00f3n\/carta:<\/strong> 2017, comienza con 241...<br \/>\n<strong>Medidas:<\/strong> 11,3 x 7,5 x 2,1 cm<\/div>\n<\/div>\n<p><strong>Incluye:<\/strong> Tarjeta de autenticidad, bolsa para el polvo, caja, recibo original<\/p>\n","protected":false},"excerpt":{"rendered":"<p><strong>Chanel Cartera Peque\u00f1a Negra con Herrajes Dorados<\/strong>. Esta peque\u00f1a cartera Chanel es una pieza atemporal que muestra la elegancia cl\u00e1sica de la marca. Su tama\u00f1o compacto lo hace ideal para cualquier bolso. Confeccionada en piel de cordero, esta cartera cuenta con herrajes de metal dorado. La cartera se ha mantenido sin usar y permanece en condiciones nuevas. Viene completo con una bolsa para el polvo, una tarjeta de autenticidad, un recibo original y una caja Chanel.<\/p>\n","protected":false},"featured_media":10700,"template":"","meta":[],"product_brand":[2418],"product_cat":[1822,1888],"product_tag":[2071],"class_list":{"0":"post-10690","1":"product","2":"type-product","3":"status-publish","4":"has-post-thumbnail","6":"product_brand-chanel-es","7":"product_cat-accesorio","8":"product_cat-maletin","9":"product_tag-cartera-chanel-negra","10":"pa_brand-chanel-es","11":"pa_chanel-models-otros-modelos","12":"pa_color-negro","13":"pa_grade-grado-1","14":"pa_material-cuero","16":"first","17":"outofstock","18":"shipping-taxable","19":"purchasable","20":"product-type-simple"},"_links":{"self":[{"href":"https:\/\/handbag-sense.com\/es\/wp-json\/wp\/v2\/product\/10690","targetHints":{"allow":["GET"]}}],"collection":[{"href":"https:\/\/handbag-sense.com\/es\/wp-json\/wp\/v2\/product"}],"about":[{"href":"https:\/\/handbag-sense.com\/es\/wp-json\/wp\/v2\/types\/product"}],"wp:featuredmedia":[{"embeddable":true,"href":"https:\/\/handbag-sense.com\/es\/wp-json\/wp\/v2\/media\/10700"}],"wp:attachment":[{"href":"https:\/\/handbag-sense.com\/es\/wp-json\/wp\/v2\/media?parent=10690"}],"wp:term":[{"taxonomy":"product_brand","embeddable":true,"href":"https:\/\/handbag-sense.com\/es\/wp-json\/wp\/v2\/product_brand?post=10690"},{"taxonomy":"product_cat","embeddable":true,"href":"https:\/\/handbag-sense.com\/es\/wp-json\/wp\/v2\/product_cat?post=10690"},{"taxonomy":"product_tag","embeddable":true,"href":"https:\/\/handbag-sense.com\/es\/wp-json\/wp\/v2\/product_tag?post=10690"}],"curies":[{"name":"wp","href":"https:\/\/api.w.org\/{rel}","templated":true}]}}