{"id":10680,"date":"2024-04-12T12:32:48","date_gmt":"2024-04-12T10:32:48","guid":{"rendered":"https:\/\/handbag-sense.com\/product\/kelly-mini-champinon-chevre-cuero\/"},"modified":"2025-06-20T15:38:41","modified_gmt":"2025-06-20T13:38:41","slug":"kelly-mini-champinon-chevre-cuero","status":"publish","type":"product","link":"https:\/\/handbag-sense.com\/es\/producto\/kelly-mini-champinon-chevre-cuero\/","title":{"rendered":"Kelly Mini Champi\u00f1\u00f3n Ch\u00e8vre Cuero"},"content":{"rendered":"<div class=\"c-columns-m-1 c-columns-2 c-columns-gap-s\">\n<div><strong>Material:<\/strong> Cuero Chevre<br \/>\n<strong>Color:<\/strong> Seta<br \/>\n<strong>Elementos met\u00e1licos:<\/strong> Herrajes de oro<br \/>\n<strong>Material interior:<\/strong> Cuero<\/div>\n<div><strong>Grado:<\/strong> 1 <img decoding=\"async\" class=\"info_box alignnone size-medium wp-image-885\" title=\"Informaci\u00f3n\" role=\"img\" src=\"https:\/\/handbag-sense.com\/wp-content\/uploads\/2023\/05\/info_icon.svg\" alt=\"Cuadro de informaci\u00f3n\" width=\"15\" height=\"15\" \/><br \/>\n<strong>A\u00f1o de producci\u00f3n\/Sello:<\/strong> 2024 \/ U<br \/>\n<strong>Tama\u00f1o:<\/strong> 20 x 12 x 6 cm<br \/>\n<strong>Naviero:<\/strong> Mundial<\/div>\n<\/div>\n<p><strong>Incluye:<\/strong> Recibo original, bolsa guardapolvo, correa, folleto, caja<\/p>\n","protected":false},"excerpt":{"rendered":"<p><strong>Herm\u00e8s Kelly Mini Champi\u00f1\u00f3n Ch\u00e8vre Cuero con Herrajes Dorados<\/strong>. Este raro bolso Kelly Mini est\u00e1 hecho a mano con cuero Ch\u00e8vre en el color Champi\u00f1\u00f3n adornado con herrajes dorados. El <strong>bolso Kelly 20 Mushroom<\/strong> es absolutamente nuevo y nunca se ha usado, viene con el recibo original de 2024. Se incluyen una correa para el hombro, una bolsa para el polvo de Herm\u00e8s y la caja naranja. Tambi\u00e9n se puede llevar maravillosamente como bandolera. El <strong>bolso Mini Kelly<\/strong> es perfecto para aquellos que aprecian los detalles m\u00e1s finos. Con su tama\u00f1o compacto, es el compa\u00f1ero ideal para ocasiones especiales o como un accesorio elegante para el uso diario. Ya sea como un regalo especial o una pieza llamativa para tu estilo individual, este bolso Mini Kelly perfeccionar\u00e1 tu look de una manera sutil.<\/p>\n","protected":false},"featured_media":10698,"template":"","meta":[],"product_brand":[2433],"product_cat":[1813,1860,1818,1840,1838],"product_tag":[1870,2070,2069],"class_list":{"0":"post-10680","1":"product","2":"type-product","3":"status-publish","4":"has-post-thumbnail","6":"product_brand-hermes-es","7":"product_cat-bolso","8":"product_cat-bandolera","9":"product_cat-bolso-pequeno","10":"product_cat-clutch-pochette","11":"product_cat-bolso-de-noche","12":"product_tag-hermes-kelly-mini-es","13":"product_tag-kelly-20-champinon","14":"product_tag-kelly-mini-champinon","15":"pa_brand-hermes-es","16":"pa_color-blanco","17":"pa_grade-grado-1","18":"pa_hermes-models-kelly-es","19":"pa_material-cuero","21":"first","22":"outofstock","23":"sold-individually","24":"product-type-simple"},"_links":{"self":[{"href":"https:\/\/handbag-sense.com\/es\/wp-json\/wp\/v2\/product\/10680","targetHints":{"allow":["GET"]}}],"collection":[{"href":"https:\/\/handbag-sense.com\/es\/wp-json\/wp\/v2\/product"}],"about":[{"href":"https:\/\/handbag-sense.com\/es\/wp-json\/wp\/v2\/types\/product"}],"wp:featuredmedia":[{"embeddable":true,"href":"https:\/\/handbag-sense.com\/es\/wp-json\/wp\/v2\/media\/10698"}],"wp:attachment":[{"href":"https:\/\/handbag-sense.com\/es\/wp-json\/wp\/v2\/media?parent=10680"}],"wp:term":[{"taxonomy":"product_brand","embeddable":true,"href":"https:\/\/handbag-sense.com\/es\/wp-json\/wp\/v2\/product_brand?post=10680"},{"taxonomy":"product_cat","embeddable":true,"href":"https:\/\/handbag-sense.com\/es\/wp-json\/wp\/v2\/product_cat?post=10680"},{"taxonomy":"product_tag","embeddable":true,"href":"https:\/\/handbag-sense.com\/es\/wp-json\/wp\/v2\/product_tag?post=10680"}],"curies":[{"name":"wp","href":"https:\/\/api.w.org\/{rel}","templated":true}]}}