{"id":10672,"date":"2024-05-06T17:53:34","date_gmt":"2024-05-06T15:53:34","guid":{"rendered":"https:\/\/handbag-sense.com\/product\/cerradura-picotin-18-vert-comics\/"},"modified":"2025-06-20T15:37:11","modified_gmt":"2025-06-20T13:37:11","slug":"cerradura-picotin-18-vert-comics","status":"publish","type":"product","link":"https:\/\/handbag-sense.com\/es\/producto\/cerradura-picotin-18-vert-comics\/","title":{"rendered":"Cerradura Picotin 18 Vert Comics"},"content":{"rendered":"<div class=\"c-columns-m-1 c-columns-2 c-columns-gap-s\">\n<div><strong>Material:<\/strong> Taurillon Clemence cuero<br \/>\n<strong>Color:<\/strong> Vert Comics<br \/>\n<strong>Elementos met\u00e1licos:<\/strong> Herrajes de paladio<br \/>\n<strong>Material interior:<\/strong> Cuero<\/div>\n<div><strong>Grado:<\/strong> 1 <img decoding=\"async\" class=\"info_box alignnone size-medium wp-image-885\" title=\"Informaci\u00f3n\" role=\"img\" src=\"https:\/\/handbag-sense.com\/wp-content\/uploads\/2023\/05\/info_icon.svg\" alt=\"Cuadro de informaci\u00f3n\" width=\"15\" height=\"15\" \/><br \/>\n<strong>A\u00f1o de producci\u00f3n\/Sello:<\/strong> 2023 \/ U<br \/>\n<strong>Medidas:<\/strong> 18 x 19 x 13,5 cm<br \/>\n<strong>Naviero:<\/strong> Mundial<\/div>\n<\/div>\n<p><strong>Incluye:<\/strong> Recibo original, bolsa guardapolvo, caja<\/p>\n","protected":false},"excerpt":{"rendered":"<p><strong>Herm\u00e8s Picotin Lock 18 Taurillon Clemence Vert Comics con herrajes de paladio.<\/strong> El <strong>bolso Herm\u00e8s Picotin 18<\/strong>, confeccionado artesanalmente en piel Taurillon Clemence en el color Vert Comics, combina comodidad y elegancia y es ideal para la fashionista m\u00e1s exigente. Su interior sin forro y sus asas sencillas y flexibles personifican la elegancia minimalista, creando un accesorio esencial para cualquier armario. El sutil encanto del candado que lo acompa\u00f1a se puede realzar a\u00fan m\u00e1s cuando se combina con joyas a juego, ofreciendo opciones de estilo vers\u00e1tiles, ya sea que se lleven en la mano o en el pliegue del brazo. Esta bolsa est\u00e1 en perfecto estado y va acompa\u00f1ada de una bolsa para el polvo de Herm\u00e8s, una caja de Herm\u00e8s y la factura original de 2023.<\/p>\n","protected":false},"featured_media":10689,"template":"","meta":[],"product_brand":[2433],"product_cat":[1813,1815,1818],"product_tag":[2067,2068],"class_list":{"0":"post-10672","1":"product","2":"type-product","3":"status-publish","4":"has-post-thumbnail","6":"product_brand-hermes-es","7":"product_cat-bolso","8":"product_cat-comprador","9":"product_cat-bolso-pequeno","10":"product_tag-hermes-picotin-18-es","11":"product_tag-picotin-18-vert-comics-es","12":"pa_brand-hermes-es","13":"pa_color-verde","14":"pa_grade-grado-1","15":"pa_material-cuero","17":"first","18":"outofstock","19":"sold-individually","20":"product-type-simple"},"_links":{"self":[{"href":"https:\/\/handbag-sense.com\/es\/wp-json\/wp\/v2\/product\/10672","targetHints":{"allow":["GET"]}}],"collection":[{"href":"https:\/\/handbag-sense.com\/es\/wp-json\/wp\/v2\/product"}],"about":[{"href":"https:\/\/handbag-sense.com\/es\/wp-json\/wp\/v2\/types\/product"}],"wp:featuredmedia":[{"embeddable":true,"href":"https:\/\/handbag-sense.com\/es\/wp-json\/wp\/v2\/media\/10689"}],"wp:attachment":[{"href":"https:\/\/handbag-sense.com\/es\/wp-json\/wp\/v2\/media?parent=10672"}],"wp:term":[{"taxonomy":"product_brand","embeddable":true,"href":"https:\/\/handbag-sense.com\/es\/wp-json\/wp\/v2\/product_brand?post=10672"},{"taxonomy":"product_cat","embeddable":true,"href":"https:\/\/handbag-sense.com\/es\/wp-json\/wp\/v2\/product_cat?post=10672"},{"taxonomy":"product_tag","embeddable":true,"href":"https:\/\/handbag-sense.com\/es\/wp-json\/wp\/v2\/product_tag?post=10672"}],"curies":[{"name":"wp","href":"https:\/\/api.w.org\/{rel}","templated":true}]}}