{"id":10671,"date":"2024-04-30T16:48:48","date_gmt":"2024-04-30T14:48:48","guid":{"rendered":"https:\/\/handbag-sense.com\/product\/timeless-mini-rectangular-negro\/"},"modified":"2025-06-20T15:37:59","modified_gmt":"2025-06-20T13:37:59","slug":"timeless-mini-rectangular-negro","status":"publish","type":"product","link":"https:\/\/handbag-sense.com\/es\/producto\/timeless-mini-rectangular-negro\/","title":{"rendered":"Timeless Mini Rectangular Negro"},"content":{"rendered":"<div class=\"c-columns-m-1 c-columns-2 c-columns-gap-s\">\n<div><strong>Material:<\/strong> Cordero<br \/>\n<strong>Color:<\/strong> Negro<br \/>\n<strong>Elementos met\u00e1licos:<\/strong> Herrajes de oro<br \/>\n<strong>Material interior:<\/strong> Forro textil<\/div>\n<div><strong>Grado: 1<\/strong> <img decoding=\"async\" class=\"info_box alignnone size-medium wp-image-885\" title=\"Informaci\u00f3n\" role=\"img\" src=\"https:\/\/handbag-sense.com\/wp-content\/uploads\/2023\/05\/info_icon.svg\" alt=\"Cuadro de informaci\u00f3n\" width=\"15\" height=\"15\" \/><br \/>\n<strong>A\u00f1o de producci\u00f3n\/c\u00f3digo de serie:<\/strong> 2017, a partir de 244...<br \/>\n<strong>Tama\u00f1o:<\/strong> 20 x 12 x 6 cm<\/div>\n<\/div>\n<p><strong>Incluye: <\/strong>Recibo original, tarjeta de autenticidad, bolsa guardapolvo, fieltro, folleto, caja<\/p>\n","protected":false},"excerpt":{"rendered":"<p><strong>CHANEL Timeless Mini Rectangular Negro con Herrajes Dorados<\/strong>. El <strong>bolso con solapa rectangular Timeless Mini<\/strong> est\u00e1 confeccionado en piel de cordero negra y cuenta con una correa de cadena tejida y un cierre CC en acabado dorado. El interior del bolso est\u00e1 dividido en un compartimento principal con un bolsillo con cremallera, as\u00ed como un bolsillo adicional en la parte posterior del bolso. Ofrece un amplio espacio para elementos esenciales como un tel\u00e9fono m\u00f3vil, l\u00e1piz labial y tarjetero. Este peque\u00f1o bolso con solapa se puede llevar colgado del hombro o cruzado. Un bolso c\u00f3modo y compacto, encarna el dise\u00f1o cl\u00e1sico de Chanel y es el compa\u00f1ero ideal para cualquier evento de noche. El <strong>mini bolso con solapa rectangular de Chanel<\/strong> es nuevo y sin usar, y viene con una tarjeta de autenticidad, una bolsa para el polvo y en una caja de Chanel.<\/p>\n","protected":false},"featured_media":10675,"template":"","meta":[],"product_brand":[2418],"product_cat":[1813,1860,1818,1838,1820],"product_tag":[2061,2063],"class_list":{"0":"post-10671","1":"product","2":"type-product","3":"status-publish","4":"has-post-thumbnail","6":"product_brand-chanel-es","7":"product_cat-bolso","8":"product_cat-bandolera","9":"product_cat-bolso-pequeno","10":"product_cat-bolso-de-noche","11":"product_cat-bolso-cruzado","12":"product_tag-chanel-mini-negro","13":"product_tag-chanel-timeless-mini-es","14":"pa_brand-chanel-es","15":"pa_chanel-models-timeless-classique-es","16":"pa_color-negro","17":"pa_material-cuero","19":"first","20":"outofstock","21":"product-type-simple"},"_links":{"self":[{"href":"https:\/\/handbag-sense.com\/es\/wp-json\/wp\/v2\/product\/10671","targetHints":{"allow":["GET"]}}],"collection":[{"href":"https:\/\/handbag-sense.com\/es\/wp-json\/wp\/v2\/product"}],"about":[{"href":"https:\/\/handbag-sense.com\/es\/wp-json\/wp\/v2\/types\/product"}],"wp:featuredmedia":[{"embeddable":true,"href":"https:\/\/handbag-sense.com\/es\/wp-json\/wp\/v2\/media\/10675"}],"wp:attachment":[{"href":"https:\/\/handbag-sense.com\/es\/wp-json\/wp\/v2\/media?parent=10671"}],"wp:term":[{"taxonomy":"product_brand","embeddable":true,"href":"https:\/\/handbag-sense.com\/es\/wp-json\/wp\/v2\/product_brand?post=10671"},{"taxonomy":"product_cat","embeddable":true,"href":"https:\/\/handbag-sense.com\/es\/wp-json\/wp\/v2\/product_cat?post=10671"},{"taxonomy":"product_tag","embeddable":true,"href":"https:\/\/handbag-sense.com\/es\/wp-json\/wp\/v2\/product_tag?post=10671"}],"curies":[{"name":"wp","href":"https:\/\/api.w.org\/{rel}","templated":true}]}}