{"id":10670,"date":"2024-04-10T13:29:17","date_gmt":"2024-04-10T11:29:17","guid":{"rendered":"https:\/\/handbag-sense.com\/product\/cartera-constance-slim-epsom-negro\/"},"modified":"2025-06-20T15:41:04","modified_gmt":"2025-06-20T13:41:04","slug":"cartera-constance-slim-epsom-negro","status":"publish","type":"product","link":"https:\/\/handbag-sense.com\/es\/producto\/cartera-constance-slim-epsom-negro\/","title":{"rendered":"Cartera Constance Slim Epsom Negro"},"content":{"rendered":"<div class=\"c-columns-m-1 c-columns-2 c-columns-gap-s\">\n<div><strong>Material:<\/strong> Cuero Epsom<br \/>\n<strong>Color:<\/strong> Negro<br \/>\n<strong>Elementos met\u00e1licos:<\/strong> Herrajes de oro<br \/>\n<strong>Material interior:<\/strong> Cuero<\/div>\n<div><strong>Grado: 1<\/strong> <img decoding=\"async\" class=\"info_box alignnone size-medium wp-image-885\" title=\"Informaci\u00f3n\" role=\"img\" src=\"https:\/\/handbag-sense.com\/wp-content\/uploads\/2023\/05\/info_icon.svg\" alt=\"Cuadro de informaci\u00f3n\" width=\"15\" height=\"15\" \/><br \/>\n<strong>A\u00f1o de producci\u00f3n\/Sello:<\/strong> 2024 \/ W<br \/>\n<strong>Tama\u00f1o:<\/strong> 12 x 10 x 2 cm<br \/>\n<strong>Naviero:<\/strong> Mundial<\/div>\n<\/div>\n<p><strong>Incluye:<\/strong> Recibo original, bolsa para el polvo, fieltro, caja<\/p>\n","protected":false},"excerpt":{"rendered":"<p><strong>Cartera Herm\u00e8s Constance Slim Epsom Negro con Herrajes Dorados.<\/strong> Esta cl\u00e1sica cartera Constance Slim est\u00e1 hecha a mano en piel Epsom en color negro y adornada con herrajes dorados. El Constance Slim se distingue por su ic\u00f3nico cierre en forma de \"H\". En el interior, cuenta con dos ranuras y un peque\u00f1o estuche extra\u00edble con cremallera. El lazo \u00fanico en la parte posterior permite que esta elegante billetera se use como ri\u00f1onera. Se entrega en estado nuevo y sin usar con la bolsa para el polvo y la caja original de Herm\u00e8s, una verdadera mejora para cualquier colecci\u00f3n.<\/p>\n","protected":false},"featured_media":10674,"template":"","meta":[],"product_brand":[2433],"product_cat":[1888],"product_tag":[2064,2062],"class_list":{"0":"post-10670","1":"product","2":"type-product","3":"status-publish","4":"has-post-thumbnail","6":"product_brand-hermes-es","7":"product_cat-maletin","8":"product_tag-constance-slim-negro","9":"product_tag-hermes-slim-constanza","10":"pa_brand-hermes-es","11":"pa_color-negro","12":"pa_grade-grado-1","13":"pa_hermes-models-constance-es","14":"pa_hermes-models-otros-modelos","15":"pa_material-cuero","17":"first","18":"outofstock","19":"shipping-taxable","20":"product-type-simple"},"_links":{"self":[{"href":"https:\/\/handbag-sense.com\/es\/wp-json\/wp\/v2\/product\/10670","targetHints":{"allow":["GET"]}}],"collection":[{"href":"https:\/\/handbag-sense.com\/es\/wp-json\/wp\/v2\/product"}],"about":[{"href":"https:\/\/handbag-sense.com\/es\/wp-json\/wp\/v2\/types\/product"}],"wp:featuredmedia":[{"embeddable":true,"href":"https:\/\/handbag-sense.com\/es\/wp-json\/wp\/v2\/media\/10674"}],"wp:attachment":[{"href":"https:\/\/handbag-sense.com\/es\/wp-json\/wp\/v2\/media?parent=10670"}],"wp:term":[{"taxonomy":"product_brand","embeddable":true,"href":"https:\/\/handbag-sense.com\/es\/wp-json\/wp\/v2\/product_brand?post=10670"},{"taxonomy":"product_cat","embeddable":true,"href":"https:\/\/handbag-sense.com\/es\/wp-json\/wp\/v2\/product_cat?post=10670"},{"taxonomy":"product_tag","embeddable":true,"href":"https:\/\/handbag-sense.com\/es\/wp-json\/wp\/v2\/product_tag?post=10670"}],"curies":[{"name":"wp","href":"https:\/\/api.w.org\/{rel}","templated":true}]}}