{"id":10610,"date":"2024-03-19T16:02:35","date_gmt":"2024-03-19T15:02:35","guid":{"rendered":"https:\/\/handbag-sense.com\/product\/kelly-mini-cocodrilo-negro-brillante\/"},"modified":"2025-06-20T15:47:55","modified_gmt":"2025-06-20T13:47:55","slug":"hermes-kelly-mini-20-cocodrilo-negro","status":"publish","type":"product","link":"https:\/\/handbag-sense.com\/es\/producto\/hermes-kelly-mini-20-cocodrilo-negro\/","title":{"rendered":"Kelly Mini 20 Cocodrilo Negro"},"content":{"rendered":"<div class=\"c-columns-m-1 c-columns-2 c-columns-gap-s\">\n<div><strong>Material:<\/strong> Cocodrilo brillante<br \/>\n<strong>Color:<\/strong> Negro<br \/>\n<strong>Elementos met\u00e1licos:<\/strong> Herrajes de oro<br \/>\n<strong>Material interior:<\/strong> Cuero<\/div>\n<div><strong>Grado:<\/strong> 1 <img decoding=\"async\" class=\"info_box alignnone size-medium wp-image-885\" title=\"Informaci\u00f3n\" role=\"img\" src=\"https:\/\/handbag-sense.com\/wp-content\/uploads\/2023\/05\/info_icon.svg\" alt=\"Cuadro de informaci\u00f3n\" width=\"15\" height=\"15\" \/><br \/>\n<strong>A\u00f1o de producci\u00f3n\/Sello:<\/strong> 2022 \/ U<br \/>\n<strong>Tama\u00f1o:<\/strong> 20 x 12 x 6 cm<br \/>\n<strong>Naviero:<\/strong> Mundial<\/div>\n<\/div>\n<p><strong>Incluye:<\/strong> Recibo original, citas, bolsa guardapolvo, correa, fieltro, cuadernillo, caja<\/p>\n","protected":false},"excerpt":{"rendered":"<p><strong>Herm\u00e8s Kelly Mini 20 Cocodrilo Negro Brillante con Herrajes Dorados. <\/strong>Descubra el m\u00e1ximo lujo con el <strong>Herm\u00e8s Kelly Mini<\/strong> en negro brillante, hecho a mano con exquisita piel de cocodrilo, complementado con herrajes dorados. El <strong>Herm\u00e8s Mini Kelly<\/strong> es el ep\u00edtome del estilo y la clase, haciendo una verdadera declaraci\u00f3n en el mundo de la moda. Ya sea para ocasiones especiales o como compa\u00f1ero de todos los d\u00edas, este bolso pone acentos inconfundibles. Una pieza de coleccionista realmente especial, la <strong>Herm\u00e8s Kelly en tama\u00f1o de 20 cm<\/strong> , le invita a sumergirse en el mundo del lujo y la elegancia. \u00a1Asegure su <strong>Herm\u00e8s 20 Kelly<\/strong> y experimente la exclusividad y el dise\u00f1o excepcional que solo Herm\u00e8s puede ofrecer!<\/p>\n<div class=\"group\/conversation-turn relative flex w-full min-w-0 flex-col agent-turn\">\n<div class=\"flex-col gap-1 md:gap-3\">\n<div class=\"flex max-w-full flex-col flex-grow\">\n<div class=\"min-h-8 text-message flex w-full flex-col items-end gap-2 whitespace-normal break-words [.text-message+&amp;]:mt-5\" dir=\"auto\" data-message-author-role=\"assistant\" data-message-id=\"8b99d415-3ea7-456f-a3e4-492751827236\" data-message-model-slug=\"gpt-4o\">\n<div class=\"flex w-full flex-col gap-1 empty:hidden first:pt-[3px]\">\n<div class=\"markdown prose w-full break-words dark:prose-invert light\">\n<p>Esta magn\u00edfica Kelly 20 en estilo Sellier es completamente nueva y nunca ha sido usada; se entrega con el recibo original de 2022. Incluye una correa para el hombro, la bolsa de polvo de Herm\u00e8s y la ic\u00f3nica caja naranja.<\/p>\n<\/div>\n<\/div>\n<\/div>\n<\/div>\n<\/div>\n<\/div>\n","protected":false},"featured_media":10637,"template":"","meta":[],"product_brand":[2433],"product_cat":[1813,1818,1840,1838],"product_tag":[1870,1882,1911],"class_list":{"0":"post-10610","1":"product","2":"type-product","3":"status-publish","4":"has-post-thumbnail","6":"product_brand-hermes-es","7":"product_cat-bolso","8":"product_cat-bolso-pequeno","9":"product_cat-clutch-pochette","10":"product_cat-bolso-de-noche","11":"product_tag-hermes-kelly-mini-es","12":"product_tag-kelly-mini-caiman","13":"product_tag-kelly-mini-negro","14":"pa_brand-hermes-es","15":"pa_color-verde","16":"pa_color-gris","17":"pa_grade-grado-1","18":"pa_hermes-models-kelly-es","19":"pa_material-cuero","20":"pa_material-cuero-exotico","22":"first","23":"outofstock","24":"shipping-taxable","25":"product-type-simple"},"_links":{"self":[{"href":"https:\/\/handbag-sense.com\/es\/wp-json\/wp\/v2\/product\/10610","targetHints":{"allow":["GET"]}}],"collection":[{"href":"https:\/\/handbag-sense.com\/es\/wp-json\/wp\/v2\/product"}],"about":[{"href":"https:\/\/handbag-sense.com\/es\/wp-json\/wp\/v2\/types\/product"}],"wp:featuredmedia":[{"embeddable":true,"href":"https:\/\/handbag-sense.com\/es\/wp-json\/wp\/v2\/media\/10637"}],"wp:attachment":[{"href":"https:\/\/handbag-sense.com\/es\/wp-json\/wp\/v2\/media?parent=10610"}],"wp:term":[{"taxonomy":"product_brand","embeddable":true,"href":"https:\/\/handbag-sense.com\/es\/wp-json\/wp\/v2\/product_brand?post=10610"},{"taxonomy":"product_cat","embeddable":true,"href":"https:\/\/handbag-sense.com\/es\/wp-json\/wp\/v2\/product_cat?post=10610"},{"taxonomy":"product_tag","embeddable":true,"href":"https:\/\/handbag-sense.com\/es\/wp-json\/wp\/v2\/product_tag?post=10610"}],"curies":[{"name":"wp","href":"https:\/\/api.w.org\/{rel}","templated":true}]}}