{"id":10609,"date":"2024-03-20T16:21:44","date_gmt":"2024-03-20T15:21:44","guid":{"rendered":"https:\/\/handbag-sense.com\/product\/keepall-bandouliere-50-optica-blanco\/"},"modified":"2025-06-20T15:43:30","modified_gmt":"2025-06-20T13:43:30","slug":"keepall-bandouliere-50-optica-blanco","status":"publish","type":"product","link":"https:\/\/handbag-sense.com\/es\/producto\/keepall-bandouliere-50-optica-blanco\/","title":{"rendered":"Keepall Bandouli\u00e8re 50 \u00d3ptica Blanco"},"content":{"rendered":"<div class=\"c-columns-m-1 c-columns-2 c-columns-gap-s\">\n<div><strong>Material:<\/strong> Cuero<br \/>\n<strong>Color:<\/strong> blanco<br \/>\n<strong>Elementos met\u00e1licos:<\/strong> Metal blanco<\/div>\n<div><strong>Grado:<\/strong> 1 <img decoding=\"async\" class=\"info_box alignnone size-medium wp-image-885\" title=\"Informaci\u00f3n\" role=\"img\" src=\"https:\/\/handbag-sense.com\/wp-content\/uploads\/2023\/05\/info_icon.svg\" alt=\"Cuadro de informaci\u00f3n\" width=\"15\" height=\"15\" \/><br \/>\n<strong>Material interior:<\/strong> Forro textil<br \/>\n<strong>Tama\u00f1o:<\/strong> 50 x 29 x 23 cm<\/div>\n<\/div>\n<p><strong>Incluye:<\/strong> Bolsa guardapolvo, correa para el hombro, cerradura, llaves, etiqueta de equipaje<\/p>\n<p>&nbsp;<\/p>\n","protected":false},"excerpt":{"rendered":"<p><strong>Louis Vuitton Keepall Bandouli\u00e8re 50 Blanco \u00d3ptico.<\/strong> Eleve su estilo de viaje con este excepcional Louis Vuitton Keepall Bandouli\u00e8re 50, una mezcla \u00fanica de arte y artesan\u00eda. Con su espacioso interior, tendr\u00e1s un amplio espacio para empacar tus elementos esenciales para cualquier viaje. Los herrajes plateados a\u00f1aden un toque de elegancia al bolso, complementando perfectamente el dise\u00f1o general. El interior est\u00e1 elegantemente forrado con material textil blanco, lo que a\u00f1ade un toque de lujo a su funcionalidad. La bolsa de viaje <strong>Louis Vuitton Optic White <\/strong>est\u00e1 en un estado nuevo y sin usar.<\/p>\n","protected":false},"featured_media":10631,"template":"","meta":[],"product_brand":[2437],"product_cat":[1922],"product_tag":[1976],"class_list":{"0":"post-10609","1":"product","2":"type-product","3":"status-publish","4":"has-post-thumbnail","6":"product_brand-louis-vuitton-es","7":"product_cat-bolsa-de-viaje","8":"product_tag-nigo-blue-keepall-es","9":"pa_brand-louis-vuitton-es","10":"pa_color-negro","11":"pa_color-gris","12":"pa_grade-grado-4","13":"pa_material-cuero","14":"pa_material-lona","15":"pa_material-otros-materiales","17":"first","18":"outofstock","19":"shipping-taxable","20":"product-type-simple"},"_links":{"self":[{"href":"https:\/\/handbag-sense.com\/es\/wp-json\/wp\/v2\/product\/10609","targetHints":{"allow":["GET"]}}],"collection":[{"href":"https:\/\/handbag-sense.com\/es\/wp-json\/wp\/v2\/product"}],"about":[{"href":"https:\/\/handbag-sense.com\/es\/wp-json\/wp\/v2\/types\/product"}],"wp:featuredmedia":[{"embeddable":true,"href":"https:\/\/handbag-sense.com\/es\/wp-json\/wp\/v2\/media\/10631"}],"wp:attachment":[{"href":"https:\/\/handbag-sense.com\/es\/wp-json\/wp\/v2\/media?parent=10609"}],"wp:term":[{"taxonomy":"product_brand","embeddable":true,"href":"https:\/\/handbag-sense.com\/es\/wp-json\/wp\/v2\/product_brand?post=10609"},{"taxonomy":"product_cat","embeddable":true,"href":"https:\/\/handbag-sense.com\/es\/wp-json\/wp\/v2\/product_cat?post=10609"},{"taxonomy":"product_tag","embeddable":true,"href":"https:\/\/handbag-sense.com\/es\/wp-json\/wp\/v2\/product_tag?post=10609"}],"curies":[{"name":"wp","href":"https:\/\/api.w.org\/{rel}","templated":true}]}}