{"id":10601,"date":"2024-03-25T17:55:50","date_gmt":"2024-03-25T16:55:50","guid":{"rendered":"https:\/\/handbag-sense.com\/product\/cartera-on-chain-negro-2\/"},"modified":"2025-06-20T15:42:36","modified_gmt":"2025-06-20T13:42:36","slug":"cartera-on-chain-negro-2","status":"publish","type":"product","link":"https:\/\/handbag-sense.com\/es\/producto\/cartera-on-chain-negro-2\/","title":{"rendered":"Cartera On Chain Negro"},"content":{"rendered":"<div class=\"c-columns-m-1 c-columns-2 c-columns-gap-s\">\n<div><strong>Material:<\/strong> Cuero de caviar<br \/>\n<strong>Color:<\/strong> Negro<br \/>\n<strong>Elementos met\u00e1licos:<\/strong> Herrajes de oro<br \/>\n<strong>Material interior:<\/strong> Forro textil<\/div>\n<div><strong>Calificaci\u00f3n: <\/strong> 3\/4 <img decoding=\"async\" class=\"info_box alignnone size-medium wp-image-885\" title=\"Informaci\u00f3n\" role=\"img\" src=\"https:\/\/handbag-sense.com\/wp-content\/uploads\/2023\/05\/info_icon.svg\" alt=\"Cuadro de informaci\u00f3n\" width=\"15\" height=\"15\" \/><br \/>\n<strong>A\u00f1o de producci\u00f3n\/carta:<\/strong> 2013, comienza con 182...<br \/>\n<strong>Medidas:<\/strong> 19,5 x 13 x 3 cm<\/div>\n<\/div>\n<p><strong>Incluye:<\/strong> Tarjeta de autenticidad, bolsa para el polvo, caja, recibo original<\/p>\n","protected":false},"excerpt":{"rendered":"<p><strong>Chanel Cartera On Chain negra.<\/strong> La Chanel Wallet On Chain es un accesorio atemporal en el estilo cl\u00e1sico de Chanel. Su peque\u00f1o tama\u00f1o lo hace perfecto como bolso de noche. El bolso est\u00e1 hecho de cuero caviar, los herrajes y la cadena para el hombro en metal dorado. El interior de la bolsa se divide en dos compartimentos principales y un compartimento con cremallera. Debajo de la solapa hay otro compartimento con cremallera. El WOC se puede llevar colgado del hombro, as\u00ed como cruzado. Este peque\u00f1o bolso rara vez se us\u00f3, por lo tanto est\u00e1 en muy buenas condiciones, viene con la bolsa para el polvo, la tarjeta de autenticidad, el recibo original y la caja Chanel.<\/p>\n","protected":false},"featured_media":10614,"template":"","meta":[],"product_brand":[2418],"product_cat":[1860,1818,1840,1838,1820,1822],"product_tag":[2048,2047],"class_list":{"0":"post-10601","1":"product","2":"type-product","3":"status-publish","4":"has-post-thumbnail","6":"product_brand-chanel-es","7":"product_cat-bandolera","8":"product_cat-bolso-pequeno","9":"product_cat-clutch-pochette","10":"product_cat-bolso-de-noche","11":"product_cat-bolso-cruzado","12":"product_cat-accesorio","13":"product_tag-cartera-chanel-en-cadena","14":"product_tag-chanel-woc-balck-es","15":"pa_brand-chanel-es","16":"pa_chanel-models-wallet-on-chain-es","17":"pa_color-negro","18":"pa_grade-grado-4","19":"pa_material-cuero","21":"first","22":"outofstock","23":"shipping-taxable","24":"product-type-simple"},"_links":{"self":[{"href":"https:\/\/handbag-sense.com\/es\/wp-json\/wp\/v2\/product\/10601","targetHints":{"allow":["GET"]}}],"collection":[{"href":"https:\/\/handbag-sense.com\/es\/wp-json\/wp\/v2\/product"}],"about":[{"href":"https:\/\/handbag-sense.com\/es\/wp-json\/wp\/v2\/types\/product"}],"wp:featuredmedia":[{"embeddable":true,"href":"https:\/\/handbag-sense.com\/es\/wp-json\/wp\/v2\/media\/10614"}],"wp:attachment":[{"href":"https:\/\/handbag-sense.com\/es\/wp-json\/wp\/v2\/media?parent=10601"}],"wp:term":[{"taxonomy":"product_brand","embeddable":true,"href":"https:\/\/handbag-sense.com\/es\/wp-json\/wp\/v2\/product_brand?post=10601"},{"taxonomy":"product_cat","embeddable":true,"href":"https:\/\/handbag-sense.com\/es\/wp-json\/wp\/v2\/product_cat?post=10601"},{"taxonomy":"product_tag","embeddable":true,"href":"https:\/\/handbag-sense.com\/es\/wp-json\/wp\/v2\/product_tag?post=10601"}],"curies":[{"name":"wp","href":"https:\/\/api.w.org\/{rel}","templated":true}]}}