{"id":10554,"date":"2024-04-05T14:05:36","date_gmt":"2024-04-05T12:05:36","guid":{"rendered":"https:\/\/handbag-sense.com\/product\/bowling-montaigne-gm-noir\/"},"modified":"2025-06-20T15:41:43","modified_gmt":"2025-06-20T13:41:43","slug":"bowling-montaigne-gm-noir","status":"publish","type":"product","link":"https:\/\/handbag-sense.com\/es\/producto\/bowling-montaigne-gm-noir\/","title":{"rendered":"Bowling Montaigne GM Noir"},"content":{"rendered":"<div class=\"c-columns-m-1 c-columns-2 c-columns-gap-s\">\n<div><strong>Material:<\/strong> Epi Cuero<br \/>\n<strong>Color:<\/strong> Negro<br \/>\n<strong>Elementos met\u00e1licos:<\/strong> Metal de plata<\/div>\n<div><strong>Calificaci\u00f3n:<\/strong> 4 <img decoding=\"async\" class=\"info_box alignnone size-medium wp-image-885\" title=\"Informaci\u00f3n\" role=\"img\" src=\"https:\/\/handbag-sense.com\/wp-content\/uploads\/2023\/05\/info_icon.svg\" alt=\"Cuadro de informaci\u00f3n\" width=\"15\" height=\"15\" \/><br \/>\n<strong>Material interior:<\/strong> Forro textil<br \/>\n<strong>Tama\u00f1o:<\/strong> 37 x 26 x 17 cm<\/div>\n<\/div>\n<p><strong>Incluye:<\/strong> Bolsa para el polvo, Recibo original<\/p>\n","protected":false},"excerpt":{"rendered":"<p><strong>Louis Vuitton Bowling Montaigne GM Negro.<\/strong> El bolso bowling de piel Louis Vuitton Montaigne encarna la elegancia y la artesan\u00eda cl\u00e1sicas de la marca. Confeccionado en la ic\u00f3nica piel de espiga de LV, este bolso tiene una silueta estructurada y sofisticada que es perfecta para cualquier ocasi\u00f3n, ofreciendo estilo y funcionalidad para un look elegante para el d\u00eda a d\u00eda. El <strong>Louis Vuitton Montaigne Black<\/strong> est\u00e1 en muy buenas condiciones, viene con la bolsa para el polvo y el recibo original de 2009.<\/p>\n","protected":false},"featured_media":10567,"template":"","meta":[],"product_brand":[2437],"product_cat":[1813,1815],"product_tag":[],"class_list":{"0":"post-10554","1":"product","2":"type-product","3":"status-publish","4":"has-post-thumbnail","6":"product_brand-louis-vuitton-es","7":"product_cat-bolso","8":"product_cat-comprador","9":"pa_brand-louis-vuitton-es","10":"pa_color-marron","11":"pa_grade-grado-2","12":"pa_material-cuero","13":"pa_material-lona","15":"first","16":"instock","17":"shipping-taxable","18":"purchasable","19":"product-type-simple"},"_links":{"self":[{"href":"https:\/\/handbag-sense.com\/es\/wp-json\/wp\/v2\/product\/10554","targetHints":{"allow":["GET"]}}],"collection":[{"href":"https:\/\/handbag-sense.com\/es\/wp-json\/wp\/v2\/product"}],"about":[{"href":"https:\/\/handbag-sense.com\/es\/wp-json\/wp\/v2\/types\/product"}],"wp:featuredmedia":[{"embeddable":true,"href":"https:\/\/handbag-sense.com\/es\/wp-json\/wp\/v2\/media\/10567"}],"wp:attachment":[{"href":"https:\/\/handbag-sense.com\/es\/wp-json\/wp\/v2\/media?parent=10554"}],"wp:term":[{"taxonomy":"product_brand","embeddable":true,"href":"https:\/\/handbag-sense.com\/es\/wp-json\/wp\/v2\/product_brand?post=10554"},{"taxonomy":"product_cat","embeddable":true,"href":"https:\/\/handbag-sense.com\/es\/wp-json\/wp\/v2\/product_cat?post=10554"},{"taxonomy":"product_tag","embeddable":true,"href":"https:\/\/handbag-sense.com\/es\/wp-json\/wp\/v2\/product_tag?post=10554"}],"curies":[{"name":"wp","href":"https:\/\/api.w.org\/{rel}","templated":true}]}}