{"id":10551,"date":"2024-03-19T15:34:32","date_gmt":"2024-03-19T14:34:32","guid":{"rendered":"https:\/\/handbag-sense.com\/product\/cinturon-kelly-18-blanco\/"},"modified":"2025-06-20T15:47:58","modified_gmt":"2025-06-20T13:47:58","slug":"cinturon-kelly-18-blanco","status":"publish","type":"product","link":"https:\/\/handbag-sense.com\/es\/producto\/cinturon-kelly-18-blanco\/","title":{"rendered":"Cintur\u00f3n Kelly 18 Blanco"},"content":{"rendered":"<div class=\"c-columns-m-1 c-columns-2 c-columns-gap-s\">\n<div><strong>Material:<\/strong> Cuero Epsom<br \/>\n<strong>Color:<\/strong> Blanco<br \/>\n<strong>Elementos met\u00e1licos:<\/strong> Herrajes de oro rosa<br \/>\n<strong>Material interior:<\/strong> Cuero<\/div>\n<div><strong>Grado: <\/strong> 1  <img decoding=\"async\" class=\"info_box alignnone size-medium wp-image-885\" title=\"Informaci\u00f3n\" role=\"img\" src=\"https:\/\/handbag-sense.com\/wp-content\/uploads\/2023\/05\/info_icon.svg\" alt=\"Cuadro de informaci\u00f3n\" width=\"15\" height=\"15\"><br \/>\n<strong>A\u00f1o de producci\u00f3n\/Sello:<\/strong> 2023 \/ B<br \/>\n<strong>Tama\u00f1o:<\/strong> 60 - 100 cm 18 mm<br \/>\n<strong>Naviero:<\/strong> Mundial<\/div>\n<\/div>\n<p><strong>Incluye:<\/strong> Recibo original, bolsa guardapolvo, caja<\/p>\n","protected":false},"excerpt":{"rendered":"<p><strong>Cintur\u00f3n Herm\u00e8s Kelly 18.  <\/strong>Cintur\u00f3n Herm\u00e8s Kelly confeccionado en piel Epsom en blanco radiante. Este exquisito accesorio est\u00e1 coronado con el ic\u00f3nico cierre Kelly de metal oro rosa, que a\u00f1ade un toque de lujo y elegancia atemporal. Su innovador y sofisticado sistema de deslizamiento permite un dise\u00f1o flexible de talla \u00fanica que se adapta perfectamente a su silueta individual. Ya sea que se use en la cintura o en la cadera, este cintur\u00f3n ofrece una combinaci\u00f3n perfecta de funcionalidad y est\u00e9tica. Un accesorio esencial para aquellos que valoran los acentos elegantes con utilidad pr\u00e1ctica.<\/p>\n","protected":false},"featured_media":10569,"template":"","meta":[],"product_brand":[2433],"product_cat":[1887],"product_tag":[2033,2040],"class_list":{"0":"post-10551","1":"product","2":"type-product","3":"status-publish","4":"has-post-thumbnail","6":"product_brand-hermes-es","7":"product_cat-cinturon","8":"product_tag-cinturon-hermes-kelly","9":"product_tag-cinturon-kelly-blanco","10":"pa_brand-hermes-es","11":"pa_color-beige-es","12":"pa_grade-grado-1","13":"pa_material-cuero","15":"first","16":"instock","17":"shipping-taxable","18":"purchasable","19":"product-type-simple"},"_links":{"self":[{"href":"https:\/\/handbag-sense.com\/es\/wp-json\/wp\/v2\/product\/10551","targetHints":{"allow":["GET"]}}],"collection":[{"href":"https:\/\/handbag-sense.com\/es\/wp-json\/wp\/v2\/product"}],"about":[{"href":"https:\/\/handbag-sense.com\/es\/wp-json\/wp\/v2\/types\/product"}],"wp:featuredmedia":[{"embeddable":true,"href":"https:\/\/handbag-sense.com\/es\/wp-json\/wp\/v2\/media\/10569"}],"wp:attachment":[{"href":"https:\/\/handbag-sense.com\/es\/wp-json\/wp\/v2\/media?parent=10551"}],"wp:term":[{"taxonomy":"product_brand","embeddable":true,"href":"https:\/\/handbag-sense.com\/es\/wp-json\/wp\/v2\/product_brand?post=10551"},{"taxonomy":"product_cat","embeddable":true,"href":"https:\/\/handbag-sense.com\/es\/wp-json\/wp\/v2\/product_cat?post=10551"},{"taxonomy":"product_tag","embeddable":true,"href":"https:\/\/handbag-sense.com\/es\/wp-json\/wp\/v2\/product_tag?post=10551"}],"curies":[{"name":"wp","href":"https:\/\/api.w.org\/{rel}","templated":true}]}}