{"id":10550,"date":"2024-03-22T17:27:04","date_gmt":"2024-03-22T16:27:04","guid":{"rendered":"https:\/\/handbag-sense.com\/product\/evelyne-iii-33-taurillon-clemence-bleu-brighton\/"},"modified":"2025-06-20T15:42:52","modified_gmt":"2025-06-20T13:42:52","slug":"evelyne-iii-33-taurillon-clemence-bleu-brighton","status":"publish","type":"product","link":"https:\/\/handbag-sense.com\/es\/producto\/evelyne-iii-33-taurillon-clemence-bleu-brighton\/","title":{"rendered":"Evelyne III 33 Taurillon Clemence Bleu Brighton"},"content":{"rendered":"<div class=\"c-columns-m-1 c-columns-2 c-columns-gap-s\">\n<div><strong>Material:<\/strong> Taurillon Clemence Cuero<br \/>\n<strong>Color:<\/strong> Bleu Brighton<br \/>\n<strong>Elementos met\u00e1licos:<\/strong> Herrajes de paladio<br \/>\n<strong>Material interior:<\/strong> Piel natural<\/div>\n<div><strong>Grado: 3<\/strong> <img decoding=\"async\" class=\"info_box alignnone size-medium wp-image-885\" title=\"Informaci\u00f3n\" role=\"img\" src=\"https:\/\/handbag-sense.com\/wp-content\/uploads\/2023\/05\/info_icon.svg\" alt=\"Cuadro de informaci\u00f3n\" width=\"15\" height=\"15\" \/><br \/>\n<strong>A\u00f1o de producci\u00f3n\/Sello:<\/strong> 2018 \/ C<br \/>\n<strong>Tama\u00f1o:<\/strong> 33 x 33 x 11 cm<br \/>\n<strong>Naviero:<\/strong> Mundial<\/div>\n<\/div>\n<p><strong>Incluye:<\/strong> Fotocopia del recibo, bolsa guardapolvo, correa, cuadernillo, caja<\/p>\n","protected":false},"excerpt":{"rendered":"<p><strong>Herm\u00e8s Evelyne III 33 Taurillon Clemence Bleu Brighton Palladium Herrajes.<\/strong> Confeccionado en 2018, este bolso Evelyne luce el vibrante color Bleu Brighton en piel Taurillon Clemence, complementado con herrajes plateados. El dise\u00f1o cuenta con un compartimento principal y un bolsillo adicional en la parte posterior. El Evelyne se distingue por sus costuras tonales, un cierre extra\u00edble y el ic\u00f3nico \u00f3valo en H perforado de Herm\u00e8s en la parte delantera. Una correa cruzada revela un interior de cuero natural, mientras que el bolso cuenta con una correa cruzada de lona\/cuero desmontable en el hombro en un color Bleu Brighton a juego. Este pr\u00e1ctico bolso de mensajero es una opci\u00f3n ideal para los art\u00edculos esenciales del d\u00eda a d\u00eda, ya que irradia la elegancia caracter\u00edstica de Herm\u00e8s. El bolso est\u00e1 en excelentes condiciones, sin signos de desgaste, encarnando tanto el estilo como la practicidad.<\/p>\n","protected":false},"featured_media":10564,"template":"","meta":[],"product_brand":[2433],"product_cat":[1860,1813,1820],"product_tag":[2039,2038],"class_list":{"0":"post-10550","1":"product","2":"type-product","3":"status-publish","4":"has-post-thumbnail","6":"product_brand-hermes-es","7":"product_cat-bandolera","8":"product_cat-bolso","9":"product_cat-bolso-cruzado","10":"product_tag-hermes-evelyne-bleu-brighton-es","11":"product_tag-hermes-evelyne-iii-33-es","12":"pa_brand-hermes-es","13":"pa_color-oro","14":"pa_grade-grado-1","15":"pa_hermes-models-evelyne-es","16":"pa_material-cuero","18":"first","19":"instock","20":"shipping-taxable","21":"purchasable","22":"product-type-simple"},"_links":{"self":[{"href":"https:\/\/handbag-sense.com\/es\/wp-json\/wp\/v2\/product\/10550","targetHints":{"allow":["GET"]}}],"collection":[{"href":"https:\/\/handbag-sense.com\/es\/wp-json\/wp\/v2\/product"}],"about":[{"href":"https:\/\/handbag-sense.com\/es\/wp-json\/wp\/v2\/types\/product"}],"wp:featuredmedia":[{"embeddable":true,"href":"https:\/\/handbag-sense.com\/es\/wp-json\/wp\/v2\/media\/10564"}],"wp:attachment":[{"href":"https:\/\/handbag-sense.com\/es\/wp-json\/wp\/v2\/media?parent=10550"}],"wp:term":[{"taxonomy":"product_brand","embeddable":true,"href":"https:\/\/handbag-sense.com\/es\/wp-json\/wp\/v2\/product_brand?post=10550"},{"taxonomy":"product_cat","embeddable":true,"href":"https:\/\/handbag-sense.com\/es\/wp-json\/wp\/v2\/product_cat?post=10550"},{"taxonomy":"product_tag","embeddable":true,"href":"https:\/\/handbag-sense.com\/es\/wp-json\/wp\/v2\/product_tag?post=10550"}],"curies":[{"name":"wp","href":"https:\/\/api.w.org\/{rel}","templated":true}]}}