{"id":10538,"date":"2024-03-20T10:42:32","date_gmt":"2024-03-20T09:42:32","guid":{"rendered":"https:\/\/handbag-sense.com\/product\/keepall-bandouliere-55-x-yayoi-kusama-monogram-eclipse\/"},"modified":"2025-06-20T15:47:42","modified_gmt":"2025-06-20T13:47:42","slug":"keepall-bandouliere-55-x-yayoi-kusama-monogram-eclipse","status":"publish","type":"product","link":"https:\/\/handbag-sense.com\/es\/producto\/keepall-bandouliere-55-x-yayoi-kusama-monogram-eclipse\/","title":{"rendered":"Keepall Bandouli\u00e8re 55 X Yayoi Kusama Monogram Eclipse"},"content":{"rendered":"<div class=\"c-columns-m-1 c-columns-2 c-columns-gap-s\">\n<div><strong>Material:<\/strong> Monograma Eclipse<br \/>\n<strong>Color:<\/strong> Blanco \/ Negro<br \/>\n<strong>Elementos met\u00e1licos:<\/strong> Plata<\/div>\n<div><strong>Grado:<\/strong> 1  <img decoding=\"async\" class=\"info_box alignnone size-medium wp-image-885\" title=\"Informaci\u00f3n\" role=\"img\" src=\"https:\/\/handbag-sense.com\/wp-content\/uploads\/2023\/05\/info_icon.svg\" alt=\"Cuadro de informaci\u00f3n\" width=\"15\" height=\"15\"><br \/>\n<strong>Material interior:<\/strong> Forro textil<br \/>\n<strong>Tama\u00f1o:<\/strong> 55 x 31 x 24 cm<\/div>\n<\/div>\n<p><strong>Incluye:<\/strong> Cerradura, dos llaves, correa, hombrera para correa, etiqueta de equipaje<\/p>\n","protected":false},"excerpt":{"rendered":"<div class=\"designer-box font-weight-bold mb-2\" data-v-5094929a=\"\">\n<div class=\"designer-name\" data-v-5094929a=\"\"><strong>LOUIS VUITTON Keepall Bandouli\u00e8re 55 X Yayoi Kusama Monogram Eclipse.  <\/strong>El bolso de viaje Louis Vuitton Keepall i es una pieza vers\u00e1til que puede acompa\u00f1arte en varias ocasiones. Su generoso tama\u00f1o 55 proporciona un amplio espacio de almacenamiento y es apto para cabina, lo que le permite viajar con facilidad. El estilo discreto y la funcionalidad excepcional de la bolsa la han convertido en una de las favoritas entre los \u00e1vidos viajeros.<\/div>\n<\/div>\n<p>&nbsp;<\/p>\n","protected":false},"featured_media":10557,"template":"","meta":[],"product_brand":[2437],"product_cat":[1922],"product_tag":[2037],"class_list":{"0":"post-10538","1":"product","2":"type-product","3":"status-publish","4":"has-post-thumbnail","6":"product_brand-louis-vuitton-es","7":"product_cat-bolsa-de-viaje","8":"product_tag-louis-vuitton-x-yayoi-kusama-keepall-55-monogram-eclipse-de-segunda-mano","9":"pa_brand-louis-vuitton-es","10":"pa_color-negro","11":"pa_color-gris","12":"pa_color-metalico","13":"pa_grade-grado-4","14":"pa_material-cuero","15":"pa_material-lona","16":"pa_material-otros-materiales","18":"first","19":"outofstock","20":"shipping-taxable","21":"product-type-simple"},"_links":{"self":[{"href":"https:\/\/handbag-sense.com\/es\/wp-json\/wp\/v2\/product\/10538","targetHints":{"allow":["GET"]}}],"collection":[{"href":"https:\/\/handbag-sense.com\/es\/wp-json\/wp\/v2\/product"}],"about":[{"href":"https:\/\/handbag-sense.com\/es\/wp-json\/wp\/v2\/types\/product"}],"wp:featuredmedia":[{"embeddable":true,"href":"https:\/\/handbag-sense.com\/es\/wp-json\/wp\/v2\/media\/10557"}],"wp:attachment":[{"href":"https:\/\/handbag-sense.com\/es\/wp-json\/wp\/v2\/media?parent=10538"}],"wp:term":[{"taxonomy":"product_brand","embeddable":true,"href":"https:\/\/handbag-sense.com\/es\/wp-json\/wp\/v2\/product_brand?post=10538"},{"taxonomy":"product_cat","embeddable":true,"href":"https:\/\/handbag-sense.com\/es\/wp-json\/wp\/v2\/product_cat?post=10538"},{"taxonomy":"product_tag","embeddable":true,"href":"https:\/\/handbag-sense.com\/es\/wp-json\/wp\/v2\/product_tag?post=10538"}],"curies":[{"name":"wp","href":"https:\/\/api.w.org\/{rel}","templated":true}]}}