{"id":10528,"date":"2024-04-08T16:32:17","date_gmt":"2024-04-08T14:32:17","guid":{"rendered":"https:\/\/handbag-sense.com\/product\/sandalias-chypre-piel-de-ante-de-porcelana-rosa\/"},"modified":"2025-06-20T15:41:17","modified_gmt":"2025-06-20T13:41:17","slug":"sandalias-chypre-piel-de-ante-de-porcelana-rosa","status":"publish","type":"product","link":"https:\/\/handbag-sense.com\/es\/producto\/sandalias-chypre-piel-de-ante-de-porcelana-rosa\/","title":{"rendered":"Sandalias Chypre Piel de ante de porcelana rosa"},"content":{"rendered":"<div class=\"c-columns-m-1 c-columns-2 c-columns-gap-s\">\n<div><strong>Color:<\/strong> Porcelana rosa<br \/>\n<strong>Material:<\/strong> Gamuza Cuero \/ Caucho<\/div>\n<div><strong>Grado:<\/strong> 1 <img decoding=\"async\" class=\"info_box alignnone size-medium wp-image-885\" title=\"Informaci\u00f3n\" role=\"img\" src=\"https:\/\/handbag-sense.com\/wp-content\/uploads\/2023\/05\/info_icon.svg\" alt=\"Cuadro de informaci\u00f3n\" width=\"15\" height=\"15\" \/><br \/>\n<strong>Talla: <\/strong>38<\/div>\n<\/div>\n<p><strong>Incluye:<\/strong> Bolsa para el polvo, Caja<\/p>\n","protected":false},"excerpt":{"rendered":"<p><strong>Herm\u00e8s Sandalias Chypre <\/strong><strong>Porcelana Rosa para Mujer. <\/strong>Estas sandalias Techno, confeccionadas en piel de cabra de ante, cuentan con l\u00edneas limpias, una suela de goma ergon\u00f3mica y una correa ajustable. Combinan una est\u00e9tica casual con una comodidad sin concesiones. La suela de goma es de color negro elegante, mientras que la plantilla est\u00e1 hecha de piel de cordero natural. El interior cuenta con un forro de piel de cordero de porcelana rosa que le da un toque lujoso. Ad\u00e9ntrate en el mundo del estilo natural y la comodidad excepcional con estas sandalias Herm\u00e8s Chipre. Las <strong>sandalias Chypre <\/strong>son nuevas y nunca se usan.<\/p>\n<div id=\"div_block-763-363-24\" class=\"ct-div-block slider_item_title\" data-id=\"div_block-763-363\"><\/div>\n","protected":false},"featured_media":10541,"template":"","meta":[],"product_brand":[2433],"product_cat":[1955],"product_tag":[2031],"class_list":{"0":"post-10528","1":"product","2":"type-product","3":"status-publish","4":"has-post-thumbnail","6":"product_brand-hermes-es","7":"product_cat-calzado","8":"product_tag-hermes-chypre-rose-es","9":"pa_brand-hermes-es","10":"pa_color-rosado","11":"pa_color-rosa-es","12":"pa_grade-grado-1","13":"pa_material-cuero","15":"first","16":"outofstock","17":"shipping-taxable","18":"product-type-simple"},"_links":{"self":[{"href":"https:\/\/handbag-sense.com\/es\/wp-json\/wp\/v2\/product\/10528","targetHints":{"allow":["GET"]}}],"collection":[{"href":"https:\/\/handbag-sense.com\/es\/wp-json\/wp\/v2\/product"}],"about":[{"href":"https:\/\/handbag-sense.com\/es\/wp-json\/wp\/v2\/types\/product"}],"wp:featuredmedia":[{"embeddable":true,"href":"https:\/\/handbag-sense.com\/es\/wp-json\/wp\/v2\/media\/10541"}],"wp:attachment":[{"href":"https:\/\/handbag-sense.com\/es\/wp-json\/wp\/v2\/media?parent=10528"}],"wp:term":[{"taxonomy":"product_brand","embeddable":true,"href":"https:\/\/handbag-sense.com\/es\/wp-json\/wp\/v2\/product_brand?post=10528"},{"taxonomy":"product_cat","embeddable":true,"href":"https:\/\/handbag-sense.com\/es\/wp-json\/wp\/v2\/product_cat?post=10528"},{"taxonomy":"product_tag","embeddable":true,"href":"https:\/\/handbag-sense.com\/es\/wp-json\/wp\/v2\/product_tag?post=10528"}],"curies":[{"name":"wp","href":"https:\/\/api.w.org\/{rel}","templated":true}]}}