{"id":10527,"date":"2024-03-25T17:23:41","date_gmt":"2024-03-25T16:23:41","guid":{"rendered":"https:\/\/handbag-sense.com\/product\/bolso-nino-negro-acolchado\/"},"modified":"2025-06-20T15:42:42","modified_gmt":"2025-06-20T13:42:42","slug":"bolso-nino-negro-acolchado","status":"publish","type":"product","link":"https:\/\/handbag-sense.com\/es\/producto\/bolso-nino-negro-acolchado\/","title":{"rendered":"Bolso Ni\u00f1o Negro Acolchado"},"content":{"rendered":"<div class=\"c-columns-m-1 c-columns-2 c-columns-gap-s\">\n<div><strong>Material:<\/strong> Piel de becerro L<label class=\"selectit\">eather<\/label><br \/>\n<strong>Color:<\/strong> Negro<br \/>\n<strong>Elementos met\u00e1licos:<\/strong> Herrajes de rutenio<br \/>\n<strong>Material interior:<\/strong> Forro textil<\/div>\n<div><strong>Calificaci\u00f3n: <\/strong> 4 <img decoding=\"async\" class=\"info_box alignnone size-medium wp-image-885\" title=\"Informaci\u00f3n\" role=\"img\" src=\"https:\/\/handbag-sense.com\/wp-content\/uploads\/2023\/05\/info_icon.svg\" alt=\"Cuadro de informaci\u00f3n\" width=\"15\" height=\"15\" \/><br \/>\n<strong>A\u00f1o de producci\u00f3n\/c\u00f3digo de serie:<\/strong> 2013, a partir de 187...<br \/>\n<strong>Tama\u00f1o:<\/strong> 25 x 15 x 9 cm<\/div>\n<\/div>\n<p><strong>Incluye:<\/strong> Tarjeta de autenticidad, caja, bolsa guardapolvo, recibo original<\/p>\n","protected":false},"excerpt":{"rendered":"<p><strong>Bolso Chanel Boy Negro con Costuras Negras en Old Medium.<\/strong> Este bolso de ensue\u00f1o es uno de los cl\u00e1sicos de CHANEL, lo que lo convierte en un compa\u00f1ero atemporal y siempre buscado para el d\u00eda a d\u00eda. El bolso Chanel Boy est\u00e1 confeccionado en piel de becerro de color negro, combinado con una cadena en acabado rutenio ajustable en longitud para que el bolso se pueda llevar largo o corto sobre el hombro. El interior del bolso est\u00e1 dividido en un gran compartimento principal y un bolsillo. La bolsa se cierra con el t\u00edpico CC-Boy Push Lock. El <strong>Chanel Boy Black<\/strong> est\u00e1 en muy buenas condiciones, viene con la bolsa guardapolvo, la tarjeta de autenticidad, la caja Chanel y el recibo original de 2013.<\/p>\n","protected":false},"featured_media":10539,"template":"","meta":[],"product_brand":[2418],"product_cat":[1813,1860,1820],"product_tag":[1933,2030,2032],"class_list":{"0":"post-10527","1":"product","2":"type-product","3":"status-publish","4":"has-post-thumbnail","6":"product_brand-chanel-es","7":"product_cat-bolso","8":"product_cat-bandolera","9":"product_cat-bolso-cruzado","10":"product_tag-bolso-chanel-boy","11":"product_tag-bolso-de-nino-negro","12":"product_tag-chanel-chico-negro","13":"pa_brand-chanel-es","14":"pa_chanel-models-boy-bag-es","15":"pa_color-negro","16":"pa_grade-grado-4","17":"pa_material-cuero","19":"first","20":"outofstock","21":"shipping-taxable","22":"product-type-simple"},"_links":{"self":[{"href":"https:\/\/handbag-sense.com\/es\/wp-json\/wp\/v2\/product\/10527","targetHints":{"allow":["GET"]}}],"collection":[{"href":"https:\/\/handbag-sense.com\/es\/wp-json\/wp\/v2\/product"}],"about":[{"href":"https:\/\/handbag-sense.com\/es\/wp-json\/wp\/v2\/types\/product"}],"wp:featuredmedia":[{"embeddable":true,"href":"https:\/\/handbag-sense.com\/es\/wp-json\/wp\/v2\/media\/10539"}],"wp:attachment":[{"href":"https:\/\/handbag-sense.com\/es\/wp-json\/wp\/v2\/media?parent=10527"}],"wp:term":[{"taxonomy":"product_brand","embeddable":true,"href":"https:\/\/handbag-sense.com\/es\/wp-json\/wp\/v2\/product_brand?post=10527"},{"taxonomy":"product_cat","embeddable":true,"href":"https:\/\/handbag-sense.com\/es\/wp-json\/wp\/v2\/product_cat?post=10527"},{"taxonomy":"product_tag","embeddable":true,"href":"https:\/\/handbag-sense.com\/es\/wp-json\/wp\/v2\/product_tag?post=10527"}],"curies":[{"name":"wp","href":"https:\/\/api.w.org\/{rel}","templated":true}]}}