{"id":10505,"date":"2024-03-27T14:58:29","date_gmt":"2024-03-27T13:58:29","guid":{"rendered":"https:\/\/handbag-sense.com\/product\/grand-shopping-tote-bag-negro\/"},"modified":"2025-06-20T15:42:29","modified_gmt":"2025-06-20T13:42:29","slug":"chanel-grand-shopping-tote-bag-negro","status":"publish","type":"product","link":"https:\/\/handbag-sense.com\/es\/producto\/chanel-grand-shopping-tote-bag-negro\/","title":{"rendered":"Grand Shopping Tote Bag Negro"},"content":{"rendered":"<div class=\"c-columns-m-1 c-columns-2 c-columns-gap-s\">\n<div><strong>Material:<\/strong> Cuero Caviar<br \/>\n<strong>Color:<\/strong> Negro<br \/>\n<strong>Elementos met\u00e1licos:<\/strong> Herrajes plateados<br \/>\n<strong>Material interior:<\/strong> forro textil<\/div>\n<div><strong>Calificaci\u00f3n:<\/strong> 3\/4 <img decoding=\"async\" class=\"info_box alignnone size-medium wp-image-885\" title=\"Informaci\u00f3n\" role=\"img\" src=\"https:\/\/handbag-sense.com\/wp-content\/uploads\/2023\/05\/info_icon.svg\" alt=\"Cuadro de informaci\u00f3n\" width=\"15\" height=\"15\" \/><br \/>\n<strong>Tama\u00f1o:<\/strong> 34 x 23 x 13 cm<br \/>\n<strong>A\u00f1o de producci\u00f3n \/ N\u00famero de serie:<\/strong> 2013, comienza con 178...<\/div>\n<\/div>\n<p><strong>Incluye:<\/strong> Recibo original, tarjeta de autenticidad, bolsa para el polvo, caja<\/p>\n","protected":false},"excerpt":{"rendered":"<p><strong>Chanel Grand Shopping Tote Bag Cuero Caviar Negro. <\/strong>Este bolso de ensue\u00f1o es un cl\u00e1sico de CHANEL, lo que lo convierte en un compa\u00f1ero atemporal y siempre buscado para el uso diario. El bolso de mano Chanel Grand Shopping est\u00e1 confeccionado en piel caviar negra y cuenta con correas para los hombros con eslabones de cadena plateados, lo que permite llevar el bolso largo o corto sobre el hombro. Un llamativo logotipo de Chanel CC con pespuntes frontales adorna este bolso. \u00a1Esta es una maravillosa bolsa de transporte, ideal para un d\u00eda fuera! El bolso est\u00e1 en muy buenas condiciones y viene con el recibo original, una tarjeta de autenticidad, una bolsa guardapolvo de Chanel y la caja de Chanel<\/p>\n","protected":false},"featured_media":18647,"template":"","meta":[],"product_brand":[2418],"product_cat":[1813,1815],"product_tag":[2023,2024,2022],"class_list":{"0":"post-10505","1":"product","2":"type-product","3":"status-publish","4":"has-post-thumbnail","6":"product_brand-chanel-es","7":"product_cat-bolso","8":"product_cat-comprador","9":"product_tag-bolsa-de-la-compra-negra","10":"product_tag-bolso-de-la-compra-de-chanel","11":"product_tag-chanel-gst-negro","12":"pa_brand-chanel-es","13":"pa_chanel-models-grand-shopping-es","14":"pa_color-negro","15":"pa_grade-grado-3","16":"pa_material-cuero","18":"first","19":"outofstock","20":"shipping-taxable","21":"purchasable","22":"product-type-simple"},"_links":{"self":[{"href":"https:\/\/handbag-sense.com\/es\/wp-json\/wp\/v2\/product\/10505","targetHints":{"allow":["GET"]}}],"collection":[{"href":"https:\/\/handbag-sense.com\/es\/wp-json\/wp\/v2\/product"}],"about":[{"href":"https:\/\/handbag-sense.com\/es\/wp-json\/wp\/v2\/types\/product"}],"wp:featuredmedia":[{"embeddable":true,"href":"https:\/\/handbag-sense.com\/es\/wp-json\/wp\/v2\/media\/18647"}],"wp:attachment":[{"href":"https:\/\/handbag-sense.com\/es\/wp-json\/wp\/v2\/media?parent=10505"}],"wp:term":[{"taxonomy":"product_brand","embeddable":true,"href":"https:\/\/handbag-sense.com\/es\/wp-json\/wp\/v2\/product_brand?post=10505"},{"taxonomy":"product_cat","embeddable":true,"href":"https:\/\/handbag-sense.com\/es\/wp-json\/wp\/v2\/product_cat?post=10505"},{"taxonomy":"product_tag","embeddable":true,"href":"https:\/\/handbag-sense.com\/es\/wp-json\/wp\/v2\/product_tag?post=10505"}],"curies":[{"name":"wp","href":"https:\/\/api.w.org\/{rel}","templated":true}]}}