{"id":10493,"date":"2024-04-05T13:06:43","date_gmt":"2024-04-05T11:06:43","guid":{"rendered":"https:\/\/handbag-sense.com\/product\/sandalias-chypre-negro-para-mujer\/"},"modified":"2025-06-20T15:41:52","modified_gmt":"2025-06-20T13:41:52","slug":"sandalias-chypre-negro-para-mujer","status":"publish","type":"product","link":"https:\/\/handbag-sense.com\/es\/producto\/sandalias-chypre-negro-para-mujer\/","title":{"rendered":"Sandalias Chypre Negro Para Mujer"},"content":{"rendered":"<div class=\"c-columns-m-1 c-columns-2 c-columns-gap-s\">\n<div><strong>Color:<\/strong> negro<br \/>\n<strong>Material:<\/strong> Cuero \/ Caucho<\/div>\n<div><strong>Grado:<\/strong> 1 <img decoding=\"async\" class=\"info_box alignnone size-medium wp-image-885\" title=\"Informaci\u00f3n\" role=\"img\" src=\"https:\/\/handbag-sense.com\/wp-content\/uploads\/2023\/05\/info_icon.svg\" alt=\"Cuadro de informaci\u00f3n\" width=\"15\" height=\"15\" \/><br \/>\n<strong>Talla: <\/strong>39<\/div>\n<\/div>\n<p><strong>Incluye:<\/strong> Bolsa para el polvo, Caja<\/p>\n","protected":false},"excerpt":{"rendered":"<p><strong>Sandalias Herm\u00e8s Chypre <\/strong><strong>Negro Para Mujer . <\/strong>Estas sandalias Techno, confeccionadas en piel de becerro, cuentan con l\u00edneas limpias, una suela de goma ergon\u00f3mica y una correa ajustable. Combinan una est\u00e9tica casual con una comodidad sin concesiones. La suela de goma es de color negro elegante, mientras que la plantilla est\u00e1 hecha de piel de becerro natural. El interior cuenta con un forro de piel de becerro natural que le da un toque lujoso. Ad\u00e9ntrate en el mundo del estilo natural y la comodidad excepcional con estas sandalias Herm\u00e8s Chipre. Las <strong>sandalias Chypre <\/strong>son nuevas y nunca se usan.<\/p>\n<div id=\"div_block-763-363-24\" class=\"ct-div-block slider_item_title\" data-id=\"div_block-763-363\"><\/div>\n","protected":false},"featured_media":10509,"template":"","meta":[],"product_brand":[2433],"product_cat":[1955],"product_tag":[2019],"class_list":{"0":"post-10493","1":"product","2":"type-product","3":"status-publish","4":"has-post-thumbnail","6":"product_brand-hermes-es","7":"product_cat-calzado","8":"product_tag-hermes-chaypre-negro","9":"pa_brand-hermes-es","10":"pa_color-negro","11":"pa_grade-grado-1","12":"pa_material-cuero","14":"first","15":"outofstock","16":"shipping-taxable","17":"purchasable","18":"product-type-simple"},"_links":{"self":[{"href":"https:\/\/handbag-sense.com\/es\/wp-json\/wp\/v2\/product\/10493","targetHints":{"allow":["GET"]}}],"collection":[{"href":"https:\/\/handbag-sense.com\/es\/wp-json\/wp\/v2\/product"}],"about":[{"href":"https:\/\/handbag-sense.com\/es\/wp-json\/wp\/v2\/types\/product"}],"wp:featuredmedia":[{"embeddable":true,"href":"https:\/\/handbag-sense.com\/es\/wp-json\/wp\/v2\/media\/10509"}],"wp:attachment":[{"href":"https:\/\/handbag-sense.com\/es\/wp-json\/wp\/v2\/media?parent=10493"}],"wp:term":[{"taxonomy":"product_brand","embeddable":true,"href":"https:\/\/handbag-sense.com\/es\/wp-json\/wp\/v2\/product_brand?post=10493"},{"taxonomy":"product_cat","embeddable":true,"href":"https:\/\/handbag-sense.com\/es\/wp-json\/wp\/v2\/product_cat?post=10493"},{"taxonomy":"product_tag","embeddable":true,"href":"https:\/\/handbag-sense.com\/es\/wp-json\/wp\/v2\/product_tag?post=10493"}],"curies":[{"name":"wp","href":"https:\/\/api.w.org\/{rel}","templated":true}]}}