{"id":10490,"date":"2024-03-20T13:33:30","date_gmt":"2024-03-20T12:33:30","guid":{"rendered":"https:\/\/handbag-sense.com\/product\/rodeo-pm-cornaline-naranja-amapola-violeta\/"},"modified":"2025-06-20T15:43:36","modified_gmt":"2025-06-20T13:43:36","slug":"rodeo-pm-cornaline-naranja-amapola-violeta","status":"publish","type":"product","link":"https:\/\/handbag-sense.com\/es\/producto\/rodeo-pm-cornaline-naranja-amapola-violeta\/","title":{"rendered":"Rodeo PM Cornaline \/ Naranja \/ Amapola Violeta"},"content":{"rendered":"<div class=\"c-columns-m-1 c-columns-2 c-columns-gap-s\">\n<div><strong>Color:<\/strong> Cornalina \/ Naranja \/ Violeta Amapola<\/div>\n<div><strong>Material:<\/strong> Cordero<\/div>\n<div><strong>Grado:<\/strong> 1  <img decoding=\"async\" class=\"info_box alignnone size-medium wp-image-885\" title=\"Informaci\u00f3n\" role=\"img\" src=\"https:\/\/handbag-sense.com\/wp-content\/uploads\/2023\/05\/info_icon.svg\" alt=\"Cuadro de informaci\u00f3n\" width=\"15\" height=\"15\"><br \/>\n<strong>Tama\u00f1o:<\/strong> 9 x 7,5 cm<\/div>\n<\/div>\n<p><strong>Incluye:<\/strong> Recibo original, Caja<\/p>\n","protected":false},"excerpt":{"rendered":"<p><strong>Herm\u00e8s Rodeo PM Cornaline \/ Orange \/ Poppy Violet <\/strong>.Este charm <strong>Rodeo <\/strong> est\u00e1 confeccionado con piel de cordero Milo, con un encantador tr\u00edo de colores: Cornaline, Orange y Poppy Violet. \u00c1talo sin esfuerzo alrededor del asa de tu bolso para a\u00f1adir un toque l\u00fadico de fantas\u00eda a tu vida cotidiana y despertar la imaginaci\u00f3n de los viajes a nuevos horizontes. El charm <strong>tricolor Rodeo Pegasus PM<\/strong> es un dise\u00f1o fresco y encantador, que llega en su caja original de Herm\u00e8s. Ya sea para acentuar tu bolso favorito o para servir como una pieza de encanto independiente, este accesorio promete aportar un toque de elegancia y diversi\u00f3n a tu estilo.<\/p>\n","protected":false},"featured_media":10502,"template":"","meta":[],"product_brand":[2433],"product_cat":[1822],"product_tag":[2001,2002],"class_list":{"0":"post-10490","1":"product","2":"type-product","3":"status-publish","4":"has-post-thumbnail","6":"product_brand-hermes-es","7":"product_cat-accesorio","8":"product_tag-amuleto-pegasus-pm","9":"product_tag-pegaso-tricolor","10":"pa_brand-hermes-es","11":"pa_color-beige-es","12":"pa_color-lila-es","13":"pa_color-multicolor","14":"pa_color-desnudo","15":"pa_color-rosa-es","16":"pa_color-blanco","17":"pa_grade-grado-1","18":"pa_material-cuero","20":"first","21":"instock","22":"shipping-taxable","23":"purchasable","24":"product-type-simple"},"_links":{"self":[{"href":"https:\/\/handbag-sense.com\/es\/wp-json\/wp\/v2\/product\/10490","targetHints":{"allow":["GET"]}}],"collection":[{"href":"https:\/\/handbag-sense.com\/es\/wp-json\/wp\/v2\/product"}],"about":[{"href":"https:\/\/handbag-sense.com\/es\/wp-json\/wp\/v2\/types\/product"}],"wp:featuredmedia":[{"embeddable":true,"href":"https:\/\/handbag-sense.com\/es\/wp-json\/wp\/v2\/media\/10502"}],"wp:attachment":[{"href":"https:\/\/handbag-sense.com\/es\/wp-json\/wp\/v2\/media?parent=10490"}],"wp:term":[{"taxonomy":"product_brand","embeddable":true,"href":"https:\/\/handbag-sense.com\/es\/wp-json\/wp\/v2\/product_brand?post=10490"},{"taxonomy":"product_cat","embeddable":true,"href":"https:\/\/handbag-sense.com\/es\/wp-json\/wp\/v2\/product_cat?post=10490"},{"taxonomy":"product_tag","embeddable":true,"href":"https:\/\/handbag-sense.com\/es\/wp-json\/wp\/v2\/product_tag?post=10490"}],"curies":[{"name":"wp","href":"https:\/\/api.w.org\/{rel}","templated":true}]}}