{"id":10488,"date":"2024-03-04T17:05:16","date_gmt":"2024-03-04T16:05:16","guid":{"rendered":"https:\/\/handbag-sense.com\/product\/kelly-25-sellier-hss-negro-rouge-de-coeur\/"},"modified":"2025-06-20T15:48:05","modified_gmt":"2025-06-20T13:48:05","slug":"kelly-25-sellier-hss-negro-rouge-de-coeur","status":"publish","type":"product","link":"https:\/\/handbag-sense.com\/es\/producto\/kelly-25-sellier-hss-negro-rouge-de-coeur\/","title":{"rendered":"Kelly 25 Sellier HSS Negro \/ Rouge De Coeur"},"content":{"rendered":"<div class=\"c-columns-m-1 c-columns-2 c-columns-gap-s\">\n<div><strong>Material:<\/strong> Cuero Epsom<br \/>\n<strong>Color:<\/strong> Negro \/ Rouge de Coeur<br \/>\n<strong>Elementos met\u00e1licos:<\/strong> Herrajes de oro<br \/>\n<strong>Material interior:<\/strong> Cuero<\/div>\n<div><strong>Grado:<\/strong> 1  <img decoding=\"async\" class=\"info_box alignnone size-medium wp-image-885\" title=\"Informaci\u00f3n\" role=\"img\" src=\"https:\/\/handbag-sense.com\/wp-content\/uploads\/2023\/05\/info_icon.svg\" alt=\"Cuadro de informaci\u00f3n\" width=\"15\" height=\"15\"><br \/>\n<strong>A\u00f1o de producci\u00f3n\/Sello:<\/strong> 2023 \/ B<br \/>\n<strong>Tama\u00f1o:<\/strong> 25 x 19 x 9 cm<br \/>\n<strong>Naviero:<\/strong> Mundial<\/div>\n<\/div>\n<p><strong>Incluye:<\/strong> Recibo original, bolsa guardapolvo, correa, clochette, cerradura, llaves, impermeable, fieltro, folleto, caja<\/p>\n","protected":false},"excerpt":{"rendered":"<p><strong>Herm\u00e8s Kelly 25 Sellier HSS (Sello de herradura) Herrajes dorados negros \/ Rouge de Coeur<\/strong>. Este raro bolso Kelly 25 HSS est\u00e1 disponible en 2 colores: negro y rojo de coraz\u00f3n en el interior. Los herrajes dorados a\u00f1aden una dimensi\u00f3n extra de elegancia al bolso, mientras que el duradero cuero Epsom proporciona una sensaci\u00f3n de lujo y una est\u00e9tica atemporal. El <strong>bolso Kelly HSS<\/strong> es perfecto para aquellos que aprecian los detalles m\u00e1s finos. El <strong>bolso Kelly 25 HSS<\/strong> es absolutamente nuevo y nunca se ha usado, tiene el sello B, viene con el recibo original de 2023. Un bolso Kelly de colecci\u00f3n muy especial en 25 cm, ofrecido solo a una clientela VIP. Con su tama\u00f1o compacto, es el compa\u00f1ero ideal para ocasiones especiales o como un accesorio elegante para el uso diario. Ya sea como un regalo especial o una pieza llamativa para tu estilo individual, este bolso Kelly 25 perfeccionar\u00e1 tu look de una manera sutil.<\/p>\n","protected":false},"featured_media":10494,"template":"","meta":[],"product_brand":[2433],"product_cat":[1813,1860,1818,1820],"product_tag":[2016,1902,2017],"class_list":{"0":"post-10488","1":"product","2":"type-product","3":"status-publish","4":"has-post-thumbnail","6":"product_brand-hermes-es","7":"product_cat-bolso","8":"product_cat-bandolera","9":"product_cat-bolso-pequeno","10":"product_cat-bolso-cruzado","11":"product_tag-hermes-kelly-hss-es","12":"product_tag-kelly-25-negro","13":"product_tag-kelly-hss-negro","14":"pa_brand-hermes-es","15":"pa_color-verde","16":"pa_grade-grado-1","17":"pa_hermes-models-kelly-es","18":"pa_material-cuero","20":"first","21":"outofstock","22":"sold-individually","23":"product-type-simple"},"_links":{"self":[{"href":"https:\/\/handbag-sense.com\/es\/wp-json\/wp\/v2\/product\/10488","targetHints":{"allow":["GET"]}}],"collection":[{"href":"https:\/\/handbag-sense.com\/es\/wp-json\/wp\/v2\/product"}],"about":[{"href":"https:\/\/handbag-sense.com\/es\/wp-json\/wp\/v2\/types\/product"}],"wp:featuredmedia":[{"embeddable":true,"href":"https:\/\/handbag-sense.com\/es\/wp-json\/wp\/v2\/media\/10494"}],"wp:attachment":[{"href":"https:\/\/handbag-sense.com\/es\/wp-json\/wp\/v2\/media?parent=10488"}],"wp:term":[{"taxonomy":"product_brand","embeddable":true,"href":"https:\/\/handbag-sense.com\/es\/wp-json\/wp\/v2\/product_brand?post=10488"},{"taxonomy":"product_cat","embeddable":true,"href":"https:\/\/handbag-sense.com\/es\/wp-json\/wp\/v2\/product_cat?post=10488"},{"taxonomy":"product_tag","embeddable":true,"href":"https:\/\/handbag-sense.com\/es\/wp-json\/wp\/v2\/product_tag?post=10488"}],"curies":[{"name":"wp","href":"https:\/\/api.w.org\/{rel}","templated":true}]}}