{"id":10464,"date":"2024-02-23T17:25:11","date_gmt":"2024-02-23T16:25:11","guid":{"rendered":"https:\/\/handbag-sense.com\/product\/birkin-35-cocodrilo-burdeos-brillante\/"},"modified":"2025-06-20T15:48:26","modified_gmt":"2025-06-20T13:48:26","slug":"birkin-35-cocodrilo-burdeos-brillante","status":"publish","type":"product","link":"https:\/\/handbag-sense.com\/es\/producto\/birkin-35-cocodrilo-burdeos-brillante\/","title":{"rendered":"Birkin 35 Cocodrilo Burdeos Brillante"},"content":{"rendered":"<div class=\"c-columns-m-1 c-columns-2 c-columns-gap-s\">\n<div><strong>Material:<\/strong> Caim\u00e1n brillante<br \/>\n<strong>Color:<\/strong> Burdeos<br \/>\n<strong>Elementos met\u00e1licos:<\/strong> Herrajes de paladio<br \/>\n<strong>Material interior:<\/strong> Cuero<\/div>\n<div><strong>Calificaci\u00f3n: <\/strong>4  <img decoding=\"async\" class=\"info_box alignnone size-medium wp-image-885\" title=\"Informaci\u00f3n\" role=\"img\" src=\"https:\/\/handbag-sense.com\/wp-content\/uploads\/2023\/05\/info_icon.svg\" alt=\"Cuadro de informaci\u00f3n\" width=\"15\" height=\"15\"><br \/>\n<strong>A\u00f1o de producci\u00f3n \/ Sello:<\/strong> 2004 \/ H<br \/>\n<strong>Tama\u00f1o:<\/strong> 35 x 25 x 18 cm<br \/>\n<strong>Naviero:<\/strong> Mundial<\/div>\n<\/div>\n<p><strong>Incluye:<\/strong> Caja, bolsa guardapolvo, clochette, llaves, cerradura, fieltro, impermeable<\/p>\n","protected":false},"excerpt":{"rendered":"<p><strong>Herm\u00e8s Birkin 35 Crocodile Shiny Burdeos Palladium Herrajes.<\/strong> Este <strong>ic\u00f3nico bolso Birkin 35 de Herm\u00e8s<\/strong> est\u00e1 confeccionado en <strong>piel de cocodrilo de cocodrilo de cocodrilo<\/strong> brillante, que est\u00e1 marcado con el s\u00edmbolo (\ufe0e \u25fb) en el relieve. El sello ciego es una \"H\" en un cuadrado, lo que hace que 2004 sea reconocible como el a\u00f1o de fabricaci\u00f3n. Este <strong>Birkin<\/strong> muy raro en el color <strong>Burdeos<\/strong> con herrajes de paladio es un punto de atracci\u00f3n absoluto. Est\u00e1 en buenas condiciones, solo bolsa guardapolvo, sin campana. P\u00f3ngase en contacto con nosotros para obtener m\u00e1s detalles y disponibilidad.<\/p>\n","protected":false},"featured_media":10482,"template":"","meta":[],"product_brand":[2433],"product_cat":[1813],"product_tag":[1895,2015],"class_list":{"0":"post-10464","1":"product","2":"type-product","3":"status-publish","4":"has-post-thumbnail","6":"product_brand-hermes-es","7":"product_cat-bolso","8":"product_tag-bolso-birkin-hermes","9":"product_tag-hermes-birkin-cocodrilo","10":"pa_brand-hermes-es","11":"pa_color-oro","12":"pa_grade-grado-4","13":"pa_hermes-models-birkin-es","14":"pa_material-cuero","16":"first","17":"outofstock","18":"sold-individually","19":"product-type-simple"},"_links":{"self":[{"href":"https:\/\/handbag-sense.com\/es\/wp-json\/wp\/v2\/product\/10464","targetHints":{"allow":["GET"]}}],"collection":[{"href":"https:\/\/handbag-sense.com\/es\/wp-json\/wp\/v2\/product"}],"about":[{"href":"https:\/\/handbag-sense.com\/es\/wp-json\/wp\/v2\/types\/product"}],"wp:featuredmedia":[{"embeddable":true,"href":"https:\/\/handbag-sense.com\/es\/wp-json\/wp\/v2\/media\/10482"}],"wp:attachment":[{"href":"https:\/\/handbag-sense.com\/es\/wp-json\/wp\/v2\/media?parent=10464"}],"wp:term":[{"taxonomy":"product_brand","embeddable":true,"href":"https:\/\/handbag-sense.com\/es\/wp-json\/wp\/v2\/product_brand?post=10464"},{"taxonomy":"product_cat","embeddable":true,"href":"https:\/\/handbag-sense.com\/es\/wp-json\/wp\/v2\/product_cat?post=10464"},{"taxonomy":"product_tag","embeddable":true,"href":"https:\/\/handbag-sense.com\/es\/wp-json\/wp\/v2\/product_tag?post=10464"}],"curies":[{"name":"wp","href":"https:\/\/api.w.org\/{rel}","templated":true}]}}