{"id":10453,"date":"2024-01-25T21:52:39","date_gmt":"2024-01-25T20:52:39","guid":{"rendered":"https:\/\/handbag-sense.com\/product\/kelly-25-sellier-toile-h-swift-noir\/"},"modified":"2025-06-20T15:52:47","modified_gmt":"2025-06-20T13:52:47","slug":"kelly-25-sellier-toile-h-swift-noir","status":"publish","type":"product","link":"https:\/\/handbag-sense.com\/es\/producto\/kelly-25-sellier-toile-h-swift-noir\/","title":{"rendered":"Kelly 25 Sellier Toile H \/ Swift Noir"},"content":{"rendered":"<div class=\"c-columns-m-1 c-columns-2 c-columns-gap-s\">\n<div><strong>Material:<\/strong> Toile H \/ Swift<br \/>\n<strong>Color:<\/strong> Ecru-Bleu \/ Noir<br \/>\n<strong>Elementos met\u00e1licos:<\/strong> Herrajes de paladio<br \/>\n<strong>Material interior:<\/strong> Cuero<\/div>\n<div><strong>Grado:<\/strong> 1  <img decoding=\"async\" class=\"info_box alignnone size-medium wp-image-885\" title=\"Informaci\u00f3n\" role=\"img\" src=\"https:\/\/handbag-sense.com\/wp-content\/uploads\/2023\/05\/info_icon.svg\" alt=\"Cuadro de informaci\u00f3n\" width=\"15\" height=\"15\"><br \/>\n<strong>A\u00f1o de producci\u00f3n\/Sello:<\/strong> 2023 \/ B<br \/>\n<strong>Tama\u00f1o:<\/strong> 25 x 18 x 10 cm<br \/>\n<strong>Naviero:<\/strong> Mundial<\/div>\n<\/div>\n<p><strong>Incluye:<\/strong> Recibo original, bolsa guardapolvo, correa, clochette, cerradura, llaves, fieltro, folleto, caja<\/p>\n","protected":false},"excerpt":{"rendered":"<div class=\"flex-shrink-0 flex flex-col relative items-end\">\n<div>\n<div class=\"pt-0.5\">\n<div class=\"gizmo-shadow-stroke flex h-6 w-6 items-center justify-center overflow-hidden rounded-full\">\n<div class=\"relative p-1 rounded-sm h-9 w-9 text-white flex items-center justify-center\"><strong>Herm\u00e8s Kelly 25 Sellier Toile H Ecru - Bleu \/ Swift Noir Palladium Herrajes.<\/strong> Un <strong>Herm\u00e8s Kelly 25<\/strong> muy especial y exclusivo, una obra maestra hecha a mano con Toile H en crudo-azul y cuero Swift en elegante negro con herrajes de paladio, \u00a1una edici\u00f3n limitada accesible solo para una clientela VIP exclusiva! El <strong>Herm\u00e8s Kelly 25 Toile H<\/strong> es m\u00e1s que un bolso; Es una declaraci\u00f3n de elegancia y exclusividad. El cuero Swift flexible no solo proporciona una sensaci\u00f3n de lujo, sino tambi\u00e9n una est\u00e9tica atemporal, mientras que los herrajes dorados a\u00f1aden un toque de sofisticaci\u00f3n.<\/div>\n<\/div>\n<\/div>\n<\/div>\n<\/div>\n<div class=\"relative flex w-[calc(100%-50px)] flex-col gizmo:w-full lg:w-[calc(100%-115px)] agent-turn\">\n<div class=\"flex-col gap-1 md:gap-3\">\n<div class=\"flex flex-grow flex-col max-w-full gap-3 gizmo:gap-0\">\n<div class=\"min-h-[20px] text-message flex flex-col items-start gap-3 whitespace-pre-wrap break-words [.text-message+&amp;]:mt-5 overflow-x-auto\" data-message-author-role=\"assistant\" data-message-id=\"134c338f-f219-4d6e-9bdb-658991c379d6\">\n<div class=\"markdown prose w-full break-words dark:prose-invert light\">\n<p>Asegure la Kelly 25 Sellier Toile H ahora y experimente el lujo en una nueva dimensi\u00f3n. Ya sea como una pieza de colecci\u00f3n o un accesorio elegante, esta edici\u00f3n limitada de Kelly no solo enriquecer\u00e1 su guardarropa, sino que tambi\u00e9n realzar\u00e1 su pasi\u00f3n por la moda exclusiva. \u00a1S\u00e9 parte de una experiencia exclusiva y redefine tu estilo con el <strong>Herm\u00e8s Kelly 25 Toile H<\/strong>!<\/p>\n<\/div>\n<\/div>\n<\/div>\n<\/div>\n<\/div>\n","protected":false},"featured_media":10469,"template":"","meta":[],"product_brand":[2433],"product_cat":[1813],"product_tag":[2010,2012,2013,2014],"class_list":{"0":"post-10453","1":"product","2":"type-product","3":"status-publish","4":"has-post-thumbnail","6":"product_brand-hermes-es","7":"product_cat-bolso","8":"product_tag-hermes-kelly-25-sellier-es","9":"product_tag-hermes-kelly-25-toile-h-es","10":"product_tag-kelly-25-toile-h-es","11":"product_tag-kelly-toile-h-swift-es","12":"pa_brand-hermes-es","13":"pa_color-negro","14":"pa_grade-grado-1","15":"pa_hermes-models-kelly-es","16":"pa_material-cuero","18":"first","19":"outofstock","20":"shipping-taxable","21":"product-type-simple"},"_links":{"self":[{"href":"https:\/\/handbag-sense.com\/es\/wp-json\/wp\/v2\/product\/10453","targetHints":{"allow":["GET"]}}],"collection":[{"href":"https:\/\/handbag-sense.com\/es\/wp-json\/wp\/v2\/product"}],"about":[{"href":"https:\/\/handbag-sense.com\/es\/wp-json\/wp\/v2\/types\/product"}],"wp:featuredmedia":[{"embeddable":true,"href":"https:\/\/handbag-sense.com\/es\/wp-json\/wp\/v2\/media\/10469"}],"wp:attachment":[{"href":"https:\/\/handbag-sense.com\/es\/wp-json\/wp\/v2\/media?parent=10453"}],"wp:term":[{"taxonomy":"product_brand","embeddable":true,"href":"https:\/\/handbag-sense.com\/es\/wp-json\/wp\/v2\/product_brand?post=10453"},{"taxonomy":"product_cat","embeddable":true,"href":"https:\/\/handbag-sense.com\/es\/wp-json\/wp\/v2\/product_cat?post=10453"},{"taxonomy":"product_tag","embeddable":true,"href":"https:\/\/handbag-sense.com\/es\/wp-json\/wp\/v2\/product_tag?post=10453"}],"curies":[{"name":"wp","href":"https:\/\/api.w.org\/{rel}","templated":true}]}}