{"id":10452,"date":"2024-03-04T15:57:57","date_gmt":"2024-03-04T14:57:57","guid":{"rendered":"https:\/\/handbag-sense.com\/product\/vintage-mini-classic-bolso-con-solapa-simple-negro\/"},"modified":"2025-06-20T15:48:10","modified_gmt":"2025-06-20T13:48:10","slug":"vintage-mini-classic-bolso-con-solapa-simple-negro","status":"publish","type":"product","link":"https:\/\/handbag-sense.com\/es\/producto\/vintage-mini-classic-bolso-con-solapa-simple-negro\/","title":{"rendered":"Vintage Mini Classic Bolso con solapa simple negro"},"content":{"rendered":"<div class=\"c-columns-m-1 c-columns-2 c-columns-gap-s\">\n<div><strong>Material:<\/strong> Cordero<br \/>\n<strong>Color:<\/strong> Negro<br \/>\n<strong>Elementos met\u00e1licos:<\/strong> Herrajes de oro<br \/>\n<strong>Material interior:<\/strong> Cuero Burdeos<\/div>\n<div><strong>Calificaci\u00f3n: <\/strong> 4  <img decoding=\"async\" class=\"info_box alignnone size-medium wp-image-885\" title=\"Informaci\u00f3n\" role=\"img\" src=\"https:\/\/handbag-sense.com\/wp-content\/uploads\/2023\/05\/info_icon.svg\" alt=\"Cuadro de informaci\u00f3n\" width=\"15\" height=\"15\"><br \/>\n<strong>A\u00f1o de producci\u00f3n\/carta:<\/strong> 1992-94, a partir de 241...<br \/>\n<strong>Tama\u00f1o:<\/strong> 21 x 14 x 6 cm<\/div>\n<\/div>\n<p><strong>Incluye:<\/strong> Certificado de autenticidad de Entrupy<\/p>\n","protected":false},"excerpt":{"rendered":"<p><strong>Chanel Vintage Mini Classic Bolso Single Solapa Negro<\/strong>. Esta exquisita solapa vintage Mini Single, confeccionada en piel de cordero en negro cl\u00e1sico, se acent\u00faa con un mech\u00f3n de color dorado, que captura a la perfecci\u00f3n el inconfundible glamour de Chanel. La correa de cadena trenzada, que mide 115 cm de longitud, permite opciones de uso vers\u00e1tiles: elegantemente sobre el hombro o casualmente como bandolera. La bolsa consta de un compartimento principal, un compartimento auxiliar frontal, un bolsillo doble y un bolsillo con cremallera, que ofrece un amplio espacio para todos los art\u00edculos esenciales del d\u00eda a d\u00eda. El interior del bolso es de un noble tinto vino. El exterior de la bolsa solo muestra ligeros signos de desgaste, y las esquinas est\u00e1n bien conservadas, lo que subraya el cuidadoso manejo que ha recibido. El interior tambi\u00e9n se presenta en muy buenas condiciones con m\u00ednimos signos de desgaste. El hardware tambi\u00e9n est\u00e1 en muy buenas condiciones. En general, este Chanel Mini Single Flap est\u00e1 en excelentes condiciones y es una opci\u00f3n perfecta para los amantes del Chanel vintage y la artesan\u00eda exquisita. Con sus aproximadamente 30 a\u00f1os de historia, este bolso no es solo un accesorio de moda, sino una verdadera pieza de la historia de la moda que merece un lugar especial en cualquier colecci\u00f3n.<\/p>\n","protected":false},"featured_media":10465,"template":"","meta":[],"product_brand":[2418],"product_cat":[1813,1860,1818,1838,1820],"product_tag":[2009,2011],"class_list":{"0":"post-10452","1":"product","2":"type-product","3":"status-publish","4":"has-post-thumbnail","6":"product_brand-chanel-es","7":"product_cat-bolso","8":"product_cat-bandolera","9":"product_cat-bolso-pequeno","10":"product_cat-bolso-de-noche","11":"product_cat-bolso-cruzado","12":"product_tag-chanel-vintage-mini-es","13":"product_tag-chanel-vintage-solapa-simple","14":"pa_brand-chanel-es","15":"pa_chanel-models-timeless-classique-es","16":"pa_chanel-models-vintage-es","17":"pa_color-negro","18":"pa_grade-grado-4","19":"pa_material-cuero","21":"first","22":"instock","23":"shipping-taxable","24":"purchasable","25":"product-type-simple"},"_links":{"self":[{"href":"https:\/\/handbag-sense.com\/es\/wp-json\/wp\/v2\/product\/10452","targetHints":{"allow":["GET"]}}],"collection":[{"href":"https:\/\/handbag-sense.com\/es\/wp-json\/wp\/v2\/product"}],"about":[{"href":"https:\/\/handbag-sense.com\/es\/wp-json\/wp\/v2\/types\/product"}],"wp:featuredmedia":[{"embeddable":true,"href":"https:\/\/handbag-sense.com\/es\/wp-json\/wp\/v2\/media\/10465"}],"wp:attachment":[{"href":"https:\/\/handbag-sense.com\/es\/wp-json\/wp\/v2\/media?parent=10452"}],"wp:term":[{"taxonomy":"product_brand","embeddable":true,"href":"https:\/\/handbag-sense.com\/es\/wp-json\/wp\/v2\/product_brand?post=10452"},{"taxonomy":"product_cat","embeddable":true,"href":"https:\/\/handbag-sense.com\/es\/wp-json\/wp\/v2\/product_cat?post=10452"},{"taxonomy":"product_tag","embeddable":true,"href":"https:\/\/handbag-sense.com\/es\/wp-json\/wp\/v2\/product_tag?post=10452"}],"curies":[{"name":"wp","href":"https:\/\/api.w.org\/{rel}","templated":true}]}}