{"id":10423,"date":"2023-12-27T22:21:01","date_gmt":"2023-12-27T21:21:01","guid":{"rendered":"https:\/\/handbag-sense.com\/product\/sandalias-chypre-blanco-para-hombre\/"},"modified":"2025-06-20T15:53:59","modified_gmt":"2025-06-20T13:53:59","slug":"sandalias-chypre-blanco-para-hombre","status":"publish","type":"product","link":"https:\/\/handbag-sense.com\/es\/producto\/sandalias-chypre-blanco-para-hombre\/","title":{"rendered":"Sandalias Chypre Blanco Para Hombre"},"content":{"rendered":"<div class=\"c-columns-m-1 c-columns-2 c-columns-gap-s\">\n<div><strong>Color:<\/strong> blanco\/negro<br \/>\n<strong>Material:<\/strong> Cuero \/ Caucho<\/div>\n<div><strong>Grado:<\/strong> 1  <img decoding=\"async\" class=\"info_box alignnone size-medium wp-image-885\" title=\"Informaci\u00f3n\" role=\"img\" src=\"https:\/\/handbag-sense.com\/wp-content\/uploads\/2023\/05\/info_icon.svg\" alt=\"Cuadro de informaci\u00f3n\" width=\"15\" height=\"15\"><br \/>\n<strong>Tama\u00f1o:<\/strong> 43.5<\/div>\n<\/div>\n<p><strong>Incluye:<\/strong> Bolsa para el polvo, Caja<\/p>\n","protected":false},"excerpt":{"rendered":"<p><strong>Sandalias Herm\u00e8s Chypre Blancas para Hombre.  <\/strong>Estas sandalias Techno, confeccionadas en piel de becerro, cuentan con l\u00edneas limpias, una suela de goma ergon\u00f3mica y una correa ajustable. Combinan una est\u00e9tica casual con una comodidad sin concesiones. La suela de goma es de color negro elegante, mientras que la plantilla est\u00e1 hecha de piel de becerro negra. El interior cuenta con un forro de piel de cabra blanca que le da un toque lujoso. Ad\u00e9ntrate en el mundo del estilo natural y la comodidad excepcional con estas sandalias Herm\u00e8s Chipre. Los <strong>Herm\u00e8s Chypre <\/strong>son nuevos y nunca se han usado.<\/p>\n","protected":false},"featured_media":10448,"template":"","meta":[],"product_brand":[2433],"product_cat":[1955],"product_tag":[1956,1957],"class_list":{"0":"post-10423","1":"product","2":"type-product","3":"status-publish","4":"has-post-thumbnail","6":"product_brand-hermes-es","7":"product_cat-calzado","8":"product_tag-hermes-chypre-blanco","9":"product_tag-sandalias-blancas-chipre","10":"pa_brand-hermes-es","11":"pa_color-beige-es","12":"pa_color-lila-es","13":"pa_color-multicolor","14":"pa_color-desnudo","15":"pa_color-rosa-es","16":"pa_color-blanco","17":"pa_grade-grado-1","18":"pa_material-cuero","20":"first","21":"outofstock","22":"shipping-taxable","23":"product-type-simple"},"_links":{"self":[{"href":"https:\/\/handbag-sense.com\/es\/wp-json\/wp\/v2\/product\/10423","targetHints":{"allow":["GET"]}}],"collection":[{"href":"https:\/\/handbag-sense.com\/es\/wp-json\/wp\/v2\/product"}],"about":[{"href":"https:\/\/handbag-sense.com\/es\/wp-json\/wp\/v2\/types\/product"}],"wp:featuredmedia":[{"embeddable":true,"href":"https:\/\/handbag-sense.com\/es\/wp-json\/wp\/v2\/media\/10448"}],"wp:attachment":[{"href":"https:\/\/handbag-sense.com\/es\/wp-json\/wp\/v2\/media?parent=10423"}],"wp:term":[{"taxonomy":"product_brand","embeddable":true,"href":"https:\/\/handbag-sense.com\/es\/wp-json\/wp\/v2\/product_brand?post=10423"},{"taxonomy":"product_cat","embeddable":true,"href":"https:\/\/handbag-sense.com\/es\/wp-json\/wp\/v2\/product_cat?post=10423"},{"taxonomy":"product_tag","embeddable":true,"href":"https:\/\/handbag-sense.com\/es\/wp-json\/wp\/v2\/product_tag?post=10423"}],"curies":[{"name":"wp","href":"https:\/\/api.w.org\/{rel}","templated":true}]}}