{"id":10418,"date":"2024-01-05T18:00:26","date_gmt":"2024-01-05T17:00:26","guid":{"rendered":"https:\/\/handbag-sense.com\/product\/bolso-maxi-timeless-con-solapa-amarillo\/"},"modified":"2025-06-20T15:53:14","modified_gmt":"2025-06-20T13:53:14","slug":"bolso-maxi-timeless-con-solapa-amarillo","status":"publish","type":"product","link":"https:\/\/handbag-sense.com\/es\/producto\/bolso-maxi-timeless-con-solapa-amarillo\/","title":{"rendered":"Bolso Maxi Timeless con Solapa Amarillo"},"content":{"rendered":"<div class=\"c-columns-m-1 c-columns-2 c-columns-gap-s\">\n<div><strong>Material:<\/strong> Cuero de caviar<br \/>\n<strong>Color:<\/strong> Amarillo<br \/>\n<strong>Elementos met\u00e1licos:<\/strong> Herrajes plateados<br \/>\n<strong>Material interior:<\/strong> Cuero<\/div>\n<div><strong>Calificaci\u00f3n: <\/strong>4  <img decoding=\"async\" class=\"info_box alignnone size-medium wp-image-885\" title=\"Informaci\u00f3n\" role=\"img\" src=\"https:\/\/handbag-sense.com\/wp-content\/uploads\/2023\/05\/info_icon.svg\" alt=\"Cuadro de informaci\u00f3n\" width=\"15\" height=\"15\"><br \/>\n<strong>A\u00f1o de producci\u00f3n\/c\u00f3digo de serie:<\/strong> 2010, a partir de 132...<br \/>\n<strong>Tama\u00f1o:<\/strong> 33 x 23 x 10 cm<\/div>\n<\/div>\n<p><strong>Incluye:<\/strong> Tarjeta de autenticidad, bolsa para el polvo, caja<\/p>\n","protected":false},"excerpt":{"rendered":"<p><strong>Chanel Timeless Maxi Bolso con Solapa Amarillo.<\/strong>  El bolso Maxi Flap es un Chanel cl\u00e1sico y atemporal. Este bolso es ideal para cualquier ocasi\u00f3n y tiene espacio suficiente para todo. El bolso Chanel Maxi Flap es de piel caviar amarilla con herrajes plateados y cuenta con una solapa frontal con cierre giratorio CC caracter\u00edstico, un bolsillo trasero en forma de media luna y un eslab\u00f3n de cadena ajustable entrelazado en tono plateado y una correa de hombro de cuero amarillo. La bolsa se divide en un compartimento principal, un bolsillo y un compartimento con cremallera. El forro es de piel de color amarillo. El bolso se puede llevar colgado del hombro, as\u00ed como cruzado. Un bolso c\u00f3modo y elegante que es uno de los cl\u00e1sicos populares de Chanel. El bolso fue usado cuidadosamente y est\u00e1 en muy buenas condiciones, viene con una bolsa para el polvo de Chanel, una caja de Chanel y una tarjeta de autenticidad.<\/p>\n","protected":false},"featured_media":10432,"template":"","meta":[],"product_brand":[2418],"product_cat":[1813],"product_tag":[1945,1946,1944],"class_list":{"0":"post-10418","1":"product","2":"type-product","3":"status-publish","4":"has-post-thumbnail","6":"product_brand-chanel-es","7":"product_cat-bolso","8":"product_tag-chanel-clasico-medio","9":"product_tag-chanel-rosa-es","10":"product_tag-chanel-rosa-medio","11":"pa_brand-chanel-es","12":"pa_chanel-models-timeless-classique-es","13":"pa_color-rosado","14":"pa_color-rosa-es","15":"pa_grade-grado-4","16":"pa_material-cuero","18":"first","19":"outofstock","20":"sold-individually","21":"product-type-simple"},"_links":{"self":[{"href":"https:\/\/handbag-sense.com\/es\/wp-json\/wp\/v2\/product\/10418","targetHints":{"allow":["GET"]}}],"collection":[{"href":"https:\/\/handbag-sense.com\/es\/wp-json\/wp\/v2\/product"}],"about":[{"href":"https:\/\/handbag-sense.com\/es\/wp-json\/wp\/v2\/types\/product"}],"wp:featuredmedia":[{"embeddable":true,"href":"https:\/\/handbag-sense.com\/es\/wp-json\/wp\/v2\/media\/10432"}],"wp:attachment":[{"href":"https:\/\/handbag-sense.com\/es\/wp-json\/wp\/v2\/media?parent=10418"}],"wp:term":[{"taxonomy":"product_brand","embeddable":true,"href":"https:\/\/handbag-sense.com\/es\/wp-json\/wp\/v2\/product_brand?post=10418"},{"taxonomy":"product_cat","embeddable":true,"href":"https:\/\/handbag-sense.com\/es\/wp-json\/wp\/v2\/product_cat?post=10418"},{"taxonomy":"product_tag","embeddable":true,"href":"https:\/\/handbag-sense.com\/es\/wp-json\/wp\/v2\/product_tag?post=10418"}],"curies":[{"name":"wp","href":"https:\/\/api.w.org\/{rel}","templated":true}]}}