{"id":10417,"date":"2023-12-29T17:20:58","date_gmt":"2023-12-29T16:20:58","guid":{"rendered":"https:\/\/handbag-sense.com\/product\/rodeo-pegasus-pm-gold-vert-cypres-vert-fizz\/"},"modified":"2025-06-20T15:53:35","modified_gmt":"2025-06-20T13:53:35","slug":"rodeo-pegasus-pm-gold-vert-cypres-vert-fizz","status":"publish","type":"product","link":"https:\/\/handbag-sense.com\/es\/producto\/rodeo-pegasus-pm-gold-vert-cypres-vert-fizz\/","title":{"rendered":"Rodeo Pegasus PM Gold \/ Vert Cypr\u00e8s \/ Vert Fizz"},"content":{"rendered":"<div class=\"c-columns-m-1 c-columns-2 c-columns-gap-s\">\n<div><strong>Color:<\/strong> Oro \/ Cipr\u00e9s Vert \/ Efervescencia Vert<br \/>\n<strong>Material:<\/strong> Cordero<\/div>\n<div><strong>Grado:<\/strong> 1  <img decoding=\"async\" class=\"info_box alignnone size-medium wp-image-885\" title=\"Informaci\u00f3n\" role=\"img\" src=\"https:\/\/handbag-sense.com\/wp-content\/uploads\/2023\/05\/info_icon.svg\" alt=\"Cuadro de informaci\u00f3n\" width=\"15\" height=\"15\"><br \/>\n<strong>Tama\u00f1o:<\/strong> 9 x 7,5 cm<\/div>\n<\/div>\n<p><strong>Incluye:<\/strong> Caja<\/p>\n","protected":false},"excerpt":{"rendered":"<p><strong>Rodeo Pegasus PM Gold \/ Vert Cypr\u00e8s \/ Vert Fizz.  <\/strong>Rodeo Pegasus PM Charm est\u00e1 hecho de piel de cordero Milo en los tres colores: Gold, Vert Cypr\u00e8s y Vert Fizz. Todo lo que necesitas hacer es atarlo alrededor del asa de un bolso para darle un toque de fantas\u00eda a la vida cotidiana e imaginar un viaje a nuevos horizontes. El Charm tricolor Rodeo Pegasus es nuevo y viene en la caja original de Hermes.<\/p>\n","protected":false},"featured_media":10430,"template":"","meta":[],"product_brand":[2433],"product_cat":[1822],"product_tag":[2001,2002],"class_list":{"0":"post-10417","1":"product","2":"type-product","3":"status-publish","4":"has-post-thumbnail","6":"product_brand-hermes-es","7":"product_cat-accesorio","8":"product_tag-amuleto-pegasus-pm","9":"product_tag-pegaso-tricolor","10":"pa_brand-hermes-es","11":"pa_color-beige-es","12":"pa_color-lila-es","13":"pa_color-multicolor","14":"pa_color-desnudo","15":"pa_color-rosa-es","16":"pa_color-blanco","17":"pa_grade-grado-1","18":"pa_material-cuero","20":"first","21":"instock","22":"shipping-taxable","23":"purchasable","24":"product-type-simple"},"_links":{"self":[{"href":"https:\/\/handbag-sense.com\/es\/wp-json\/wp\/v2\/product\/10417","targetHints":{"allow":["GET"]}}],"collection":[{"href":"https:\/\/handbag-sense.com\/es\/wp-json\/wp\/v2\/product"}],"about":[{"href":"https:\/\/handbag-sense.com\/es\/wp-json\/wp\/v2\/types\/product"}],"wp:featuredmedia":[{"embeddable":true,"href":"https:\/\/handbag-sense.com\/es\/wp-json\/wp\/v2\/media\/10430"}],"wp:attachment":[{"href":"https:\/\/handbag-sense.com\/es\/wp-json\/wp\/v2\/media?parent=10417"}],"wp:term":[{"taxonomy":"product_brand","embeddable":true,"href":"https:\/\/handbag-sense.com\/es\/wp-json\/wp\/v2\/product_brand?post=10417"},{"taxonomy":"product_cat","embeddable":true,"href":"https:\/\/handbag-sense.com\/es\/wp-json\/wp\/v2\/product_cat?post=10417"},{"taxonomy":"product_tag","embeddable":true,"href":"https:\/\/handbag-sense.com\/es\/wp-json\/wp\/v2\/product_tag?post=10417"}],"curies":[{"name":"wp","href":"https:\/\/api.w.org\/{rel}","templated":true}]}}